{"id":4393,"date":"2024-01-04T11:55:39","date_gmt":"2024-01-04T16:55:39","guid":{"rendered":"https:\/\/www.perurail.com\/?page_id=4393"},"modified":"2026-04-10T23:23:34","modified_gmt":"2026-04-11T04:23:34","slug":"modificaciones-de-ticket","status":"publish","type":"page","link":"https:\/\/www.perurail.com\/es\/modificaciones-de-ticket\/","title":{"rendered":"MODIFICACIONES DE TICKET"},"content":{"rendered":"\t\t<div data-elementor-type=\"wp-page\" data-elementor-id=\"4393\" class=\"elementor elementor-4393\" data-elementor-post-type=\"page\">\n\t\t\t\t\t\t<section class=\"elementor-section elementor-top-section elementor-element elementor-element-21e9ccc6 elementor-section-boxed elementor-section-height-default elementor-section-height-default\" data-id=\"21e9ccc6\" data-element_type=\"section\" data-settings=\"{&quot;background_background&quot;:&quot;classic&quot;}\">\n\t\t\t\t\t\t\t<div class=\"elementor-background-overlay\"><\/div>\n\t\t\t\t\t\t\t<div class=\"elementor-container elementor-column-gap-default\">\n\t\t\t\t\t<div class=\"elementor-column elementor-col-100 elementor-top-column elementor-element elementor-element-2ac9ae5f\" data-id=\"2ac9ae5f\" data-element_type=\"column\">\n\t\t\t<div class=\"elementor-widget-wrap elementor-element-populated\">\n\t\t\t\t\t\t<div class=\"elementor-element elementor-element-1abd3678 elementor-widget elementor-widget-heading\" data-id=\"1abd3678\" data-element_type=\"widget\" data-widget_type=\"heading.default\">\n\t\t\t\t<div class=\"elementor-widget-container\">\n\t\t\t\t\t<h2 class=\"elementor-heading-title elementor-size-default\">Modificaciones de Ticket<\/h2>\t\t\t\t<\/div>\n\t\t\t\t<\/div>\n\t\t\t\t\t<\/div>\n\t\t<\/div>\n\t\t\t\t\t<\/div>\n\t\t<\/section>\n\t\t\t\t<section class=\"elementor-section elementor-top-section elementor-element elementor-element-1a1c979a queso elementor-section-boxed elementor-section-height-default elementor-section-height-default\" data-id=\"1a1c979a\" data-element_type=\"section\" data-settings=\"{&quot;background_background&quot;:&quot;gradient&quot;}\">\n\t\t\t\t\t\t\t<div class=\"elementor-background-overlay\"><\/div>\n\t\t\t\t\t\t\t<div class=\"elementor-container elementor-column-gap-default\">\n\t\t\t\t\t<div class=\"elementor-column elementor-col-100 elementor-top-column elementor-element elementor-element-6145f5d6\" data-id=\"6145f5d6\" data-element_type=\"column\">\n\t\t\t<div class=\"elementor-widget-wrap elementor-element-populated\">\n\t\t\t\t\t\t<div class=\"elementor-element elementor-element-39646c68 elementor-widget elementor-widget-html\" data-id=\"39646c68\" data-element_type=\"widget\" data-widget_type=\"html.default\">\n\t\t\t\t<div class=\"elementor-widget-container\">\n\t\t\t\t\t<iframe id=\"responsiveIframe\" frameborder=\"0\" style=\"height:1900px;width:99%;border:none;\" src='https:\/\/forms.zohopublic.com\/perurail\/form\/ModificacionesdeTicket\/formperma\/nyKD-BTBLsS8gZw_7MhIPbB1GDy1UmTF0W5YfYxTQ8I?zf_lang=es'><\/iframe>\t\t\t\t<\/div>\n\t\t\t\t<\/div>\n\t\t\t\t\t<\/div>\n\t\t<\/div>\n\t\t\t\t\t<\/div>\n\t\t<\/section>\n\t\t\t\t<\/div>\n\t\t","protected":false},"excerpt":{"rendered":"<p>Modificaciones de Ticket<\/p>\n","protected":false},"author":2,"featured_media":0,"parent":0,"menu_order":0,"comment_status":"closed","ping_status":"closed","template":"","meta":{"site-sidebar-layout":"no-sidebar","site-content-layout":"page-builder","ast-site-content-layout":"full-width-container","site-content-style":"default","site-sidebar-style":"default","ast-global-header-display":"","ast-banner-title-visibility":"","ast-main-header-display":"","ast-hfb-above-header-display":"","ast-hfb-below-header-display":"","ast-hfb-mobile-header-display":"","site-post-title":"disabled","ast-breadcrumbs-content":"","ast-featured-img":"disabled","footer-sml-layout":"","theme-transparent-header-meta":"","adv-header-id-meta":"","stick-header-meta":"","header-above-stick-meta":"","header-main-stick-meta":"","header-below-stick-meta":"","astra-migrate-meta-layouts":"default","ast-page-background-enabled":"default","ast-page-background-meta":{"desktop":{"background-color":"var(--ast-global-color-4)","background-image":"","background-repeat":"repeat","background-position":"center center","background-size":"auto","background-attachment":"scroll","background-type":"","background-media":"","overlay-type":"","overlay-color":"","overlay-gradient":""},"tablet":{"background-color":"","background-image":"","background-repeat":"repeat","background-position":"center center","background-size":"auto","background-attachment":"scroll","background-type":"","background-media":"","overlay-type":"","overlay-color":"","overlay-gradient":""},"mobile":{"background-color":"","background-image":"","background-repeat":"repeat","background-position":"center center","background-size":"auto","background-attachment":"scroll","background-type":"","background-media":"","overlay-type":"","overlay-color":"","overlay-gradient":""}},"ast-content-background-meta":{"desktop":{"background-color":"var(--ast-global-color-5)","background-image":"","background-repeat":"repeat","background-position":"center center","background-size":"auto","background-attachment":"scroll","background-type":"","background-media":"","overlay-type":"","overlay-color":"","overlay-gradient":""},"tablet":{"background-color":"var(--ast-global-color-5)","background-image":"","background-repeat":"repeat","background-position":"center center","background-size":"auto","background-attachment":"scroll","background-type":"","background-media":"","overlay-type":"","overlay-color":"","overlay-gradient":""},"mobile":{"background-color":"var(--ast-global-color-5)","background-image":"","background-repeat":"repeat","background-position":"center center","background-size":"auto","background-attachment":"scroll","background-type":"","background-media":"","overlay-type":"","overlay-color":"","overlay-gradient":""}},"footnotes":""},"class_list":["post-4393","page","type-page","status-publish","hentry"],"yoast_head":"<!-- This site is optimized with the Yoast SEO plugin v25.9 - https:\/\/yoast.com\/wordpress\/plugins\/seo\/ -->\n<title>Modificaci\u00f3n de boletos de tren | PeruRail<\/title>\n<meta name=\"description\" content=\"Ent\u00e9rate cu\u00e1l es el procedimiento para solicitar la modificaci\u00f3n de tu boleto de tren: cambio de fecha, servicio de tren, y m\u00e1s. \u00a1Entra aqu\u00ed!\" \/>\n<meta name=\"robots\" content=\"index, follow, max-snippet:-1, max-image-preview:large, max-video-preview:-1\" \/>\n<link rel=\"canonical\" href=\"https:\/\/www.perurail.com\/es\/modificaciones-de-ticket\/\" \/>\n<meta property=\"og:locale\" content=\"es_ES\" \/>\n<meta property=\"og:type\" content=\"article\" \/>\n<meta property=\"og:title\" content=\"Modificaci\u00f3n de boletos de tren | PeruRail\" \/>\n<meta property=\"og:description\" content=\"Ent\u00e9rate cu\u00e1l es el procedimiento para solicitar la modificaci\u00f3n de tu boleto de tren: cambio de fecha, servicio de tren, y m\u00e1s. \u00a1Entra aqu\u00ed!\" \/>\n<meta property=\"og:url\" content=\"https:\/\/www.perurail.com\/es\/modificaciones-de-ticket\/\" \/>\n<meta property=\"og:site_name\" content=\"Train to Machu Picchu - Ollantaytambo - Cusco | Peru Rail | Deals | Perurail\" \/>\n<meta property=\"article:modified_time\" content=\"2026-04-11T04:23:34+00:00\" \/>\n<meta name=\"twitter:card\" content=\"summary_large_image\" \/>\n<meta name=\"twitter:label1\" content=\"Tiempo de lectura\" \/>\n\t<meta name=\"twitter:data1\" content=\"1 minuto\" \/>\n<script type=\"application\/ld+json\" class=\"yoast-schema-graph\">{\"@context\":\"https:\/\/schema.org\",\"@graph\":[{\"@type\":\"WebPage\",\"@id\":\"https:\/\/www.perurail.com\/es\/modificaciones-de-ticket\/\",\"url\":\"https:\/\/www.perurail.com\/es\/modificaciones-de-ticket\/\",\"name\":\"Modificaci\u00f3n de boletos de tren | PeruRail\",\"isPartOf\":{\"@id\":\"https:\/\/www.perurail.com\/es\/#website\"},\"datePublished\":\"2024-01-04T16:55:39+00:00\",\"dateModified\":\"2026-04-11T04:23:34+00:00\",\"description\":\"Ent\u00e9rate cu\u00e1l es el procedimiento para solicitar la modificaci\u00f3n de tu boleto de tren: cambio de fecha, servicio de tren, y m\u00e1s. \u00a1Entra aqu\u00ed!\",\"inLanguage\":\"es\",\"potentialAction\":[{\"@type\":\"ReadAction\",\"target\":[\"https:\/\/www.perurail.com\/es\/modificaciones-de-ticket\/\"]}]},{\"@type\":\"WebSite\",\"@id\":\"https:\/\/www.perurail.com\/es\/#website\",\"url\":\"https:\/\/www.perurail.com\/es\/\",\"name\":\"Train to Machu Picchu - Ollantaytambo - Cusco | Peru Rail | Deals | Perurail\",\"description\":\"\",\"potentialAction\":[{\"@type\":\"SearchAction\",\"target\":{\"@type\":\"EntryPoint\",\"urlTemplate\":\"https:\/\/www.perurail.com\/es\/?s={search_term_string}\"},\"query-input\":{\"@type\":\"PropertyValueSpecification\",\"valueRequired\":true,\"valueName\":\"search_term_string\"}}],\"inLanguage\":\"es\"}]}<\/script>\n<!-- \/ Yoast SEO plugin. -->","yoast_head_json":{"title":"Modificaci\u00f3n de boletos de tren | PeruRail","description":"Ent\u00e9rate cu\u00e1l es el procedimiento para solicitar la modificaci\u00f3n de tu boleto de tren: cambio de fecha, servicio de tren, y m\u00e1s. \u00a1Entra aqu\u00ed!","robots":{"index":"index","follow":"follow","max-snippet":"max-snippet:-1","max-image-preview":"max-image-preview:large","max-video-preview":"max-video-preview:-1"},"canonical":"https:\/\/www.perurail.com\/es\/modificaciones-de-ticket\/","og_locale":"es_ES","og_type":"article","og_title":"Modificaci\u00f3n de boletos de tren | PeruRail","og_description":"Ent\u00e9rate cu\u00e1l es el procedimiento para solicitar la modificaci\u00f3n de tu boleto de tren: cambio de fecha, servicio de tren, y m\u00e1s. \u00a1Entra aqu\u00ed!","og_url":"https:\/\/www.perurail.com\/es\/modificaciones-de-ticket\/","og_site_name":"Train to Machu Picchu - Ollantaytambo - Cusco | Peru Rail | Deals | Perurail","article_modified_time":"2026-04-11T04:23:34+00:00","twitter_card":"summary_large_image","twitter_misc":{"Tiempo de lectura":"1 minuto"},"schema":{"@context":"https:\/\/schema.org","@graph":[{"@type":"WebPage","@id":"https:\/\/www.perurail.com\/es\/modificaciones-de-ticket\/","url":"https:\/\/www.perurail.com\/es\/modificaciones-de-ticket\/","name":"Modificaci\u00f3n de boletos de tren | PeruRail","isPartOf":{"@id":"https:\/\/www.perurail.com\/es\/#website"},"datePublished":"2024-01-04T16:55:39+00:00","dateModified":"2026-04-11T04:23:34+00:00","description":"Ent\u00e9rate cu\u00e1l es el procedimiento para solicitar la modificaci\u00f3n de tu boleto de tren: cambio de fecha, servicio de tren, y m\u00e1s. \u00a1Entra aqu\u00ed!","inLanguage":"es","potentialAction":[{"@type":"ReadAction","target":["https:\/\/www.perurail.com\/es\/modificaciones-de-ticket\/"]}]},{"@type":"WebSite","@id":"https:\/\/www.perurail.com\/es\/#website","url":"https:\/\/www.perurail.com\/es\/","name":"Train to Machu Picchu - Ollantaytambo - Cusco | Peru Rail | Deals | Perurail","description":"","potentialAction":[{"@type":"SearchAction","target":{"@type":"EntryPoint","urlTemplate":"https:\/\/www.perurail.com\/es\/?s={search_term_string}"},"query-input":{"@type":"PropertyValueSpecification","valueRequired":true,"valueName":"search_term_string"}}],"inLanguage":"es"}]}},"_links":{"self":[{"href":"https:\/\/www.perurail.com\/es\/wp-json\/wp\/v2\/pages\/4393","targetHints":{"allow":["GET"]}}],"collection":[{"href":"https:\/\/www.perurail.com\/es\/wp-json\/wp\/v2\/pages"}],"about":[{"href":"https:\/\/www.perurail.com\/es\/wp-json\/wp\/v2\/types\/page"}],"author":[{"embeddable":true,"href":"https:\/\/www.perurail.com\/es\/wp-json\/wp\/v2\/users\/2"}],"replies":[{"embeddable":true,"href":"https:\/\/www.perurail.com\/es\/wp-json\/wp\/v2\/comments?post=4393"}],"version-history":[{"count":12,"href":"https:\/\/www.perurail.com\/es\/wp-json\/wp\/v2\/pages\/4393\/revisions"}],"predecessor-version":[{"id":106278,"href":"https:\/\/www.perurail.com\/es\/wp-json\/wp\/v2\/pages\/4393\/revisions\/106278"}],"wp:attachment":[{"href":"https:\/\/www.perurail.com\/es\/wp-json\/wp\/v2\/media?parent=4393"}],"curies":[{"name":"wp","href":"https:\/\/api.w.org\/{rel}","templated":true}]}}