{"id":4806,"date":"2024-01-04T12:16:58","date_gmt":"2024-01-04T17:16:58","guid":{"rendered":"https:\/\/www.perurail.com\/?page_id=4806"},"modified":"2026-04-10T18:03:47","modified_gmt":"2026-04-10T23:03:47","slug":"politica-de-sistema-integrado-de-gestion","status":"publish","type":"page","link":"https:\/\/www.perurail.com\/es\/politica-de-sistema-integrado-de-gestion\/","title":{"rendered":"POLITICA DE SISTEMA INTEGRADO DE GESTION"},"content":{"rendered":"\t\t<div data-elementor-type=\"wp-page\" data-elementor-id=\"4806\" class=\"elementor elementor-4806\" data-elementor-post-type=\"page\">\n\t\t\t\t\t\t<section class=\"elementor-section elementor-top-section elementor-element elementor-element-2dc3e8d3 elementor-section-boxed elementor-section-height-default elementor-section-height-default\" data-id=\"2dc3e8d3\" data-element_type=\"section\" data-settings=\"{&quot;background_background&quot;:&quot;classic&quot;}\">\n\t\t\t\t\t\t\t<div class=\"elementor-background-overlay\"><\/div>\n\t\t\t\t\t\t\t<div class=\"elementor-container elementor-column-gap-default\">\n\t\t\t\t\t<div class=\"elementor-column elementor-col-100 elementor-top-column elementor-element elementor-element-58bbc5b7\" data-id=\"58bbc5b7\" data-element_type=\"column\">\n\t\t\t<div class=\"elementor-widget-wrap elementor-element-populated\">\n\t\t\t\t\t\t<div class=\"elementor-element elementor-element-2003ae91 elementor-widget elementor-widget-heading\" data-id=\"2003ae91\" data-element_type=\"widget\" data-widget_type=\"heading.default\">\n\t\t\t\t<div class=\"elementor-widget-container\">\n\t\t\t\t\t<h2 class=\"elementor-heading-title elementor-size-default\">POL\u00cdTICA DEL SISTEMA INTEGRADO DE GESTI\u00d3N<\/h2>\t\t\t\t<\/div>\n\t\t\t\t<\/div>\n\t\t\t\t\t<\/div>\n\t\t<\/div>\n\t\t\t\t\t<\/div>\n\t\t<\/section>\n\t\t\t\t<section class=\"elementor-section elementor-top-section elementor-element elementor-element-877f097 elementor-section-boxed elementor-section-height-default elementor-section-height-default\" data-id=\"877f097\" data-element_type=\"section\">\n\t\t\t\t\t\t<div class=\"elementor-container elementor-column-gap-default\">\n\t\t\t\t\t<div class=\"elementor-column elementor-col-100 elementor-top-column elementor-element elementor-element-513ba47f\" data-id=\"513ba47f\" data-element_type=\"column\">\n\t\t\t<div class=\"elementor-widget-wrap elementor-element-populated\">\n\t\t\t\t\t\t<div class=\"elementor-element elementor-element-44aace36 elementor-widget elementor-widget-text-editor\" data-id=\"44aace36\" data-element_type=\"widget\" data-widget_type=\"text-editor.default\">\n\t\t\t\t<div class=\"elementor-widget-container\">\n\t\t\t\t\t\t\t\t\t<p><strong>PeruRail S.A.<\/strong> es una empresa operadora ferroviaria de est\u00e1ndares internacionales, comprometida con la excelencia en el <strong>transporte de pasajeros y carga<\/strong>. Operamos con la convicci\u00f3n de que <strong>la seguridad, la calidad y el cuidado de las personas no son condiciones m\u00ednimas, sino nuestra forma de hacer las cosas<\/strong>.<\/p><p>La organizaci\u00f3n ha implementado un <strong>Sistema Integrado de Gesti\u00f3n (SIG) que articula la seguridad operacional, la calidad, la seguridad y salud en el trabajo, y la protecci\u00f3n del medio ambiente<\/strong> como un \u00fanico compromiso con nuestros clientes, nuestra gente y el pa\u00eds.<\/p><p>La alta direcci\u00f3n asume y promueve los siguientes compromisos:<\/p><ol><li>La experiencia y satisfacci\u00f3n de nuestros clientes: Garantizamos servicios seguros, confiables y de alta calidad. Escuchamos a nuestros clientes y buscamos superar sus expectativas en cada servicio.<\/li><li>Respetamos siempre las normas: Cumplimos la legislaci\u00f3n vigente, los requisitos de nuestros clientes y otros requisitos que la organizaci\u00f3n suscriba. Aspiramos siempre a ir m\u00e1s all\u00e1.<\/li><li>Seguridad operacional y seguridad y salud en el trabajo como un valor no negociable: Las personas primero. Gestionamos los riesgos para las personas y la operaci\u00f3n, con rigor y enfoque preventivo. Priorizamos la eliminaci\u00f3n de peligros en su origen y la protecci\u00f3n de la vida como valor no negociable en cada kil\u00f3metro que operamos.<\/li><li>Una cultura donde hablar es lo correcto: Fomentamos un entorno donde cada persona se sienta segura de reportar condiciones inseguras, incidentes o riesgos sin temor. Aprendemos de cada reporte y somos claros sobre los comportamientos que no son aceptables en nuestra operaci\u00f3n.<\/li><li>Responsabilidad con nuestro entorno: Prevenimos la contaminaci\u00f3n, minimizamos nuestros impactos ambientales y gestionamos los recursos con criterios de sostenibilidad, especialmente en los ecosistemas sensibles donde operamos.<\/li><li>Nuestra gente construye el sistema: Promovemos la participaci\u00f3n activa de nuestros trabajadores y partes interesadas. Nos aseguramos de que cuenten con la formaci\u00f3n, los recursos y los espacios de consulta necesarios para contribuir a nuestra mejora continua.<\/li><li>Una pol\u00edtica que se vive, no que se archiva: La compartimos, la explicamos y nos aseguramos de que cada persona de PeruRail la entienda como propia. La revisamos cada a\u00f1o para que siempre refleje qui\u00e9nes somos, a qu\u00e9 nos comprometemos y hacia d\u00f3nde vamos.<\/li><\/ol><p>La presente pol\u00edtica es <strong>comunicada, entendida y aplicada en todos los niveles de la organizaci\u00f3n<\/strong>, revis\u00e1ndose peri\u00f3dicamente para asegurar su vigencia, adecuaci\u00f3n y alineamiento estrat\u00e9gico.<\/p>\t\t\t\t\t\t\t\t<\/div>\n\t\t\t\t<\/div>\n\t\t\t\t<section class=\"elementor-section elementor-inner-section elementor-element elementor-element-4d3a54f7 elementor-section-boxed elementor-section-height-default elementor-section-height-default\" data-id=\"4d3a54f7\" data-element_type=\"section\">\n\t\t\t\t\t\t<div class=\"elementor-container elementor-column-gap-default\">\n\t\t\t\t\t<div class=\"elementor-column elementor-col-33 elementor-inner-column elementor-element elementor-element-260cadb7\" data-id=\"260cadb7\" data-element_type=\"column\">\n\t\t\t<div class=\"elementor-widget-wrap\">\n\t\t\t\t\t\t\t<\/div>\n\t\t<\/div>\n\t\t\t\t<div class=\"elementor-column elementor-col-33 elementor-inner-column elementor-element elementor-element-1f39c9e8\" data-id=\"1f39c9e8\" data-element_type=\"column\">\n\t\t\t<div class=\"elementor-widget-wrap\">\n\t\t\t\t\t\t\t<\/div>\n\t\t<\/div>\n\t\t\t\t<div class=\"elementor-column elementor-col-33 elementor-inner-column elementor-element elementor-element-9f9b20b\" data-id=\"9f9b20b\" data-element_type=\"column\">\n\t\t\t<div class=\"elementor-widget-wrap elementor-element-populated\">\n\t\t\t\t\t\t<div class=\"elementor-element elementor-element-4e446276 elementor-widget elementor-widget-image\" data-id=\"4e446276\" data-element_type=\"widget\" data-widget_type=\"image.default\">\n\t\t\t\t<div class=\"elementor-widget-container\">\n\t\t\t\t\t\t\t\t\t\t\t\t\t\t\t<img fetchpriority=\"high\" decoding=\"async\" width=\"798\" height=\"357\" src=\"https:\/\/www.perurail.com\/wp-content\/uploads\/2026\/04\/Firma-Jose-Zarate.webp\" class=\"attachment-full size-full wp-image-106250\" alt=\"\" srcset=\"https:\/\/www.perurail.com\/wp-content\/uploads\/2026\/04\/Firma-Jose-Zarate.webp 798w, https:\/\/www.perurail.com\/wp-content\/uploads\/2026\/04\/Firma-Jose-Zarate-300x134.webp 300w, https:\/\/www.perurail.com\/wp-content\/uploads\/2026\/04\/Firma-Jose-Zarate-768x344.webp 768w\" sizes=\"(max-width: 798px) 100vw, 798px\" \/>\t\t\t\t\t\t\t\t\t\t\t\t\t\t\t<\/div>\n\t\t\t\t<\/div>\n\t\t\t\t<div class=\"elementor-element elementor-element-60389434 elementor-widget elementor-widget-text-editor\" data-id=\"60389434\" data-element_type=\"widget\" data-widget_type=\"text-editor.default\">\n\t\t\t\t<div class=\"elementor-widget-container\">\n\t\t\t\t\t\t\t\t\t<p><strong>JOS\u00c9 ZARATE<\/strong><br \/>Gerente General<br \/>PeruRail S.A.<br \/>18 de marzo del 2026 \/ Versi\u00f3n 07<\/p>\t\t\t\t\t\t\t\t<\/div>\n\t\t\t\t<\/div>\n\t\t\t\t\t<\/div>\n\t\t<\/div>\n\t\t\t\t\t<\/div>\n\t\t<\/section>\n\t\t\t\t\t<\/div>\n\t\t<\/div>\n\t\t\t\t\t<\/div>\n\t\t<\/section>\n\t\t\t\t<\/div>\n\t\t","protected":false},"excerpt":{"rendered":"<p>POL\u00cdTICA DEL SISTEMA INTEGRADO DE GESTI\u00d3N PeruRail S.A. es una empresa operadora ferroviaria de est\u00e1ndares internacionales, comprometida con la excelencia en el transporte de pasajeros y carga. Operamos con la convicci\u00f3n de que la seguridad, la calidad y el cuidado de las personas no son condiciones m\u00ednimas, sino nuestra forma de hacer las cosas. La &hellip;<\/p>\n<p class=\"read-more\"> <a class=\"\" href=\"https:\/\/www.perurail.com\/es\/politica-de-sistema-integrado-de-gestion\/\"> <span class=\"screen-reader-text\">POLITICA DE SISTEMA INTEGRADO DE GESTION<\/span> Leer m\u00e1s &raquo;<\/a><\/p>\n","protected":false},"author":2,"featured_media":0,"parent":0,"menu_order":0,"comment_status":"closed","ping_status":"closed","template":"","meta":{"site-sidebar-layout":"no-sidebar","site-content-layout":"page-builder","ast-site-content-layout":"full-width-container","site-content-style":"default","site-sidebar-style":"default","ast-global-header-display":"","ast-banner-title-visibility":"","ast-main-header-display":"","ast-hfb-above-header-display":"","ast-hfb-below-header-display":"","ast-hfb-mobile-header-display":"","site-post-title":"disabled","ast-breadcrumbs-content":"","ast-featured-img":"disabled","footer-sml-layout":"","theme-transparent-header-meta":"","adv-header-id-meta":"","stick-header-meta":"","header-above-stick-meta":"","header-main-stick-meta":"","header-below-stick-meta":"","astra-migrate-meta-layouts":"default","ast-page-background-enabled":"default","ast-page-background-meta":{"desktop":{"background-color":"var(--ast-global-color-4)","background-image":"","background-repeat":"repeat","background-position":"center center","background-size":"auto","background-attachment":"scroll","background-type":"","background-media":"","overlay-type":"","overlay-color":"","overlay-gradient":""},"tablet":{"background-color":"","background-image":"","background-repeat":"repeat","background-position":"center center","background-size":"auto","background-attachment":"scroll","background-type":"","background-media":"","overlay-type":"","overlay-color":"","overlay-gradient":""},"mobile":{"background-color":"","background-image":"","background-repeat":"repeat","background-position":"center center","background-size":"auto","background-attachment":"scroll","background-type":"","background-media":"","overlay-type":"","overlay-color":"","overlay-gradient":""}},"ast-content-background-meta":{"desktop":{"background-color":"var(--ast-global-color-5)","background-image":"","background-repeat":"repeat","background-position":"center center","background-size":"auto","background-attachment":"scroll","background-type":"","background-media":"","overlay-type":"","overlay-color":"","overlay-gradient":""},"tablet":{"background-color":"var(--ast-global-color-5)","background-image":"","background-repeat":"repeat","background-position":"center center","background-size":"auto","background-attachment":"scroll","background-type":"","background-media":"","overlay-type":"","overlay-color":"","overlay-gradient":""},"mobile":{"background-color":"var(--ast-global-color-5)","background-image":"","background-repeat":"repeat","background-position":"center center","background-size":"auto","background-attachment":"scroll","background-type":"","background-media":"","overlay-type":"","overlay-color":"","overlay-gradient":""}},"footnotes":""},"class_list":["post-4806","page","type-page","status-publish","hentry"],"yoast_head":"<!-- This site is optimized with the Yoast SEO plugin v25.9 - https:\/\/yoast.com\/wordpress\/plugins\/seo\/ -->\n<title>POLITICA DE SISTEMA INTEGRADO DE GESTION - Train to Machu Picchu - Ollantaytambo - Cusco | Peru Rail | Deals | Perurail<\/title>\n<meta name=\"robots\" content=\"index, follow, max-snippet:-1, max-image-preview:large, max-video-preview:-1\" \/>\n<link rel=\"canonical\" href=\"https:\/\/www.perurail.com\/es\/politica-de-sistema-integrado-de-gestion\/\" \/>\n<meta property=\"og:locale\" content=\"es_ES\" \/>\n<meta property=\"og:type\" content=\"article\" \/>\n<meta property=\"og:title\" content=\"POLITICA DE SISTEMA INTEGRADO DE GESTION - Train to Machu Picchu - Ollantaytambo - Cusco | Peru Rail | Deals | Perurail\" \/>\n<meta property=\"og:description\" content=\"POL\u00cdTICA DEL SISTEMA INTEGRADO DE GESTI\u00d3N PeruRail S.A. es una empresa operadora ferroviaria de est\u00e1ndares internacionales, comprometida con la excelencia en el transporte de pasajeros y carga. Operamos con la convicci\u00f3n de que la seguridad, la calidad y el cuidado de las personas no son condiciones m\u00ednimas, sino nuestra forma de hacer las cosas. La &hellip; POLITICA DE SISTEMA INTEGRADO DE GESTION Leer m\u00e1s &raquo;\" \/>\n<meta property=\"og:url\" content=\"https:\/\/www.perurail.com\/es\/politica-de-sistema-integrado-de-gestion\/\" \/>\n<meta property=\"og:site_name\" content=\"Train to Machu Picchu - Ollantaytambo - Cusco | Peru Rail | Deals | Perurail\" \/>\n<meta property=\"article:modified_time\" content=\"2026-04-10T23:03:47+00:00\" \/>\n<meta property=\"og:image\" content=\"https:\/\/www.perurail.com\/wp-content\/uploads\/2026\/04\/Firma-Jose-Zarate.webp\" \/>\n\t<meta property=\"og:image:width\" content=\"798\" \/>\n\t<meta property=\"og:image:height\" content=\"357\" \/>\n\t<meta property=\"og:image:type\" content=\"image\/webp\" \/>\n<meta name=\"twitter:card\" content=\"summary_large_image\" \/>\n<meta name=\"twitter:label1\" content=\"Tiempo de lectura\" \/>\n\t<meta name=\"twitter:data1\" content=\"2 minutos\" \/>\n<script type=\"application\/ld+json\" class=\"yoast-schema-graph\">{\"@context\":\"https:\/\/schema.org\",\"@graph\":[{\"@type\":\"WebPage\",\"@id\":\"https:\/\/www.perurail.com\/es\/politica-de-sistema-integrado-de-gestion\/\",\"url\":\"https:\/\/www.perurail.com\/es\/politica-de-sistema-integrado-de-gestion\/\",\"name\":\"POLITICA DE SISTEMA INTEGRADO DE GESTION - Train to Machu Picchu - Ollantaytambo - Cusco | Peru Rail | Deals | Perurail\",\"isPartOf\":{\"@id\":\"https:\/\/www.perurail.com\/es\/#website\"},\"primaryImageOfPage\":{\"@id\":\"https:\/\/www.perurail.com\/es\/politica-de-sistema-integrado-de-gestion\/#primaryimage\"},\"image\":{\"@id\":\"https:\/\/www.perurail.com\/es\/politica-de-sistema-integrado-de-gestion\/#primaryimage\"},\"thumbnailUrl\":\"https:\/\/www.perurail.com\/wp-content\/uploads\/2026\/04\/Firma-Jose-Zarate.webp\",\"datePublished\":\"2024-01-04T17:16:58+00:00\",\"dateModified\":\"2026-04-10T23:03:47+00:00\",\"inLanguage\":\"es\",\"potentialAction\":[{\"@type\":\"ReadAction\",\"target\":[\"https:\/\/www.perurail.com\/es\/politica-de-sistema-integrado-de-gestion\/\"]}]},{\"@type\":\"ImageObject\",\"inLanguage\":\"es\",\"@id\":\"https:\/\/www.perurail.com\/es\/politica-de-sistema-integrado-de-gestion\/#primaryimage\",\"url\":\"https:\/\/www.perurail.com\/wp-content\/uploads\/2026\/04\/Firma-Jose-Zarate.webp\",\"contentUrl\":\"https:\/\/www.perurail.com\/wp-content\/uploads\/2026\/04\/Firma-Jose-Zarate.webp\"},{\"@type\":\"WebSite\",\"@id\":\"https:\/\/www.perurail.com\/es\/#website\",\"url\":\"https:\/\/www.perurail.com\/es\/\",\"name\":\"Train to Machu Picchu - Ollantaytambo - Cusco | Peru Rail | Deals | Perurail\",\"description\":\"\",\"potentialAction\":[{\"@type\":\"SearchAction\",\"target\":{\"@type\":\"EntryPoint\",\"urlTemplate\":\"https:\/\/www.perurail.com\/es\/?s={search_term_string}\"},\"query-input\":{\"@type\":\"PropertyValueSpecification\",\"valueRequired\":true,\"valueName\":\"search_term_string\"}}],\"inLanguage\":\"es\"}]}<\/script>\n<!-- \/ Yoast SEO plugin. -->","yoast_head_json":{"title":"POLITICA DE SISTEMA INTEGRADO DE GESTION - Train to Machu Picchu - Ollantaytambo - Cusco | Peru Rail | Deals | Perurail","robots":{"index":"index","follow":"follow","max-snippet":"max-snippet:-1","max-image-preview":"max-image-preview:large","max-video-preview":"max-video-preview:-1"},"canonical":"https:\/\/www.perurail.com\/es\/politica-de-sistema-integrado-de-gestion\/","og_locale":"es_ES","og_type":"article","og_title":"POLITICA DE SISTEMA INTEGRADO DE GESTION - Train to Machu Picchu - Ollantaytambo - Cusco | Peru Rail | Deals | Perurail","og_description":"POL\u00cdTICA DEL SISTEMA INTEGRADO DE GESTI\u00d3N PeruRail S.A. es una empresa operadora ferroviaria de est\u00e1ndares internacionales, comprometida con la excelencia en el transporte de pasajeros y carga. Operamos con la convicci\u00f3n de que la seguridad, la calidad y el cuidado de las personas no son condiciones m\u00ednimas, sino nuestra forma de hacer las cosas. La &hellip; POLITICA DE SISTEMA INTEGRADO DE GESTION Leer m\u00e1s &raquo;","og_url":"https:\/\/www.perurail.com\/es\/politica-de-sistema-integrado-de-gestion\/","og_site_name":"Train to Machu Picchu - Ollantaytambo - Cusco | Peru Rail | Deals | Perurail","article_modified_time":"2026-04-10T23:03:47+00:00","og_image":[{"width":798,"height":357,"url":"https:\/\/www.perurail.com\/wp-content\/uploads\/2026\/04\/Firma-Jose-Zarate.webp","type":"image\/webp"}],"twitter_card":"summary_large_image","twitter_misc":{"Tiempo de lectura":"2 minutos"},"schema":{"@context":"https:\/\/schema.org","@graph":[{"@type":"WebPage","@id":"https:\/\/www.perurail.com\/es\/politica-de-sistema-integrado-de-gestion\/","url":"https:\/\/www.perurail.com\/es\/politica-de-sistema-integrado-de-gestion\/","name":"POLITICA DE SISTEMA INTEGRADO DE GESTION - Train to Machu Picchu - Ollantaytambo - Cusco | Peru Rail | Deals | Perurail","isPartOf":{"@id":"https:\/\/www.perurail.com\/es\/#website"},"primaryImageOfPage":{"@id":"https:\/\/www.perurail.com\/es\/politica-de-sistema-integrado-de-gestion\/#primaryimage"},"image":{"@id":"https:\/\/www.perurail.com\/es\/politica-de-sistema-integrado-de-gestion\/#primaryimage"},"thumbnailUrl":"https:\/\/www.perurail.com\/wp-content\/uploads\/2026\/04\/Firma-Jose-Zarate.webp","datePublished":"2024-01-04T17:16:58+00:00","dateModified":"2026-04-10T23:03:47+00:00","inLanguage":"es","potentialAction":[{"@type":"ReadAction","target":["https:\/\/www.perurail.com\/es\/politica-de-sistema-integrado-de-gestion\/"]}]},{"@type":"ImageObject","inLanguage":"es","@id":"https:\/\/www.perurail.com\/es\/politica-de-sistema-integrado-de-gestion\/#primaryimage","url":"https:\/\/www.perurail.com\/wp-content\/uploads\/2026\/04\/Firma-Jose-Zarate.webp","contentUrl":"https:\/\/www.perurail.com\/wp-content\/uploads\/2026\/04\/Firma-Jose-Zarate.webp"},{"@type":"WebSite","@id":"https:\/\/www.perurail.com\/es\/#website","url":"https:\/\/www.perurail.com\/es\/","name":"Train to Machu Picchu - Ollantaytambo - Cusco | Peru Rail | Deals | Perurail","description":"","potentialAction":[{"@type":"SearchAction","target":{"@type":"EntryPoint","urlTemplate":"https:\/\/www.perurail.com\/es\/?s={search_term_string}"},"query-input":{"@type":"PropertyValueSpecification","valueRequired":true,"valueName":"search_term_string"}}],"inLanguage":"es"}]}},"_links":{"self":[{"href":"https:\/\/www.perurail.com\/es\/wp-json\/wp\/v2\/pages\/4806","targetHints":{"allow":["GET"]}}],"collection":[{"href":"https:\/\/www.perurail.com\/es\/wp-json\/wp\/v2\/pages"}],"about":[{"href":"https:\/\/www.perurail.com\/es\/wp-json\/wp\/v2\/types\/page"}],"author":[{"embeddable":true,"href":"https:\/\/www.perurail.com\/es\/wp-json\/wp\/v2\/users\/2"}],"replies":[{"embeddable":true,"href":"https:\/\/www.perurail.com\/es\/wp-json\/wp\/v2\/comments?post=4806"}],"version-history":[{"count":14,"href":"https:\/\/www.perurail.com\/es\/wp-json\/wp\/v2\/pages\/4806\/revisions"}],"predecessor-version":[{"id":106275,"href":"https:\/\/www.perurail.com\/es\/wp-json\/wp\/v2\/pages\/4806\/revisions\/106275"}],"wp:attachment":[{"href":"https:\/\/www.perurail.com\/es\/wp-json\/wp\/v2\/media?parent=4806"}],"curies":[{"name":"wp","href":"https:\/\/api.w.org\/{rel}","templated":true}]}}