{"id":4864,"date":"2024-01-04T11:59:46","date_gmt":"2024-01-04T16:59:46","guid":{"rendered":"https:\/\/www.perurail.com\/?page_id=4864"},"modified":"2024-03-10T17:43:03","modified_gmt":"2024-03-10T22:43:03","slug":"cupones-perurail","status":"publish","type":"page","link":"https:\/\/www.perurail.com\/es\/cupones-perurail\/","title":{"rendered":"CUPONES PERURAIL"},"content":{"rendered":"\t\t<div data-elementor-type=\"wp-page\" data-elementor-id=\"4864\" class=\"elementor elementor-4864\" data-elementor-post-type=\"page\">\n\t\t\t\t\t\t<section class=\"elementor-section elementor-top-section elementor-element elementor-element-7c4f9e95 elementor-section-boxed elementor-section-height-default elementor-section-height-default\" data-id=\"7c4f9e95\" data-element_type=\"section\" data-settings=\"{&quot;background_background&quot;:&quot;classic&quot;}\">\n\t\t\t\t\t\t\t<div class=\"elementor-background-overlay\"><\/div>\n\t\t\t\t\t\t\t<div class=\"elementor-container elementor-column-gap-default\">\n\t\t\t\t\t<div class=\"elementor-column elementor-col-100 elementor-top-column elementor-element elementor-element-186fbfdd\" data-id=\"186fbfdd\" data-element_type=\"column\">\n\t\t\t<div class=\"elementor-widget-wrap elementor-element-populated\">\n\t\t\t\t\t\t<div class=\"elementor-element elementor-element-6fac1a1f elementor-widget elementor-widget-heading\" data-id=\"6fac1a1f\" data-element_type=\"widget\" data-widget_type=\"heading.default\">\n\t\t\t\t<div class=\"elementor-widget-container\">\n\t\t\t\t\t<h2 class=\"elementor-heading-title elementor-size-default\">CUPONES PERURAIL<\/h2>\t\t\t\t<\/div>\n\t\t\t\t<\/div>\n\t\t\t\t\t<\/div>\n\t\t<\/div>\n\t\t\t\t\t<\/div>\n\t\t<\/section>\n\t\t\t\t<section class=\"elementor-section elementor-top-section elementor-element elementor-element-574b908e elementor-section-boxed elementor-section-height-default elementor-section-height-default\" data-id=\"574b908e\" data-element_type=\"section\">\n\t\t\t\t\t\t<div class=\"elementor-container elementor-column-gap-default\">\n\t\t\t\t\t<div class=\"elementor-column elementor-col-100 elementor-top-column elementor-element elementor-element-23d94c3d\" data-id=\"23d94c3d\" data-element_type=\"column\">\n\t\t\t<div class=\"elementor-widget-wrap elementor-element-populated\">\n\t\t\t\t\t\t<div class=\"elementor-element elementor-element-10623c0d elementor-widget elementor-widget-text-editor\" data-id=\"10623c0d\" data-element_type=\"widget\" data-widget_type=\"text-editor.default\">\n\t\t\t\t<div class=\"elementor-widget-container\">\n\t\t\t\t\t\t\t\t\t<p>A partir de ahora cada vez que quieras acceder a nuestras promociones deber\u00e1s ingresar el c\u00f3digo del cup\u00f3n. Mantente atento a nuestras campa\u00f1as y viaja en tren a Machu Picchu, Cusco o Puno a precios incre\u00edbles.<\/p><p><b>\u00bfQu\u00e9 son los cupones de descuento?<\/b><\/p><p>Son c\u00f3digos que debes ingresar en el campo previsto en el motor de reserva durante una promoci\u00f3n para obtener un descuento.<\/p><p><b>\u00bfEn qu\u00e9 parte de la web se ingresa el cup\u00f3n?<\/b><\/p><p>En la parte inferior del paso 1 del motor de reserva. M\u00e1s abajo te dejamos el paso a paso.<\/p><p><b>\u00bfQu\u00e9 hago si mi cup\u00f3n no funciona?<\/b><\/p><ul><li>Verificar si el tiempo de la promoci\u00f3n no expir\u00f3<\/li><li>Validar que haya digitado correctamente el c\u00f3digo (respeta min\u00fasculas, may\u00fasculas y n\u00fameros)<\/li><li>Revisar todas las condiciones de la promoci\u00f3n (cantidad m\u00ednima de compra, ruta, fecha de viaje, etc.)<\/li><\/ul><p><b>\u00bfPor d\u00f3nde se comunicar\u00e1n los cupones de descuento?<\/b><\/p><p>Por nuestras redes sociales (Facebook e Instagram) y en la web www.perurail.com<\/p><p><b>\u00bfC\u00f3mo utilizo mi cup\u00f3n de descuento?<\/b><\/p><p>Sigue los siguientes pasos:<\/p>\t\t\t\t\t\t\t\t<\/div>\n\t\t\t\t<\/div>\n\t\t\t\t\t<\/div>\n\t\t<\/div>\n\t\t\t\t\t<\/div>\n\t\t<\/section>\n\t\t\t\t<section class=\"elementor-section elementor-top-section elementor-element elementor-element-15c27b9a elementor-section-boxed elementor-section-height-default elementor-section-height-default\" data-id=\"15c27b9a\" data-element_type=\"section\" data-settings=\"{&quot;background_background&quot;:&quot;classic&quot;}\">\n\t\t\t\t\t\t<div class=\"elementor-container elementor-column-gap-default\">\n\t\t\t\t\t<div class=\"elementor-column elementor-col-100 elementor-top-column elementor-element elementor-element-15712e2b\" data-id=\"15712e2b\" data-element_type=\"column\">\n\t\t\t<div class=\"elementor-widget-wrap elementor-element-populated\">\n\t\t\t\t\t\t<section class=\"elementor-section elementor-inner-section elementor-element elementor-element-3c7145ef elementor-section-content-middle elementor-section-boxed elementor-section-height-default elementor-section-height-default\" data-id=\"3c7145ef\" data-element_type=\"section\">\n\t\t\t\t\t\t<div class=\"elementor-container elementor-column-gap-default\">\n\t\t\t\t\t<div class=\"elementor-column elementor-col-50 elementor-inner-column elementor-element elementor-element-4eac5fad\" data-id=\"4eac5fad\" data-element_type=\"column\">\n\t\t\t<div class=\"elementor-widget-wrap elementor-element-populated\">\n\t\t\t\t\t\t<div class=\"elementor-element elementor-element-1f5d39b7 elementor-widget elementor-widget-text-editor\" data-id=\"1f5d39b7\" data-element_type=\"widget\" data-widget_type=\"text-editor.default\">\n\t\t\t\t<div class=\"elementor-widget-container\">\n\t\t\t\t\t\t\t\t\t<p><b>Paso 1: <\/b>Clic en \u201cComprar Ahora\u201d<\/p>\t\t\t\t\t\t\t\t<\/div>\n\t\t\t\t<\/div>\n\t\t\t\t\t<\/div>\n\t\t<\/div>\n\t\t\t\t<div class=\"elementor-column elementor-col-50 elementor-inner-column elementor-element elementor-element-42c3b784\" data-id=\"42c3b784\" data-element_type=\"column\">\n\t\t\t<div class=\"elementor-widget-wrap elementor-element-populated\">\n\t\t\t\t\t\t<div class=\"elementor-element elementor-element-39a0f4cb elementor-widget elementor-widget-image\" data-id=\"39a0f4cb\" data-element_type=\"widget\" data-widget_type=\"image.default\">\n\t\t\t\t<div class=\"elementor-widget-container\">\n\t\t\t\t\t\t\t\t\t\t\t\t\t\t\t<img fetchpriority=\"high\" decoding=\"async\" width=\"768\" height=\"376\" src=\"https:\/\/www.perurail.com\/wp-content\/uploads\/2023\/10\/paso-1-cupones-perurail-es-768x376.jpg\" class=\"attachment-medium_large size-medium_large wp-image-2484\" alt=\"\" srcset=\"https:\/\/www.perurail.com\/wp-content\/uploads\/2023\/10\/paso-1-cupones-perurail-es-768x376.jpg 768w, https:\/\/www.perurail.com\/wp-content\/uploads\/2023\/10\/paso-1-cupones-perurail-es-300x147.jpg 300w, https:\/\/www.perurail.com\/wp-content\/uploads\/2023\/10\/paso-1-cupones-perurail-es-1024x501.jpg 1024w, https:\/\/www.perurail.com\/wp-content\/uploads\/2023\/10\/paso-1-cupones-perurail-es.jpg 1348w\" sizes=\"(max-width: 768px) 100vw, 768px\" \/>\t\t\t\t\t\t\t\t\t\t\t\t\t\t\t<\/div>\n\t\t\t\t<\/div>\n\t\t\t\t\t<\/div>\n\t\t<\/div>\n\t\t\t\t\t<\/div>\n\t\t<\/section>\n\t\t\t\t\t<\/div>\n\t\t<\/div>\n\t\t\t\t\t<\/div>\n\t\t<\/section>\n\t\t\t\t<section class=\"elementor-section elementor-top-section elementor-element elementor-element-27d03ed9 elementor-section-boxed elementor-section-height-default elementor-section-height-default\" data-id=\"27d03ed9\" data-element_type=\"section\">\n\t\t\t\t\t\t<div class=\"elementor-container elementor-column-gap-default\">\n\t\t\t\t\t<div class=\"elementor-column elementor-col-100 elementor-top-column elementor-element elementor-element-621aae6d\" data-id=\"621aae6d\" data-element_type=\"column\">\n\t\t\t<div class=\"elementor-widget-wrap elementor-element-populated\">\n\t\t\t\t\t\t<section class=\"elementor-section elementor-inner-section elementor-element elementor-element-3b92ecda elementor-section-content-middle elementor-section-boxed elementor-section-height-default elementor-section-height-default\" data-id=\"3b92ecda\" data-element_type=\"section\">\n\t\t\t\t\t\t<div class=\"elementor-container elementor-column-gap-default\">\n\t\t\t\t\t<div class=\"elementor-column elementor-col-50 elementor-inner-column elementor-element elementor-element-71dcc6dd\" data-id=\"71dcc6dd\" data-element_type=\"column\">\n\t\t\t<div class=\"elementor-widget-wrap elementor-element-populated\">\n\t\t\t\t\t\t<div class=\"elementor-element elementor-element-489fbe58 elementor-widget elementor-widget-text-editor\" data-id=\"489fbe58\" data-element_type=\"widget\" data-widget_type=\"text-editor.default\">\n\t\t\t\t<div class=\"elementor-widget-container\">\n\t\t\t\t\t\t\t\t\t<p><strong>Paso 2:<\/strong> Ingresa tus datos de viaje y luego selecciona \u00bfCuenta con cup\u00f3n de descuento?<\/p>\t\t\t\t\t\t\t\t<\/div>\n\t\t\t\t<\/div>\n\t\t\t\t\t<\/div>\n\t\t<\/div>\n\t\t\t\t<div class=\"elementor-column elementor-col-50 elementor-inner-column elementor-element elementor-element-710c5a4b\" data-id=\"710c5a4b\" data-element_type=\"column\">\n\t\t\t<div class=\"elementor-widget-wrap elementor-element-populated\">\n\t\t\t\t\t\t<div class=\"elementor-element elementor-element-7525bdf2 elementor-widget elementor-widget-image\" data-id=\"7525bdf2\" data-element_type=\"widget\" data-widget_type=\"image.default\">\n\t\t\t\t<div class=\"elementor-widget-container\">\n\t\t\t\t\t\t\t\t\t\t\t\t\t\t\t<img decoding=\"async\" width=\"1024\" height=\"501\" src=\"https:\/\/www.perurail.com\/wp-content\/uploads\/2023\/04\/paso2-cupones-perurail-1024x501.webp\" class=\"attachment-large size-large wp-image-1686\" alt=\"\" srcset=\"https:\/\/www.perurail.com\/wp-content\/uploads\/2023\/04\/paso2-cupones-perurail-1024x501.webp 1024w, https:\/\/www.perurail.com\/wp-content\/uploads\/2023\/04\/paso2-cupones-perurail-300x147.webp 300w, https:\/\/www.perurail.com\/wp-content\/uploads\/2023\/04\/paso2-cupones-perurail-768x376.webp 768w, https:\/\/www.perurail.com\/wp-content\/uploads\/2023\/04\/paso2-cupones-perurail.webp 1348w\" sizes=\"(max-width: 1024px) 100vw, 1024px\" \/>\t\t\t\t\t\t\t\t\t\t\t\t\t\t\t<\/div>\n\t\t\t\t<\/div>\n\t\t\t\t\t<\/div>\n\t\t<\/div>\n\t\t\t\t\t<\/div>\n\t\t<\/section>\n\t\t\t\t\t<\/div>\n\t\t<\/div>\n\t\t\t\t\t<\/div>\n\t\t<\/section>\n\t\t\t\t<section class=\"elementor-section elementor-top-section elementor-element elementor-element-7dcfac7b elementor-section-content-middle elementor-section-boxed elementor-section-height-default elementor-section-height-default\" data-id=\"7dcfac7b\" data-element_type=\"section\" data-settings=\"{&quot;background_background&quot;:&quot;classic&quot;}\">\n\t\t\t\t\t\t<div class=\"elementor-container elementor-column-gap-default\">\n\t\t\t\t\t<div class=\"elementor-column elementor-col-100 elementor-top-column elementor-element elementor-element-1a0e4462\" data-id=\"1a0e4462\" data-element_type=\"column\">\n\t\t\t<div class=\"elementor-widget-wrap elementor-element-populated\">\n\t\t\t\t\t\t<section class=\"elementor-section elementor-inner-section elementor-element elementor-element-60207254 elementor-section-content-middle elementor-section-boxed elementor-section-height-default elementor-section-height-default\" data-id=\"60207254\" data-element_type=\"section\">\n\t\t\t\t\t\t<div class=\"elementor-container elementor-column-gap-default\">\n\t\t\t\t\t<div class=\"elementor-column elementor-col-50 elementor-inner-column elementor-element elementor-element-34af4405\" data-id=\"34af4405\" data-element_type=\"column\">\n\t\t\t<div class=\"elementor-widget-wrap elementor-element-populated\">\n\t\t\t\t\t\t<div class=\"elementor-element elementor-element-40314f8d elementor-widget elementor-widget-text-editor\" data-id=\"40314f8d\" data-element_type=\"widget\" data-widget_type=\"text-editor.default\">\n\t\t\t\t<div class=\"elementor-widget-container\">\n\t\t\t\t\t\t\t\t\t<p><strong>Paso 3: <\/strong>Digita el c\u00f3digo de promoci\u00f3n, dale clic en Buscar y listo. Te saldr\u00e1n los precios con descuento<\/p>\t\t\t\t\t\t\t\t<\/div>\n\t\t\t\t<\/div>\n\t\t\t\t\t<\/div>\n\t\t<\/div>\n\t\t\t\t<div class=\"elementor-column elementor-col-50 elementor-inner-column elementor-element elementor-element-3bad9b21\" data-id=\"3bad9b21\" data-element_type=\"column\">\n\t\t\t<div class=\"elementor-widget-wrap elementor-element-populated\">\n\t\t\t\t\t\t<div class=\"elementor-element elementor-element-53652fdd elementor-widget elementor-widget-image\" data-id=\"53652fdd\" data-element_type=\"widget\" data-widget_type=\"image.default\">\n\t\t\t\t<div class=\"elementor-widget-container\">\n\t\t\t\t\t\t\t\t\t\t\t\t\t\t\t<img decoding=\"async\" width=\"1024\" height=\"501\" src=\"https:\/\/www.perurail.com\/wp-content\/uploads\/2023\/04\/paso3-cupones-perurail-1024x501.webp\" class=\"attachment-large size-large wp-image-1690\" alt=\"\" srcset=\"https:\/\/www.perurail.com\/wp-content\/uploads\/2023\/04\/paso3-cupones-perurail-1024x501.webp 1024w, https:\/\/www.perurail.com\/wp-content\/uploads\/2023\/04\/paso3-cupones-perurail-300x147.webp 300w, https:\/\/www.perurail.com\/wp-content\/uploads\/2023\/04\/paso3-cupones-perurail-768x376.webp 768w, https:\/\/www.perurail.com\/wp-content\/uploads\/2023\/04\/paso3-cupones-perurail.webp 1348w\" sizes=\"(max-width: 1024px) 100vw, 1024px\" \/>\t\t\t\t\t\t\t\t\t\t\t\t\t\t\t<\/div>\n\t\t\t\t<\/div>\n\t\t\t\t\t<\/div>\n\t\t<\/div>\n\t\t\t\t\t<\/div>\n\t\t<\/section>\n\t\t\t\t\t<\/div>\n\t\t<\/div>\n\t\t\t\t\t<\/div>\n\t\t<\/section>\n\t\t\t\t<section class=\"elementor-section elementor-top-section elementor-element elementor-element-26b8eae0 elementor-section-boxed elementor-section-height-default elementor-section-height-default\" data-id=\"26b8eae0\" data-element_type=\"section\">\n\t\t\t\t\t\t<div class=\"elementor-container elementor-column-gap-default\">\n\t\t\t\t\t<div class=\"elementor-column elementor-col-100 elementor-top-column elementor-element elementor-element-37d9719a\" data-id=\"37d9719a\" data-element_type=\"column\">\n\t\t\t<div class=\"elementor-widget-wrap elementor-element-populated\">\n\t\t\t\t\t\t<div class=\"elementor-element elementor-element-3d2031e7 elementor-align-center elementor-widget elementor-widget-button\" data-id=\"3d2031e7\" data-element_type=\"widget\" data-widget_type=\"button.default\">\n\t\t\t\t<div class=\"elementor-widget-container\">\n\t\t\t\t\t\t\t\t\t<div class=\"elementor-button-wrapper\">\n\t\t\t\t\t<a class=\"elementor-button elementor-button-link elementor-size-sm\" href=\"https:\/\/book.perurail.com\/?tipoIdioma=2\">\n\t\t\t\t\t\t<span class=\"elementor-button-content-wrapper\">\n\t\t\t\t\t\t<span class=\"elementor-button-icon\">\n\t\t\t\t<svg aria-hidden=\"true\" class=\"e-font-icon-svg e-fas-luggage-cart\" viewBox=\"0 0 640 512\" xmlns=\"http:\/\/www.w3.org\/2000\/svg\"><path d=\"M224 320h32V96h-32c-17.67 0-32 14.33-32 32v160c0 17.67 14.33 32 32 32zm352-32V128c0-17.67-14.33-32-32-32h-32v224h32c17.67 0 32-14.33 32-32zm48 96H128V16c0-8.84-7.16-16-16-16H16C7.16 0 0 7.16 0 16v32c0 8.84 7.16 16 16 16h48v368c0 8.84 7.16 16 16 16h82.94c-1.79 5.03-2.94 10.36-2.94 16 0 26.51 21.49 48 48 48s48-21.49 48-48c0-5.64-1.15-10.97-2.94-16h197.88c-1.79 5.03-2.94 10.36-2.94 16 0 26.51 21.49 48 48 48s48-21.49 48-48c0-5.64-1.15-10.97-2.94-16H624c8.84 0 16-7.16 16-16v-32c0-8.84-7.16-16-16-16zM480 96V48c0-26.51-21.49-48-48-48h-96c-26.51 0-48 21.49-48 48v272h192V96zm-48 0h-96V48h96v48z\"><\/path><\/svg>\t\t\t<\/span>\n\t\t\t\t\t\t\t\t\t<span class=\"elementor-button-text\">COMPRAR AHORA<\/span>\n\t\t\t\t\t<\/span>\n\t\t\t\t\t<\/a>\n\t\t\t\t<\/div>\n\t\t\t\t\t\t\t\t<\/div>\n\t\t\t\t<\/div>\n\t\t\t\t\t<\/div>\n\t\t<\/div>\n\t\t\t\t\t<\/div>\n\t\t<\/section>\n\t\t\t\t<\/div>\n\t\t","protected":false},"excerpt":{"rendered":"<p>CUPONES PERURAIL A partir de ahora cada vez que quieras acceder a nuestras promociones deber\u00e1s ingresar el c\u00f3digo del cup\u00f3n. Mantente atento a nuestras campa\u00f1as y viaja en tren a Machu Picchu, Cusco o Puno a precios incre\u00edbles. \u00bfQu\u00e9 son los cupones de descuento? Son c\u00f3digos que debes ingresar en el campo previsto en el &hellip;<\/p>\n<p class=\"read-more\"> <a class=\"\" href=\"https:\/\/www.perurail.com\/es\/cupones-perurail\/\"> <span class=\"screen-reader-text\">CUPONES PERURAIL<\/span> Leer m\u00e1s &raquo;<\/a><\/p>\n","protected":false},"author":2,"featured_media":0,"parent":0,"menu_order":0,"comment_status":"closed","ping_status":"closed","template":"","meta":{"site-sidebar-layout":"no-sidebar","site-content-layout":"page-builder","ast-site-content-layout":"full-width-container","site-content-style":"default","site-sidebar-style":"default","ast-global-header-display":"","ast-banner-title-visibility":"","ast-main-header-display":"","ast-hfb-above-header-display":"","ast-hfb-below-header-display":"","ast-hfb-mobile-header-display":"","site-post-title":"disabled","ast-breadcrumbs-content":"","ast-featured-img":"disabled","footer-sml-layout":"","theme-transparent-header-meta":"","adv-header-id-meta":"","stick-header-meta":"","header-above-stick-meta":"","header-main-stick-meta":"","header-below-stick-meta":"","astra-migrate-meta-layouts":"default","ast-page-background-enabled":"default","ast-page-background-meta":{"desktop":{"background-color":"var(--ast-global-color-4)","background-image":"","background-repeat":"repeat","background-position":"center center","background-size":"auto","background-attachment":"scroll","background-type":"","background-media":"","overlay-type":"","overlay-color":"","overlay-gradient":""},"tablet":{"background-color":"","background-image":"","background-repeat":"repeat","background-position":"center center","background-size":"auto","background-attachment":"scroll","background-type":"","background-media":"","overlay-type":"","overlay-color":"","overlay-gradient":""},"mobile":{"background-color":"","background-image":"","background-repeat":"repeat","background-position":"center center","background-size":"auto","background-attachment":"scroll","background-type":"","background-media":"","overlay-type":"","overlay-color":"","overlay-gradient":""}},"ast-content-background-meta":{"desktop":{"background-color":"var(--ast-global-color-5)","background-image":"","background-repeat":"repeat","background-position":"center center","background-size":"auto","background-attachment":"scroll","background-type":"","background-media":"","overlay-type":"","overlay-color":"","overlay-gradient":""},"tablet":{"background-color":"var(--ast-global-color-5)","background-image":"","background-repeat":"repeat","background-position":"center center","background-size":"auto","background-attachment":"scroll","background-type":"","background-media":"","overlay-type":"","overlay-color":"","overlay-gradient":""},"mobile":{"background-color":"var(--ast-global-color-5)","background-image":"","background-repeat":"repeat","background-position":"center center","background-size":"auto","background-attachment":"scroll","background-type":"","background-media":"","overlay-type":"","overlay-color":"","overlay-gradient":""}},"footnotes":""},"class_list":["post-4864","page","type-page","status-publish","hentry"],"yoast_head":"<!-- This site is optimized with the Yoast SEO plugin v25.9 - https:\/\/yoast.com\/wordpress\/plugins\/seo\/ -->\n<title>Cupones para viajar en tren a Machu Picchu | PeruRail<\/title>\n<meta name=\"description\" content=\"Obt\u00e9n descuentos para viajar a Machu Picchu, Cusco o Puno. Usa tu cup\u00f3n de descuento y ent\u00e9rate m\u00e1s aqu\u00ed.\" \/>\n<meta name=\"robots\" content=\"index, follow, max-snippet:-1, max-image-preview:large, max-video-preview:-1\" \/>\n<link rel=\"canonical\" href=\"https:\/\/www.perurail.com\/es\/cupones-perurail\/\" \/>\n<meta property=\"og:locale\" content=\"es_ES\" \/>\n<meta property=\"og:type\" content=\"article\" \/>\n<meta property=\"og:title\" content=\"Cupones para viajar en tren a Machu Picchu | PeruRail\" \/>\n<meta property=\"og:description\" content=\"Obt\u00e9n descuentos para viajar a Machu Picchu, Cusco o Puno. Usa tu cup\u00f3n de descuento y ent\u00e9rate m\u00e1s aqu\u00ed.\" \/>\n<meta property=\"og:url\" content=\"https:\/\/www.perurail.com\/es\/cupones-perurail\/\" \/>\n<meta property=\"og:site_name\" content=\"Train to Machu Picchu - Ollantaytambo - Cusco | Peru Rail | Deals | Perurail\" \/>\n<meta property=\"article:modified_time\" content=\"2024-03-10T22:43:03+00:00\" \/>\n<meta property=\"og:image\" content=\"https:\/\/www.perurail.com\/wp-content\/uploads\/2023\/10\/paso-1-cupones-perurail-es-768x376.jpg\" \/>\n<meta name=\"twitter:card\" content=\"summary_large_image\" \/>\n<meta name=\"twitter:label1\" content=\"Tiempo de lectura\" \/>\n\t<meta name=\"twitter:data1\" content=\"2 minutos\" \/>\n<script type=\"application\/ld+json\" class=\"yoast-schema-graph\">{\"@context\":\"https:\/\/schema.org\",\"@graph\":[{\"@type\":\"WebPage\",\"@id\":\"https:\/\/www.perurail.com\/es\/cupones-perurail\/\",\"url\":\"https:\/\/www.perurail.com\/es\/cupones-perurail\/\",\"name\":\"Cupones para viajar en tren a Machu Picchu | PeruRail\",\"isPartOf\":{\"@id\":\"https:\/\/www.perurail.com\/es\/#website\"},\"primaryImageOfPage\":{\"@id\":\"https:\/\/www.perurail.com\/es\/cupones-perurail\/#primaryimage\"},\"image\":{\"@id\":\"https:\/\/www.perurail.com\/es\/cupones-perurail\/#primaryimage\"},\"thumbnailUrl\":\"https:\/\/www.perurail.com\/wp-content\/uploads\/2023\/10\/paso-1-cupones-perurail-es-768x376.jpg\",\"datePublished\":\"2024-01-04T16:59:46+00:00\",\"dateModified\":\"2024-03-10T22:43:03+00:00\",\"description\":\"Obt\u00e9n descuentos para viajar a Machu Picchu, Cusco o Puno. Usa tu cup\u00f3n de descuento y ent\u00e9rate m\u00e1s aqu\u00ed.\",\"inLanguage\":\"es\",\"potentialAction\":[{\"@type\":\"ReadAction\",\"target\":[\"https:\/\/www.perurail.com\/es\/cupones-perurail\/\"]}]},{\"@type\":\"ImageObject\",\"inLanguage\":\"es\",\"@id\":\"https:\/\/www.perurail.com\/es\/cupones-perurail\/#primaryimage\",\"url\":\"https:\/\/www.perurail.com\/wp-content\/uploads\/2023\/10\/paso-1-cupones-perurail-es-768x376.jpg\",\"contentUrl\":\"https:\/\/www.perurail.com\/wp-content\/uploads\/2023\/10\/paso-1-cupones-perurail-es-768x376.jpg\"},{\"@type\":\"WebSite\",\"@id\":\"https:\/\/www.perurail.com\/es\/#website\",\"url\":\"https:\/\/www.perurail.com\/es\/\",\"name\":\"Train to Machu Picchu - Ollantaytambo - Cusco | Peru Rail | Deals | Perurail\",\"description\":\"\",\"potentialAction\":[{\"@type\":\"SearchAction\",\"target\":{\"@type\":\"EntryPoint\",\"urlTemplate\":\"https:\/\/www.perurail.com\/es\/?s={search_term_string}\"},\"query-input\":{\"@type\":\"PropertyValueSpecification\",\"valueRequired\":true,\"valueName\":\"search_term_string\"}}],\"inLanguage\":\"es\"}]}<\/script>\n<!-- \/ Yoast SEO plugin. -->","yoast_head_json":{"title":"Cupones para viajar en tren a Machu Picchu | PeruRail","description":"Obt\u00e9n descuentos para viajar a Machu Picchu, Cusco o Puno. Usa tu cup\u00f3n de descuento y ent\u00e9rate m\u00e1s aqu\u00ed.","robots":{"index":"index","follow":"follow","max-snippet":"max-snippet:-1","max-image-preview":"max-image-preview:large","max-video-preview":"max-video-preview:-1"},"canonical":"https:\/\/www.perurail.com\/es\/cupones-perurail\/","og_locale":"es_ES","og_type":"article","og_title":"Cupones para viajar en tren a Machu Picchu | PeruRail","og_description":"Obt\u00e9n descuentos para viajar a Machu Picchu, Cusco o Puno. Usa tu cup\u00f3n de descuento y ent\u00e9rate m\u00e1s aqu\u00ed.","og_url":"https:\/\/www.perurail.com\/es\/cupones-perurail\/","og_site_name":"Train to Machu Picchu - Ollantaytambo - Cusco | Peru Rail | Deals | Perurail","article_modified_time":"2024-03-10T22:43:03+00:00","og_image":[{"url":"https:\/\/www.perurail.com\/wp-content\/uploads\/2023\/10\/paso-1-cupones-perurail-es-768x376.jpg","type":"","width":"","height":""}],"twitter_card":"summary_large_image","twitter_misc":{"Tiempo de lectura":"2 minutos"},"schema":{"@context":"https:\/\/schema.org","@graph":[{"@type":"WebPage","@id":"https:\/\/www.perurail.com\/es\/cupones-perurail\/","url":"https:\/\/www.perurail.com\/es\/cupones-perurail\/","name":"Cupones para viajar en tren a Machu Picchu | PeruRail","isPartOf":{"@id":"https:\/\/www.perurail.com\/es\/#website"},"primaryImageOfPage":{"@id":"https:\/\/www.perurail.com\/es\/cupones-perurail\/#primaryimage"},"image":{"@id":"https:\/\/www.perurail.com\/es\/cupones-perurail\/#primaryimage"},"thumbnailUrl":"https:\/\/www.perurail.com\/wp-content\/uploads\/2023\/10\/paso-1-cupones-perurail-es-768x376.jpg","datePublished":"2024-01-04T16:59:46+00:00","dateModified":"2024-03-10T22:43:03+00:00","description":"Obt\u00e9n descuentos para viajar a Machu Picchu, Cusco o Puno. Usa tu cup\u00f3n de descuento y ent\u00e9rate m\u00e1s aqu\u00ed.","inLanguage":"es","potentialAction":[{"@type":"ReadAction","target":["https:\/\/www.perurail.com\/es\/cupones-perurail\/"]}]},{"@type":"ImageObject","inLanguage":"es","@id":"https:\/\/www.perurail.com\/es\/cupones-perurail\/#primaryimage","url":"https:\/\/www.perurail.com\/wp-content\/uploads\/2023\/10\/paso-1-cupones-perurail-es-768x376.jpg","contentUrl":"https:\/\/www.perurail.com\/wp-content\/uploads\/2023\/10\/paso-1-cupones-perurail-es-768x376.jpg"},{"@type":"WebSite","@id":"https:\/\/www.perurail.com\/es\/#website","url":"https:\/\/www.perurail.com\/es\/","name":"Train to Machu Picchu - Ollantaytambo - Cusco | Peru Rail | Deals | Perurail","description":"","potentialAction":[{"@type":"SearchAction","target":{"@type":"EntryPoint","urlTemplate":"https:\/\/www.perurail.com\/es\/?s={search_term_string}"},"query-input":{"@type":"PropertyValueSpecification","valueRequired":true,"valueName":"search_term_string"}}],"inLanguage":"es"}]}},"_links":{"self":[{"href":"https:\/\/www.perurail.com\/es\/wp-json\/wp\/v2\/pages\/4864","targetHints":{"allow":["GET"]}}],"collection":[{"href":"https:\/\/www.perurail.com\/es\/wp-json\/wp\/v2\/pages"}],"about":[{"href":"https:\/\/www.perurail.com\/es\/wp-json\/wp\/v2\/types\/page"}],"author":[{"embeddable":true,"href":"https:\/\/www.perurail.com\/es\/wp-json\/wp\/v2\/users\/2"}],"replies":[{"embeddable":true,"href":"https:\/\/www.perurail.com\/es\/wp-json\/wp\/v2\/comments?post=4864"}],"version-history":[{"count":12,"href":"https:\/\/www.perurail.com\/es\/wp-json\/wp\/v2\/pages\/4864\/revisions"}],"predecessor-version":[{"id":20681,"href":"https:\/\/www.perurail.com\/es\/wp-json\/wp\/v2\/pages\/4864\/revisions\/20681"}],"wp:attachment":[{"href":"https:\/\/www.perurail.com\/es\/wp-json\/wp\/v2\/media?parent=4864"}],"curies":[{"name":"wp","href":"https:\/\/api.w.org\/{rel}","templated":true}]}}