{"id":69705,"date":"2025-08-05T17:02:39","date_gmt":"2025-08-05T22:02:39","guid":{"rendered":"https:\/\/www.perurail.com\/?page_id=69705"},"modified":"2025-08-07T11:18:15","modified_gmt":"2025-08-07T16:18:15","slug":"altura-y-clima-de-machu-picchu","status":"publish","type":"page","link":"https:\/\/www.perurail.com\/es\/altura-y-clima-de-machu-picchu\/","title":{"rendered":"Altura y clima de Machu Picchu"},"content":{"rendered":"\t\t<div data-elementor-type=\"wp-page\" data-elementor-id=\"69705\" class=\"elementor elementor-69705\" data-elementor-post-type=\"page\">\n\t\t\t\t<div class=\"elementor-element elementor-element-c270657 e-flex e-con-boxed e-con e-parent\" data-id=\"c270657\" data-element_type=\"container\" data-settings=\"{&quot;background_background&quot;:&quot;classic&quot;}\">\n\t\t\t\t\t<div class=\"e-con-inner\">\n\t\t\t\t<div class=\"elementor-element elementor-element-d3149a5 elementor-widget__width-inherit elementor-widget elementor-widget-heading\" data-id=\"d3149a5\" data-element_type=\"widget\" data-widget_type=\"heading.default\">\n\t\t\t\t<div class=\"elementor-widget-container\">\n\t\t\t\t\t<h2 class=\"elementor-heading-title elementor-size-default\">Altura y Clima de <br>Machu Picchu<\/h2>\t\t\t\t<\/div>\n\t\t\t\t<\/div>\n\t\t\t\t\t<\/div>\n\t\t\t\t<\/div>\n\t\t<div class=\"elementor-element elementor-element-6273645 e-flex e-con-boxed e-con e-parent\" data-id=\"6273645\" data-element_type=\"container\">\n\t\t\t\t\t<div class=\"e-con-inner\">\n\t\t\t\t<div class=\"elementor-element elementor-element-0cc820f elementor-widget elementor-widget-text-editor\" data-id=\"0cc820f\" data-element_type=\"widget\" data-widget_type=\"text-editor.default\">\n\t\t\t\t<div class=\"elementor-widget-container\">\n\t\t\t\t\t\t\t\t\tDescubre todo sobre la altura y el clima de Machu Picchu, uno de los destinos m\u00e1s fascinantes del mundo. Aqu\u00ed encontrar\u00e1s informaci\u00f3n sobre las temperaturas promedio, las mejores \u00e9pocas para visitar, y c\u00f3mo prepararte para la altitud de este ic\u00f3nico lugar. Explora consejos \u00fatiles para que tu experiencia sea c\u00f3moda, segura e inolvidable.\t\t\t\t\t\t\t\t<\/div>\n\t\t\t\t<\/div>\n\t\t\t\t\t<\/div>\n\t\t\t\t<\/div>\n\t\t<div class=\"elementor-element elementor-element-0a1ddd0 e-flex e-con-boxed e-con e-parent\" data-id=\"0a1ddd0\" data-element_type=\"container\">\n\t\t\t\t\t<div class=\"e-con-inner\">\n\t\t\t\t<div class=\"elementor-element elementor-element-86e9000 elementor-widget elementor-widget-heading\" data-id=\"86e9000\" data-element_type=\"widget\" data-widget_type=\"heading.default\">\n\t\t\t\t<div class=\"elementor-widget-container\">\n\t\t\t\t\t<h2 class=\"elementor-heading-title elementor-size-default\">\u00bfA qu\u00e9 altura se encuentra Machu Picchu?<\/h2>\t\t\t\t<\/div>\n\t\t\t\t<\/div>\n\t\t\t\t<div class=\"elementor-element elementor-element-1f82c83 elementor-widget elementor-widget-text-editor\" data-id=\"1f82c83\" data-element_type=\"widget\" data-widget_type=\"text-editor.default\">\n\t\t\t\t<div class=\"elementor-widget-container\">\n\t\t\t\t\t\t\t\t\t<p>Con una altura de <strong>2,430<\/strong> metros sobre el nivel del mar, Machu Picchu se encuentra por debajo de la altitud de Cusco (3,400 m), lo que la hace m\u00e1s c\u00f3moda y accesible para la mayor\u00eda de los viajeros. Descubre c\u00f3mo la altitud de este ic\u00f3nico destino puede influir en tu experiencia y obt\u00e9n consejos para disfrutar al m\u00e1ximo tu visita.<\/p>\t\t\t\t\t\t\t\t<\/div>\n\t\t\t\t<\/div>\n\t\t\t\t<div class=\"elementor-element elementor-element-100b5d0 e-n-tabs-mobile elementor-widget elementor-widget-n-tabs\" data-id=\"100b5d0\" data-element_type=\"widget\" data-settings=\"{&quot;tabs_justify_horizontal&quot;:&quot;stretch&quot;,&quot;horizontal_scroll&quot;:&quot;disable&quot;}\" data-widget_type=\"nested-tabs.default\">\n\t\t\t\t<div class=\"elementor-widget-container\">\n\t\t\t\t\t\t\t<div class=\"e-n-tabs\" data-widget-number=\"16823760\" aria-label=\"Pesta\u00f1as. Abre elementos con Intro o Espacio, ci\u00e9rralos con Escape y navega con las fechas.\">\n\t\t\t<div class=\"e-n-tabs-heading\" role=\"tablist\">\n\t\t\t\t\t<button id=\"e-n-tab-title-168237601\" class=\"e-n-tab-title\" aria-selected=\"true\" data-tab-index=\"1\" role=\"tab\" tabindex=\"0\" aria-controls=\"e-n-tab-content-168237601\" style=\"--n-tabs-title-order: 1;\">\n\t\t\t\t\t\t<span class=\"e-n-tab-title-text\">\n\t\t\t\tPreparaci\u00f3n <br>para tu viaje\t\t\t<\/span>\n\t\t<\/button>\n\t\t\t\t<button id=\"e-n-tab-title-168237602\" class=\"e-n-tab-title\" aria-selected=\"false\" data-tab-index=\"2\" role=\"tab\" tabindex=\"-1\" aria-controls=\"e-n-tab-content-168237602\" style=\"--n-tabs-title-order: 2;\">\n\t\t\t\t\t\t<span class=\"e-n-tab-title-text\">\n\t\t\t\tQu\u00e9 hacer si tienes <br>mal de altura\t\t\t<\/span>\n\t\t<\/button>\n\t\t\t\t\t<\/div>\n\t\t\t<div class=\"e-n-tabs-content\">\n\t\t\t\t<div id=\"e-n-tab-content-168237601\" role=\"tabpanel\" aria-labelledby=\"e-n-tab-title-168237601\" data-tab-index=\"1\" style=\"--n-tabs-title-order: 1;\" class=\"e-active elementor-element elementor-element-edbeb5e e-con-full e-flex e-con e-child\" data-id=\"edbeb5e\" data-element_type=\"container\">\n\t\t<div class=\"elementor-element elementor-element-e6c1ffe e-con-full e-flex e-con e-child\" data-id=\"e6c1ffe\" data-element_type=\"container\" data-settings=\"{&quot;background_background&quot;:&quot;classic&quot;}\">\n\t\t\t\t<\/div>\n\t\t<div class=\"elementor-element elementor-element-7506ead e-con-full e-flex e-con e-child\" data-id=\"7506ead\" data-element_type=\"container\">\n\t\t\t\t<div class=\"elementor-element elementor-element-6ebbdb1 elementor-widget elementor-widget-text-editor\" data-id=\"6ebbdb1\" data-element_type=\"widget\" data-widget_type=\"text-editor.default\">\n\t\t\t\t<div class=\"elementor-widget-container\">\n\t\t\t\t\t\t\t\t\t<p>Aqu\u00ed te ofrecemos consejos pr\u00e1cticos para prevenir y manejar cualquier molestia y disfrutar al m\u00e1ximo tu experiencia.<\/p><ul><li><p><strong>Aclimataci\u00f3n:<\/strong> Dedica al menos uno o dos d\u00edas en Cusco o el Valle Sagrado antes de tu visita a Machu Picchu. Durante este tiempo, evita actividades f\u00edsicas intensas para permitir que tu cuerpo se adapte gradualmente a la altitud.<\/p><\/li><li><p><strong>Hidrataci\u00f3n:<\/strong> Bebe al menos 2 a 3 litros de agua al d\u00eda, especialmente antes y durante tu visita. Usa una botella reutilizable para mantenerte hidratado mientras reduces el uso de pl\u00e1stico.<\/p><\/li><li><p><strong>Alimentaci\u00f3n:<\/strong> Opta por comidas ligeras y equilibradas que incluyan carbohidratos y alimentos f\u00e1ciles de digerir. Evita comidas pesadas o con demasiadas grasas.<\/p><\/li><li><p><strong>Descanso previo:<\/strong> Aseg\u00farate de dormir bien la noche anterior y, si es posible, qu\u00e9date en tu hotel al menos una hora antes de salir hacia Machu Picchu para relajarte y prepararte sin estr\u00e9s.<\/p><\/li><li><p><strong>Infusiones tradicionales:<\/strong> Consumir t\u00e9 de coca o caramelos de lim\u00f3n puede ayudar a prevenir molestias relacionadas con la altitud. Estas opciones locales son populares y efectivas.<\/p><\/li><\/ul>\t\t\t\t\t\t\t\t<\/div>\n\t\t\t\t<\/div>\n\t\t\t\t<\/div>\n\t\t\t\t<\/div>\n\t\t<div id=\"e-n-tab-content-168237602\" role=\"tabpanel\" aria-labelledby=\"e-n-tab-title-168237602\" data-tab-index=\"2\" style=\"--n-tabs-title-order: 2;\" class=\" elementor-element elementor-element-6acc9c5 e-con-full e-flex e-con e-child\" data-id=\"6acc9c5\" data-element_type=\"container\">\n\t\t<div class=\"elementor-element elementor-element-136f434 e-con-full e-flex e-con e-child\" data-id=\"136f434\" data-element_type=\"container\" data-settings=\"{&quot;background_background&quot;:&quot;classic&quot;}\">\n\t\t\t\t<\/div>\n\t\t<div class=\"elementor-element elementor-element-78ff494 e-con-full e-flex e-con e-child\" data-id=\"78ff494\" data-element_type=\"container\">\n\t\t\t\t<div class=\"elementor-element elementor-element-62639f8 elementor-widget elementor-widget-text-editor\" data-id=\"62639f8\" data-element_type=\"widget\" data-widget_type=\"text-editor.default\">\n\t\t\t\t<div class=\"elementor-widget-container\">\n\t\t\t\t\t\t\t\t\t<p>Debido a la poca altura que se ubica Machu Picchu, reduce el riesgo de mal de altura, haciendo que la experiencia sea m\u00e1s c\u00f3moda para la mayor\u00eda de los viajeros. Sin embargo, te compartimos algunos consejos para contrarrestarlo en caso los necesites.<\/p><ul><li><p><strong>Descansa y toma pausas:<\/strong> Si sientes mareos o fatiga, encuentra un lugar tranquilo donde puedas sentarte y recuperar el aliento. Caminar a un ritmo lento puede ayudarte a evitar el agotamiento.<\/p><\/li><li><p><strong>Infusiones de hierbas:<\/strong> Lleva contigo bolsitas de t\u00e9 de coca o consume caramelos de lim\u00f3n, ambos conocidos por sus beneficios en la altitud.<\/p><\/li><li><p><strong>Ox\u00edgeno suplementario:<\/strong> Algunos alojamientos o servicios tur\u00edsticos ofrecen tanques de ox\u00edgeno. Tener acceso a esto puede ser \u00fatil si los sintomas persisten.<\/p><\/li><li><p><strong>Mantente abrigado:<\/strong> Las temperaturas pueden ser un poco fr\u00edas, especialmente en las primeras horas del d\u00eda, lo que podr\u00eda provocar un malestar. Viste en capas y prot\u00e9gete del fr\u00edo.<\/p><\/li><\/ul>\t\t\t\t\t\t\t\t<\/div>\n\t\t\t\t<\/div>\n\t\t\t\t<\/div>\n\t\t\t\t<\/div>\n\t\t\t\t\t<\/div>\n\t\t<\/div>\n\t\t\t\t\t\t<\/div>\n\t\t\t\t<\/div>\n\t\t\t\t\t<\/div>\n\t\t\t\t<\/div>\n\t\t<div class=\"elementor-element elementor-element-3f3bdb3 e-flex e-con-boxed e-con e-parent\" data-id=\"3f3bdb3\" data-element_type=\"container\" data-settings=\"{&quot;background_background&quot;:&quot;classic&quot;}\">\n\t\t\t\t\t<div class=\"e-con-inner\">\n\t\t\t\t<div class=\"elementor-element elementor-element-fc84842 elementor-widget elementor-widget-heading\" data-id=\"fc84842\" data-element_type=\"widget\" data-widget_type=\"heading.default\">\n\t\t\t\t<div class=\"elementor-widget-container\">\n\t\t\t\t\t<h2 class=\"elementor-heading-title elementor-size-default\">\u00bfC\u00f3mo es el clima en Machu Picchu?<\/h2>\t\t\t\t<\/div>\n\t\t\t\t<\/div>\n\t\t\t\t<div class=\"elementor-element elementor-element-ff51d47 elementor-widget elementor-widget-text-editor\" data-id=\"ff51d47\" data-element_type=\"widget\" data-widget_type=\"text-editor.default\">\n\t\t\t\t<div class=\"elementor-widget-container\">\n\t\t\t\t\t\t\t\t\t<p>Machu Picchu ofrece un clima subtropical agradable durante todo el a\u00f1o, lo que lo convierte en un destino perfecto para exploradores y amantes de la naturaleza. Es caracterizado por d\u00edas c\u00e1lidos y noches frescas y sus temperaturas promedio oscilan entre los 12 \u00b0C (54 \u00b0F) y 24 \u00b0C (75 \u00b0F), con una sensaci\u00f3n t\u00e9rmica m\u00e1s fresca durante la madrugada y primeras horas de la ma\u00f1ana.<\/p>\t\t\t\t\t\t\t\t<\/div>\n\t\t\t\t<\/div>\n\t\t\t\t<div class=\"elementor-element elementor-element-1d41a23 e-n-tabs-mobile elementor-widget elementor-widget-n-tabs\" data-id=\"1d41a23\" data-element_type=\"widget\" data-settings=\"{&quot;tabs_justify_horizontal&quot;:&quot;stretch&quot;,&quot;horizontal_scroll&quot;:&quot;disable&quot;}\" data-widget_type=\"nested-tabs.default\">\n\t\t\t\t<div class=\"elementor-widget-container\">\n\t\t\t\t\t\t\t<div class=\"e-n-tabs\" data-widget-number=\"30677539\" aria-label=\"Pesta\u00f1as. Abre elementos con Intro o Espacio, ci\u00e9rralos con Escape y navega con las fechas.\">\n\t\t\t<div class=\"e-n-tabs-heading\" role=\"tablist\">\n\t\t\t\t\t<button id=\"e-n-tab-title-306775391\" class=\"e-n-tab-title\" aria-selected=\"true\" data-tab-index=\"1\" role=\"tab\" tabindex=\"0\" aria-controls=\"e-n-tab-content-306775391\" style=\"--n-tabs-title-order: 1;\">\n\t\t\t\t\t\t<span class=\"e-n-tab-title-text\">\n\t\t\t\t\u00c9poca Seca<br>(Mayo a Octubre)\t\t\t<\/span>\n\t\t<\/button>\n\t\t\t\t<button id=\"e-n-tab-title-306775392\" class=\"e-n-tab-title\" aria-selected=\"false\" data-tab-index=\"2\" role=\"tab\" tabindex=\"-1\" aria-controls=\"e-n-tab-content-306775392\" style=\"--n-tabs-title-order: 2;\">\n\t\t\t\t\t\t<span class=\"e-n-tab-title-text\">\n\t\t\t\t\u00c9poca de Lluvias <br> (Noviembre a Abril)\t\t\t<\/span>\n\t\t<\/button>\n\t\t\t\t\t<\/div>\n\t\t\t<div class=\"e-n-tabs-content\">\n\t\t\t\t<div id=\"e-n-tab-content-306775391\" role=\"tabpanel\" aria-labelledby=\"e-n-tab-title-306775391\" data-tab-index=\"1\" style=\"--n-tabs-title-order: 1;\" class=\"e-active elementor-element elementor-element-8dcd38d e-con-full e-flex e-con e-child\" data-id=\"8dcd38d\" data-element_type=\"container\">\n\t\t<div class=\"elementor-element elementor-element-bf6a985 e-con-full e-flex e-con e-child\" data-id=\"bf6a985\" data-element_type=\"container\" data-settings=\"{&quot;background_background&quot;:&quot;classic&quot;}\">\n\t\t\t\t<\/div>\n\t\t<div class=\"elementor-element elementor-element-615920a e-con-full e-flex e-con e-child\" data-id=\"615920a\" data-element_type=\"container\">\n\t\t\t\t<div class=\"elementor-element elementor-element-d8ec1e0 elementor-widget elementor-widget-text-editor\" data-id=\"d8ec1e0\" data-element_type=\"widget\" data-widget_type=\"text-editor.default\">\n\t\t\t\t<div class=\"elementor-widget-container\">\n\t\t\t\t\t\t\t\t\tAqu\u00ed te ofrecemos consejos pr\u00e1cticos para prevenir y manejar cualquier molestia y disfrutar al m\u00e1ximo tu experiencia.\n<ul>\n \t<li><strong>Caracter\u00edsticas:<\/strong> Dias soleados, cielos despejados y m\u00ednima probabilidad de lluvias.<\/li>\n \t<li><strong>Temperatura:<\/strong> Temperaturas m\u00e1s frescas por la noche, ideal para quienes disfrutan de caminatas sin riesgo de lluvias inesperadas.<\/li>\n \t<li><strong>Ventaja:<\/strong> Perfecto para fotografias con paisajes despejados y condiciones \u00f3ptimas para explorar.<\/li>\n \t<li><strong>Recomendaci\u00f3n:<\/strong>\n<ol>\n \t<li>Lleva ropa ligera y transpirable para el d\u00eda.<\/li>\n \t<li>Usa un abrigo o chaqueta para las primeras horas del d\u00eda y las noches.<\/li>\n \t<li>Incluye gafas de sol, protector solar y un sombrero de ala ancha para protegerte de los rayos UV.<\/li>\n<\/ol>\n<\/li>\n<\/ul>\t\t\t\t\t\t\t\t<\/div>\n\t\t\t\t<\/div>\n\t\t\t\t<\/div>\n\t\t\t\t<\/div>\n\t\t<div id=\"e-n-tab-content-306775392\" role=\"tabpanel\" aria-labelledby=\"e-n-tab-title-306775392\" data-tab-index=\"2\" style=\"--n-tabs-title-order: 2;\" class=\" elementor-element elementor-element-f4c5609 e-con-full e-flex e-con e-child\" data-id=\"f4c5609\" data-element_type=\"container\">\n\t\t<div class=\"elementor-element elementor-element-35b5a03 e-con-full e-flex e-con e-child\" data-id=\"35b5a03\" data-element_type=\"container\" data-settings=\"{&quot;background_background&quot;:&quot;classic&quot;}\">\n\t\t\t\t<\/div>\n\t\t<div class=\"elementor-element elementor-element-784ad97 e-con-full e-flex e-con e-child\" data-id=\"784ad97\" data-element_type=\"container\">\n\t\t\t\t<div class=\"elementor-element elementor-element-e5191d5 elementor-widget elementor-widget-text-editor\" data-id=\"e5191d5\" data-element_type=\"widget\" data-widget_type=\"text-editor.default\">\n\t\t\t\t<div class=\"elementor-widget-container\">\n\t\t\t\t\t\t\t\t\t<p>Aqu\u00ed te ofrecemos consejos pr\u00e1cticos para prevenir y manejar cualquier molestia y disfrutar al m\u00e1ximo tu experiencia.<\/p><ul><li><strong>Caracter\u00edsticas:<\/strong> Dias soleados, cielos despejados y m\u00ednima probabilidad de lluvias.<\/li><li><strong>Temperatura:<\/strong> Temperaturas m\u00e1s frescas por la noche, ideal para quienes disfrutan de caminatas sin riesgo de lluvias inesperadas.<\/li><li><strong>Ventaja:<\/strong> Perfecto para fotografias con paisajes despejados y condiciones \u00f3ptimas para explorar.<\/li><li><strong>Recomendaci\u00f3n:<\/strong><ol><li>Lleva ropa ligera y transpirable para el d\u00eda.<\/li><li>Usa un abrigo o chaqueta para las primeras horas del d\u00eda y las noches.<\/li><li>Incluye gafas de sol, protector solar y un sombrero de ala ancha para protegerte de los rayos UV.<\/li><\/ol><\/li><\/ul>\t\t\t\t\t\t\t\t<\/div>\n\t\t\t\t<\/div>\n\t\t\t\t<\/div>\n\t\t\t\t<\/div>\n\t\t\t\t\t<\/div>\n\t\t<\/div>\n\t\t\t\t\t\t<\/div>\n\t\t\t\t<\/div>\n\t\t\t\t\t<\/div>\n\t\t\t\t<\/div>\n\t\t\t\t<\/div>\n\t\t","protected":false},"excerpt":{"rendered":"<p>Altura y Clima de Machu Picchu Descubre todo sobre la altura y el clima de Machu Picchu, uno de los destinos m\u00e1s fascinantes del mundo. Aqu\u00ed encontrar\u00e1s informaci\u00f3n sobre las temperaturas promedio, las mejores \u00e9pocas para visitar, y c\u00f3mo prepararte para la altitud de este ic\u00f3nico lugar. Explora consejos \u00fatiles para que tu experiencia sea &hellip;<\/p>\n<p class=\"read-more\"> <a class=\"\" href=\"https:\/\/www.perurail.com\/es\/altura-y-clima-de-machu-picchu\/\"> <span class=\"screen-reader-text\">Altura y clima de Machu Picchu<\/span> Leer m\u00e1s &raquo;<\/a><\/p>\n","protected":false},"author":2,"featured_media":0,"parent":0,"menu_order":0,"comment_status":"closed","ping_status":"closed","template":"","meta":{"site-sidebar-layout":"no-sidebar","site-content-layout":"","ast-site-content-layout":"full-width-container","site-content-style":"default","site-sidebar-style":"default","ast-global-header-display":"","ast-banner-title-visibility":"","ast-main-header-display":"","ast-hfb-above-header-display":"","ast-hfb-below-header-display":"","ast-hfb-mobile-header-display":"","site-post-title":"disabled","ast-breadcrumbs-content":"","ast-featured-img":"disabled","footer-sml-layout":"","theme-transparent-header-meta":"","adv-header-id-meta":"","stick-header-meta":"","header-above-stick-meta":"","header-main-stick-meta":"","header-below-stick-meta":"","astra-migrate-meta-layouts":"default","ast-page-background-enabled":"default","ast-page-background-meta":{"desktop":{"background-color":"var(--ast-global-color-4)","background-image":"","background-repeat":"repeat","background-position":"center center","background-size":"auto","background-attachment":"scroll","background-type":"","background-media":"","overlay-type":"","overlay-color":"","overlay-gradient":""},"tablet":{"background-color":"","background-image":"","background-repeat":"repeat","background-position":"center center","background-size":"auto","background-attachment":"scroll","background-type":"","background-media":"","overlay-type":"","overlay-color":"","overlay-gradient":""},"mobile":{"background-color":"","background-image":"","background-repeat":"repeat","background-position":"center center","background-size":"auto","background-attachment":"scroll","background-type":"","background-media":"","overlay-type":"","overlay-color":"","overlay-gradient":""}},"ast-content-background-meta":{"desktop":{"background-color":"var(--ast-global-color-5)","background-image":"","background-repeat":"repeat","background-position":"center center","background-size":"auto","background-attachment":"scroll","background-type":"","background-media":"","overlay-type":"","overlay-color":"","overlay-gradient":""},"tablet":{"background-color":"var(--ast-global-color-5)","background-image":"","background-repeat":"repeat","background-position":"center center","background-size":"auto","background-attachment":"scroll","background-type":"","background-media":"","overlay-type":"","overlay-color":"","overlay-gradient":""},"mobile":{"background-color":"var(--ast-global-color-5)","background-image":"","background-repeat":"repeat","background-position":"center center","background-size":"auto","background-attachment":"scroll","background-type":"","background-media":"","overlay-type":"","overlay-color":"","overlay-gradient":""}},"footnotes":""},"class_list":["post-69705","page","type-page","status-publish","hentry"],"yoast_head":"<!-- This site is optimized with the Yoast SEO plugin v25.9 - https:\/\/yoast.com\/wordpress\/plugins\/seo\/ -->\n<title>Altura y Clima de Machu Picchu: Gu\u00eda Completa para Viajeros 2025<\/title>\n<meta name=\"description\" content=\"Descubre la altitud de Machu Picchu, su clima por estaciones y consejos esenciales para aclimatarte y disfrutar tu visita. Informaci\u00f3n actualizada para turistas en 2025.\" \/>\n<meta name=\"robots\" content=\"index, follow, max-snippet:-1, max-image-preview:large, max-video-preview:-1\" \/>\n<link rel=\"canonical\" href=\"https:\/\/www.perurail.com\/es\/altura-y-clima-de-machu-picchu\/\" \/>\n<meta property=\"og:locale\" content=\"es_ES\" \/>\n<meta property=\"og:type\" content=\"article\" \/>\n<meta property=\"og:title\" content=\"Altura y Clima de Machu Picchu: Gu\u00eda Completa para Viajeros 2025\" \/>\n<meta property=\"og:description\" content=\"Descubre la altitud de Machu Picchu, su clima por estaciones y consejos esenciales para aclimatarte y disfrutar tu visita. Informaci\u00f3n actualizada para turistas en 2025.\" \/>\n<meta property=\"og:url\" content=\"https:\/\/www.perurail.com\/es\/altura-y-clima-de-machu-picchu\/\" \/>\n<meta property=\"og:site_name\" content=\"Train to Machu Picchu - Ollantaytambo - Cusco | Peru Rail | Deals | Perurail\" \/>\n<meta property=\"article:modified_time\" content=\"2025-08-07T16:18:15+00:00\" \/>\n<meta property=\"og:image\" content=\"https:\/\/www.perurail.com\/wp-content\/uploads\/2025\/08\/portada-altura-clima-machu-picchu-e1754431972937.webp\" \/>\n\t<meta property=\"og:image:width\" content=\"1200\" \/>\n\t<meta property=\"og:image:height\" content=\"675\" \/>\n\t<meta property=\"og:image:type\" content=\"image\/webp\" \/>\n<meta name=\"twitter:card\" content=\"summary_large_image\" \/>\n<meta name=\"twitter:label1\" content=\"Tiempo de lectura\" \/>\n\t<meta name=\"twitter:data1\" content=\"6 minutos\" \/>\n<script type=\"application\/ld+json\" class=\"yoast-schema-graph\">{\"@context\":\"https:\/\/schema.org\",\"@graph\":[{\"@type\":\"WebPage\",\"@id\":\"https:\/\/www.perurail.com\/es\/altura-y-clima-de-machu-picchu\/\",\"url\":\"https:\/\/www.perurail.com\/es\/altura-y-clima-de-machu-picchu\/\",\"name\":\"Altura y Clima de Machu Picchu: Gu\u00eda Completa para Viajeros 2025\",\"isPartOf\":{\"@id\":\"https:\/\/www.perurail.com\/es\/#website\"},\"datePublished\":\"2025-08-05T22:02:39+00:00\",\"dateModified\":\"2025-08-07T16:18:15+00:00\",\"description\":\"Descubre la altitud de Machu Picchu, su clima por estaciones y consejos esenciales para aclimatarte y disfrutar tu visita. Informaci\u00f3n actualizada para turistas en 2025.\",\"inLanguage\":\"es\",\"potentialAction\":[{\"@type\":\"ReadAction\",\"target\":[\"https:\/\/www.perurail.com\/es\/altura-y-clima-de-machu-picchu\/\"]}]},{\"@type\":\"WebSite\",\"@id\":\"https:\/\/www.perurail.com\/es\/#website\",\"url\":\"https:\/\/www.perurail.com\/es\/\",\"name\":\"Train to Machu Picchu - Ollantaytambo - Cusco | Peru Rail | Deals | Perurail\",\"description\":\"\",\"potentialAction\":[{\"@type\":\"SearchAction\",\"target\":{\"@type\":\"EntryPoint\",\"urlTemplate\":\"https:\/\/www.perurail.com\/es\/?s={search_term_string}\"},\"query-input\":{\"@type\":\"PropertyValueSpecification\",\"valueRequired\":true,\"valueName\":\"search_term_string\"}}],\"inLanguage\":\"es\"}]}<\/script>\n<!-- \/ Yoast SEO plugin. -->","yoast_head_json":{"title":"Altura y Clima de Machu Picchu: Gu\u00eda Completa para Viajeros 2025","description":"Descubre la altitud de Machu Picchu, su clima por estaciones y consejos esenciales para aclimatarte y disfrutar tu visita. Informaci\u00f3n actualizada para turistas en 2025.","robots":{"index":"index","follow":"follow","max-snippet":"max-snippet:-1","max-image-preview":"max-image-preview:large","max-video-preview":"max-video-preview:-1"},"canonical":"https:\/\/www.perurail.com\/es\/altura-y-clima-de-machu-picchu\/","og_locale":"es_ES","og_type":"article","og_title":"Altura y Clima de Machu Picchu: Gu\u00eda Completa para Viajeros 2025","og_description":"Descubre la altitud de Machu Picchu, su clima por estaciones y consejos esenciales para aclimatarte y disfrutar tu visita. Informaci\u00f3n actualizada para turistas en 2025.","og_url":"https:\/\/www.perurail.com\/es\/altura-y-clima-de-machu-picchu\/","og_site_name":"Train to Machu Picchu - Ollantaytambo - Cusco | Peru Rail | Deals | Perurail","article_modified_time":"2025-08-07T16:18:15+00:00","og_image":[{"width":1200,"height":675,"url":"https:\/\/www.perurail.com\/wp-content\/uploads\/2025\/08\/portada-altura-clima-machu-picchu-e1754431972937.webp","type":"image\/webp"}],"twitter_card":"summary_large_image","twitter_misc":{"Tiempo de lectura":"6 minutos"},"schema":{"@context":"https:\/\/schema.org","@graph":[{"@type":"WebPage","@id":"https:\/\/www.perurail.com\/es\/altura-y-clima-de-machu-picchu\/","url":"https:\/\/www.perurail.com\/es\/altura-y-clima-de-machu-picchu\/","name":"Altura y Clima de Machu Picchu: Gu\u00eda Completa para Viajeros 2025","isPartOf":{"@id":"https:\/\/www.perurail.com\/es\/#website"},"datePublished":"2025-08-05T22:02:39+00:00","dateModified":"2025-08-07T16:18:15+00:00","description":"Descubre la altitud de Machu Picchu, su clima por estaciones y consejos esenciales para aclimatarte y disfrutar tu visita. Informaci\u00f3n actualizada para turistas en 2025.","inLanguage":"es","potentialAction":[{"@type":"ReadAction","target":["https:\/\/www.perurail.com\/es\/altura-y-clima-de-machu-picchu\/"]}]},{"@type":"WebSite","@id":"https:\/\/www.perurail.com\/es\/#website","url":"https:\/\/www.perurail.com\/es\/","name":"Train to Machu Picchu - Ollantaytambo - Cusco | Peru Rail | Deals | Perurail","description":"","potentialAction":[{"@type":"SearchAction","target":{"@type":"EntryPoint","urlTemplate":"https:\/\/www.perurail.com\/es\/?s={search_term_string}"},"query-input":{"@type":"PropertyValueSpecification","valueRequired":true,"valueName":"search_term_string"}}],"inLanguage":"es"}]}},"_links":{"self":[{"href":"https:\/\/www.perurail.com\/es\/wp-json\/wp\/v2\/pages\/69705","targetHints":{"allow":["GET"]}}],"collection":[{"href":"https:\/\/www.perurail.com\/es\/wp-json\/wp\/v2\/pages"}],"about":[{"href":"https:\/\/www.perurail.com\/es\/wp-json\/wp\/v2\/types\/page"}],"author":[{"embeddable":true,"href":"https:\/\/www.perurail.com\/es\/wp-json\/wp\/v2\/users\/2"}],"replies":[{"embeddable":true,"href":"https:\/\/www.perurail.com\/es\/wp-json\/wp\/v2\/comments?post=69705"}],"version-history":[{"count":74,"href":"https:\/\/www.perurail.com\/es\/wp-json\/wp\/v2\/pages\/69705\/revisions"}],"predecessor-version":[{"id":72397,"href":"https:\/\/www.perurail.com\/es\/wp-json\/wp\/v2\/pages\/69705\/revisions\/72397"}],"wp:attachment":[{"href":"https:\/\/www.perurail.com\/es\/wp-json\/wp\/v2\/media?parent=69705"}],"curies":[{"name":"wp","href":"https:\/\/api.w.org\/{rel}","templated":true}]}}