{"id":82557,"date":"2025-11-19T11:51:12","date_gmt":"2025-11-19T16:51:12","guid":{"rendered":"https:\/\/www.perurail.com\/?page_id=82557"},"modified":"2025-11-21T11:32:53","modified_gmt":"2025-11-21T16:32:53","slug":"informacion-de-salida-y-llegada-de-trenes","status":"publish","type":"page","link":"https:\/\/www.perurail.com\/es\/informacion-de-salida-y-llegada-de-trenes\/","title":{"rendered":"Informaci\u00f3n de salida y llegada de trenes"},"content":{"rendered":"\t\t<div data-elementor-type=\"wp-page\" data-elementor-id=\"82557\" class=\"elementor elementor-82557\" data-elementor-post-type=\"page\">\n\t\t\t\t<div class=\"elementor-element elementor-element-5f447ce e-flex e-con-boxed e-con e-parent\" data-id=\"5f447ce\" data-element_type=\"container\" data-settings=\"{&quot;background_background&quot;:&quot;classic&quot;}\">\n\t\t\t\t\t<div class=\"e-con-inner\">\n\t\t\t\t<div class=\"elementor-element elementor-element-bc0ab13 elementor-widget elementor-widget-heading\" data-id=\"bc0ab13\" data-element_type=\"widget\" data-widget_type=\"heading.default\">\n\t\t\t\t<div class=\"elementor-widget-container\">\n\t\t\t\t\t<h2 class=\"elementor-heading-title elementor-size-default\">En vivo: Salidas y llegadas de trenes\u200b<\/h2>\t\t\t\t<\/div>\n\t\t\t\t<\/div>\n\t\t\t\t<div class=\"elementor-element elementor-element-3b70bbe elementor-widget elementor-widget-text-editor\" data-id=\"3b70bbe\" data-element_type=\"widget\" data-widget_type=\"text-editor.default\">\n\t\t\t\t<div class=\"elementor-widget-container\">\n\t\t\t\t\t\t\t\t\t<p>Consulta los horarios de salida y llegada de nuestros trenes actualizados diariamente. Esta herramienta te ayuda a planificar tu viaje con confianza y disfrutar una experiencia sin contratiempos.<\/p>\t\t\t\t\t\t\t\t<\/div>\n\t\t\t\t<\/div>\n\t\t\t\t\t<\/div>\n\t\t\t\t<\/div>\n\t\t<div class=\"elementor-element elementor-element-5842eb9 e-flex e-con-boxed e-con e-parent\" data-id=\"5842eb9\" data-element_type=\"container\">\n\t\t\t\t\t<div class=\"e-con-inner\">\n\t\t<div class=\"elementor-element elementor-element-8e945f9 e-con-full e-flex e-con e-child\" data-id=\"8e945f9\" data-element_type=\"container\" data-settings=\"{&quot;background_background&quot;:&quot;classic&quot;}\">\n\t\t\t\t<div class=\"elementor-element elementor-element-7861596 elementor-widget elementor-widget-html\" data-id=\"7861596\" data-element_type=\"widget\" data-widget_type=\"html.default\">\n\t\t\t\t<div class=\"elementor-widget-container\">\n\t\t\t\t\t<div class=\"iframe-container\">\r\n  <iframe\r\n    id=\"dynamic-iframe\"\r\n    src=\"https:\/\/wapps.perurail.com\/pantallas\/itineraries\"\r\n    frameborder=\"0\"\r\n    allow=\"autoplay; encrypted-media\"\r\n    allowfullscreen\r\n    style=\"width: 100%; border: none; display: block; transition: height 0.3s ease;\"\r\n  ><\/iframe>\r\n<\/div>\r\n\r\n<script>\r\ndocument.addEventListener(\"DOMContentLoaded\", function() {\r\n  const iframe = document.getElementById(\"dynamic-iframe\");\r\n  console.log(\"heheh\");\r\n\r\n  \/\/ Escucha mensajes desde el iframe\r\n  window.addEventListener(\"message\", function(event) {\r\n    \/\/ Aseg\u00farate de que proviene de tu dominio autorizado\r\n    if (!event.origin.includes(\"perurail.com\")) return;\r\n\r\n    if (event.data.type === \"setHeight\") {\r\n      const newHeight = parseInt(event.data.height, 10);\r\n\r\n      \/\/ Ajuste inmediato del alto (sube o baja din\u00e1micamente)\r\n      if (!isNaN(newHeight)) {\r\n        iframe.style.height = newHeight + \"px\";\r\n      }\r\n    }\r\n  });\r\n});\r\n<\/script>\t\t\t\t<\/div>\n\t\t\t\t<\/div>\n\t\t\t\t<\/div>\n\t\t<div class=\"elementor-element elementor-element-8124cd3 e-con-full e-flex e-con e-child\" data-id=\"8124cd3\" data-element_type=\"container\">\n\t\t\t\t<div class=\"elementor-element elementor-element-f9885e6 elementor-widget elementor-widget-text-editor\" data-id=\"f9885e6\" data-element_type=\"widget\" data-widget_type=\"text-editor.default\">\n\t\t\t\t<div class=\"elementor-widget-container\">\n\t\t\t\t\t\t\t\t\t<p><em>Nota: La informaci\u00f3n mostrada aqu\u00ed proviene del concesionario Ferrocarril Trasandino S.A. Si tarda en cargar, por favor, actualiza la p\u00e1gina.<\/em><\/p>\t\t\t\t\t\t\t\t<\/div>\n\t\t\t\t<\/div>\n\t\t\t\t<\/div>\n\t\t\t\t\t<\/div>\n\t\t\t\t<\/div>\n\t\t<div class=\"elementor-element elementor-element-faa4dd3 e-flex e-con-boxed e-con e-parent\" data-id=\"faa4dd3\" data-element_type=\"container\" data-settings=\"{&quot;background_background&quot;:&quot;classic&quot;}\">\n\t\t\t\t\t<div class=\"e-con-inner\">\n\t\t\t\t<div class=\"elementor-element elementor-element-491df12 elementor-widget elementor-widget-heading\" data-id=\"491df12\" data-element_type=\"widget\" data-widget_type=\"heading.default\">\n\t\t\t\t<div class=\"elementor-widget-container\">\n\t\t\t\t\t<h2 class=\"elementor-heading-title elementor-size-default\">Consideraciones<\/h2>\t\t\t\t<\/div>\n\t\t\t\t<\/div>\n\t\t\t\t<div class=\"elementor-element elementor-element-4d21517 elementor-widget elementor-widget-text-editor\" data-id=\"4d21517\" data-element_type=\"widget\" data-widget_type=\"text-editor.default\">\n\t\t\t\t<div class=\"elementor-widget-container\">\n\t\t\t\t\t\t\t\t\t<ul><li><strong>Llega con anticipaci\u00f3n:<\/strong> Te recomendamos estar en la estaci\u00f3n <strong>30 minutos antes<\/strong> de la salida.\u200b<\/li><li><strong>Documentos a la mano:<\/strong> Ten tu boleto y documento de identidad listos para agilizar el embarque.\u200b<\/li><li><strong><a href=\"https:\/\/www.perurail.com\/es\/equipaje\/\" target=\"_blank\" rel=\"noopener\">Equipaje permitido:<\/a><\/strong> Consulta las pol\u00edticas de equipaje para evitar inconvenientes.\u200b<\/li><li><strong><a href=\"https:\/\/www.perurail.com\/es\/recomendaciones-de-viaje\/\" target=\"_blank\" rel=\"noopener\">Clima y vestimenta:<\/a><\/strong> El clima en Cusco, Machu Picchu, Puno y Arequipa puede variar; lleva ropa c\u00f3moda y una chaqueta ligera.<\/li><li><strong><a href=\"https:\/\/www.perurail.com\/es\/comparar-servicios-de-tren\/\" target=\"_blank\" rel=\"noopener\">Servicios a bordo:<\/a><\/strong> Descubre qu\u00e9 incluye tu tren (snacks, bebidas, vistas panor\u00e1micas).\u200b<\/li><li><strong><a href=\"https:\/\/www.perurail.com\/es\/modificaciones-de-ticket\/\" target=\"_blank\" rel=\"noopener\">Pol\u00edtica de cambios:<\/a><\/strong> Si necesitas modificar tu viaje, revisa nuestras opciones de cambio y llena el formulario.<\/li><\/ul>\t\t\t\t\t\t\t\t<\/div>\n\t\t\t\t<\/div>\n\t\t\t\t\t<\/div>\n\t\t\t\t<\/div>\n\t\t<div class=\"elementor-element elementor-element-e684492 e-flex e-con-boxed e-con e-parent\" data-id=\"e684492\" data-element_type=\"container\">\n\t\t\t\t\t<div class=\"e-con-inner\">\n\t\t\t\t<div class=\"elementor-element elementor-element-67870b8 elementor-widget elementor-widget-heading\" data-id=\"67870b8\" data-element_type=\"widget\" data-widget_type=\"heading.default\">\n\t\t\t\t<div class=\"elementor-widget-container\">\n\t\t\t\t\t<h2 class=\"elementor-heading-title elementor-size-default\">Te puede interesar<\/h2>\t\t\t\t<\/div>\n\t\t\t\t<\/div>\n\t\t<div class=\"elementor-element elementor-element-967c66e e-con-full e-flex e-con e-child\" data-id=\"967c66e\" data-element_type=\"container\">\n\t\t\t\t<div class=\"elementor-element elementor-element-6d24b9e elementor-view-default elementor-position-top elementor-mobile-position-top elementor-widget elementor-widget-icon-box\" data-id=\"6d24b9e\" data-element_type=\"widget\" data-widget_type=\"icon-box.default\">\n\t\t\t\t<div class=\"elementor-widget-container\">\n\t\t\t\t\t\t\t<div class=\"elementor-icon-box-wrapper\">\n\n\t\t\t\t\t\t<div class=\"elementor-icon-box-icon\">\n\t\t\t\t<a href=\"https:\/\/book.perurail.com\/?tipoIdioma=2\" class=\"elementor-icon\" tabindex=\"-1\" aria-label=\"Comprar boletos &lt;br&gt;de tren\u200b\">\n\t\t\t\t<svg aria-hidden=\"true\" class=\"e-font-icon-svg e-fas-store\" viewBox=\"0 0 616 512\" xmlns=\"http:\/\/www.w3.org\/2000\/svg\"><path d=\"M602 118.6L537.1 15C531.3 5.7 521 0 510 0H106C95 0 84.7 5.7 78.9 15L14 118.6c-33.5 53.5-3.8 127.9 58.8 136.4 4.5.6 9.1.9 13.7.9 29.6 0 55.8-13 73.8-33.1 18 20.1 44.3 33.1 73.8 33.1 29.6 0 55.8-13 73.8-33.1 18 20.1 44.3 33.1 73.8 33.1 29.6 0 55.8-13 73.8-33.1 18.1 20.1 44.3 33.1 73.8 33.1 4.7 0 9.2-.3 13.7-.9 62.8-8.4 92.6-82.8 59-136.4zM529.5 288c-10 0-19.9-1.5-29.5-3.8V384H116v-99.8c-9.6 2.2-19.5 3.8-29.5 3.8-6 0-12.1-.4-18-1.2-5.6-.8-11.1-2.1-16.4-3.6V480c0 17.7 14.3 32 32 32h448c17.7 0 32-14.3 32-32V283.2c-5.4 1.6-10.8 2.9-16.4 3.6-6.1.8-12.1 1.2-18.2 1.2z\"><\/path><\/svg>\t\t\t\t<\/a>\n\t\t\t<\/div>\n\t\t\t\n\t\t\t\t\t\t<div class=\"elementor-icon-box-content\">\n\n\t\t\t\t\t\t\t\t\t<h4 class=\"elementor-icon-box-title\">\n\t\t\t\t\t\t<a href=\"https:\/\/book.perurail.com\/?tipoIdioma=2\" >\n\t\t\t\t\t\t\tComprar boletos <br>de tren\u200b\t\t\t\t\t\t<\/a>\n\t\t\t\t\t<\/h4>\n\t\t\t\t\n\t\t\t\t\n\t\t\t<\/div>\n\t\t\t\n\t\t<\/div>\n\t\t\t\t\t\t<\/div>\n\t\t\t\t<\/div>\n\t\t\t\t<div class=\"elementor-element elementor-element-7bb72b0 elementor-view-default elementor-position-top elementor-mobile-position-top elementor-widget elementor-widget-icon-box\" data-id=\"7bb72b0\" data-element_type=\"widget\" data-widget_type=\"icon-box.default\">\n\t\t\t\t<div class=\"elementor-widget-container\">\n\t\t\t\t\t\t\t<div class=\"elementor-icon-box-wrapper\">\n\n\t\t\t\t\t\t<div class=\"elementor-icon-box-icon\">\n\t\t\t\t<a href=\"https:\/\/www.perurail.com\/es\/entradas-a-machu-picchu\/\" class=\"elementor-icon\" tabindex=\"-1\" aria-label=\"Entradas de ingreso &lt;br&gt;a Machu Picchu\u200b\">\n\t\t\t\t<svg aria-hidden=\"true\" class=\"e-font-icon-svg e-fas-ticket-alt\" viewBox=\"0 0 576 512\" xmlns=\"http:\/\/www.w3.org\/2000\/svg\"><path d=\"M128 160h320v192H128V160zm400 96c0 26.51 21.49 48 48 48v96c0 26.51-21.49 48-48 48H48c-26.51 0-48-21.49-48-48v-96c26.51 0 48-21.49 48-48s-21.49-48-48-48v-96c0-26.51 21.49-48 48-48h480c26.51 0 48 21.49 48 48v96c-26.51 0-48 21.49-48 48zm-48-104c0-13.255-10.745-24-24-24H120c-13.255 0-24 10.745-24 24v208c0 13.255 10.745 24 24 24h336c13.255 0 24-10.745 24-24V152z\"><\/path><\/svg>\t\t\t\t<\/a>\n\t\t\t<\/div>\n\t\t\t\n\t\t\t\t\t\t<div class=\"elementor-icon-box-content\">\n\n\t\t\t\t\t\t\t\t\t<h4 class=\"elementor-icon-box-title\">\n\t\t\t\t\t\t<a href=\"https:\/\/www.perurail.com\/es\/entradas-a-machu-picchu\/\" >\n\t\t\t\t\t\t\tEntradas de ingreso <br>a Machu Picchu\u200b\t\t\t\t\t\t<\/a>\n\t\t\t\t\t<\/h4>\n\t\t\t\t\n\t\t\t\t\n\t\t\t<\/div>\n\t\t\t\n\t\t<\/div>\n\t\t\t\t\t\t<\/div>\n\t\t\t\t<\/div>\n\t\t\t\t<div class=\"elementor-element elementor-element-7a57d8d elementor-view-default elementor-position-top elementor-mobile-position-top elementor-widget elementor-widget-icon-box\" data-id=\"7a57d8d\" data-element_type=\"widget\" data-widget_type=\"icon-box.default\">\n\t\t\t\t<div class=\"elementor-widget-container\">\n\t\t\t\t\t\t\t<div class=\"elementor-icon-box-wrapper\">\n\n\t\t\t\t\t\t<div class=\"elementor-icon-box-icon\">\n\t\t\t\t<a href=\"https:\/\/www.perurail.com\/es\/como-armar-tu-viaje-a-machu-picchu-por-tu-cuenta\/\" class=\"elementor-icon\" tabindex=\"-1\" aria-label=\"C\u00f3mo armar tu viaje &lt;br&gt;a Machu Picchu\u200b\">\n\t\t\t\t<svg aria-hidden=\"true\" class=\"e-font-icon-svg e-fas-map-signs\" viewBox=\"0 0 512 512\" xmlns=\"http:\/\/www.w3.org\/2000\/svg\"><path d=\"M507.31 84.69L464 41.37c-6-6-14.14-9.37-22.63-9.37H288V16c0-8.84-7.16-16-16-16h-32c-8.84 0-16 7.16-16 16v16H56c-13.25 0-24 10.75-24 24v80c0 13.25 10.75 24 24 24h385.37c8.49 0 16.62-3.37 22.63-9.37l43.31-43.31c6.25-6.26 6.25-16.38 0-22.63zM224 496c0 8.84 7.16 16 16 16h32c8.84 0 16-7.16 16-16V384h-64v112zm232-272H288v-32h-64v32H70.63c-8.49 0-16.62 3.37-22.63 9.37L4.69 276.69c-6.25 6.25-6.25 16.38 0 22.63L48 342.63c6 6 14.14 9.37 22.63 9.37H456c13.25 0 24-10.75 24-24v-80c0-13.25-10.75-24-24-24z\"><\/path><\/svg>\t\t\t\t<\/a>\n\t\t\t<\/div>\n\t\t\t\n\t\t\t\t\t\t<div class=\"elementor-icon-box-content\">\n\n\t\t\t\t\t\t\t\t\t<h4 class=\"elementor-icon-box-title\">\n\t\t\t\t\t\t<a href=\"https:\/\/www.perurail.com\/es\/como-armar-tu-viaje-a-machu-picchu-por-tu-cuenta\/\" >\n\t\t\t\t\t\t\tC\u00f3mo armar tu viaje <br>a Machu Picchu\u200b\t\t\t\t\t\t<\/a>\n\t\t\t\t\t<\/h4>\n\t\t\t\t\n\t\t\t\t\n\t\t\t<\/div>\n\t\t\t\n\t\t<\/div>\n\t\t\t\t\t\t<\/div>\n\t\t\t\t<\/div>\n\t\t\t\t<div class=\"elementor-element elementor-element-f646563 elementor-view-default elementor-position-top elementor-mobile-position-top elementor-widget elementor-widget-icon-box\" data-id=\"f646563\" data-element_type=\"widget\" data-widget_type=\"icon-box.default\">\n\t\t\t\t<div class=\"elementor-widget-container\">\n\t\t\t\t\t\t\t<div class=\"elementor-icon-box-wrapper\">\n\n\t\t\t\t\t\t<div class=\"elementor-icon-box-icon\">\n\t\t\t\t<a href=\"https:\/\/www.perurail.com\/es\/descargar-boleto\/\" class=\"elementor-icon\" tabindex=\"-1\" aria-label=\"Descargar boletos &lt;br&gt;de tren\u200b\">\n\t\t\t\t<svg aria-hidden=\"true\" class=\"e-font-icon-svg e-fas-file-download\" viewBox=\"0 0 384 512\" xmlns=\"http:\/\/www.w3.org\/2000\/svg\"><path d=\"M224 136V0H24C10.7 0 0 10.7 0 24v464c0 13.3 10.7 24 24 24h336c13.3 0 24-10.7 24-24V160H248c-13.2 0-24-10.8-24-24zm76.45 211.36l-96.42 95.7c-6.65 6.61-17.39 6.61-24.04 0l-96.42-95.7C73.42 337.29 80.54 320 94.82 320H160v-80c0-8.84 7.16-16 16-16h32c8.84 0 16 7.16 16 16v80h65.18c14.28 0 21.4 17.29 11.27 27.36zM377 105L279.1 7c-4.5-4.5-10.6-7-17-7H256v128h128v-6.1c0-6.3-2.5-12.4-7-16.9z\"><\/path><\/svg>\t\t\t\t<\/a>\n\t\t\t<\/div>\n\t\t\t\n\t\t\t\t\t\t<div class=\"elementor-icon-box-content\">\n\n\t\t\t\t\t\t\t\t\t<h4 class=\"elementor-icon-box-title\">\n\t\t\t\t\t\t<a href=\"https:\/\/www.perurail.com\/es\/descargar-boleto\/\" >\n\t\t\t\t\t\t\tDescargar boletos <br>de tren\u200b\t\t\t\t\t\t<\/a>\n\t\t\t\t\t<\/h4>\n\t\t\t\t\n\t\t\t\t\n\t\t\t<\/div>\n\t\t\t\n\t\t<\/div>\n\t\t\t\t\t\t<\/div>\n\t\t\t\t<\/div>\n\t\t\t\t<\/div>\n\t\t\t\t\t<\/div>\n\t\t\t\t<\/div>\n\t\t\t\t<\/div>\n\t\t","protected":false},"excerpt":{"rendered":"<p>En vivo: Salidas y llegadas de trenes\u200b Consulta los horarios de salida y llegada de nuestros trenes actualizados diariamente. Esta herramienta te ayuda a planificar tu viaje con confianza y disfrutar una experiencia sin contratiempos. Nota: La informaci\u00f3n mostrada aqu\u00ed proviene del concesionario Ferrocarril Trasandino S.A. Si tarda en cargar, por favor, actualiza la p\u00e1gina. &hellip;<\/p>\n<p class=\"read-more\"> <a class=\"\" href=\"https:\/\/www.perurail.com\/es\/informacion-de-salida-y-llegada-de-trenes\/\"> <span class=\"screen-reader-text\">Informaci\u00f3n de salida y llegada de trenes<\/span> Leer m\u00e1s &raquo;<\/a><\/p>\n","protected":false},"author":2,"featured_media":0,"parent":0,"menu_order":0,"comment_status":"closed","ping_status":"closed","template":"","meta":{"site-sidebar-layout":"no-sidebar","site-content-layout":"","ast-site-content-layout":"full-width-container","site-content-style":"default","site-sidebar-style":"default","ast-global-header-display":"","ast-banner-title-visibility":"","ast-main-header-display":"","ast-hfb-above-header-display":"","ast-hfb-below-header-display":"","ast-hfb-mobile-header-display":"","site-post-title":"disabled","ast-breadcrumbs-content":"","ast-featured-img":"disabled","footer-sml-layout":"","theme-transparent-header-meta":"","adv-header-id-meta":"","stick-header-meta":"","header-above-stick-meta":"","header-main-stick-meta":"","header-below-stick-meta":"","astra-migrate-meta-layouts":"default","ast-page-background-enabled":"default","ast-page-background-meta":{"desktop":{"background-color":"var(--ast-global-color-4)","background-image":"","background-repeat":"repeat","background-position":"center center","background-size":"auto","background-attachment":"scroll","background-type":"","background-media":"","overlay-type":"","overlay-color":"","overlay-gradient":""},"tablet":{"background-color":"","background-image":"","background-repeat":"repeat","background-position":"center center","background-size":"auto","background-attachment":"scroll","background-type":"","background-media":"","overlay-type":"","overlay-color":"","overlay-gradient":""},"mobile":{"background-color":"","background-image":"","background-repeat":"repeat","background-position":"center center","background-size":"auto","background-attachment":"scroll","background-type":"","background-media":"","overlay-type":"","overlay-color":"","overlay-gradient":""}},"ast-content-background-meta":{"desktop":{"background-color":"var(--ast-global-color-5)","background-image":"","background-repeat":"repeat","background-position":"center center","background-size":"auto","background-attachment":"scroll","background-type":"","background-media":"","overlay-type":"","overlay-color":"","overlay-gradient":""},"tablet":{"background-color":"var(--ast-global-color-5)","background-image":"","background-repeat":"repeat","background-position":"center center","background-size":"auto","background-attachment":"scroll","background-type":"","background-media":"","overlay-type":"","overlay-color":"","overlay-gradient":""},"mobile":{"background-color":"var(--ast-global-color-5)","background-image":"","background-repeat":"repeat","background-position":"center center","background-size":"auto","background-attachment":"scroll","background-type":"","background-media":"","overlay-type":"","overlay-color":"","overlay-gradient":""}},"footnotes":""},"class_list":["post-82557","page","type-page","status-publish","hentry"],"yoast_head":"<!-- This site is optimized with the Yoast SEO plugin v25.9 - https:\/\/yoast.com\/wordpress\/plugins\/seo\/ -->\n<title>Horarios en vivo: Salidas y llegadas de trenes PeruRail<\/title>\n<meta name=\"description\" content=\"Consulta las salidas y llegadas de nuestros trenes a Cusco, Machu Picchu, Puno y Arequipa actualizadas cada d\u00eda. Planifica tu viaje y compra boletos online f\u00e1cilmente.\" \/>\n<meta name=\"robots\" content=\"index, follow, max-snippet:-1, max-image-preview:large, max-video-preview:-1\" \/>\n<link rel=\"canonical\" href=\"https:\/\/www.perurail.com\/es\/informacion-de-salida-y-llegada-de-trenes\/\" \/>\n<meta property=\"og:locale\" content=\"es_ES\" \/>\n<meta property=\"og:type\" content=\"article\" \/>\n<meta property=\"og:title\" content=\"Horarios en vivo: Salidas y llegadas de trenes PeruRail\" \/>\n<meta property=\"og:description\" content=\"Consulta las salidas y llegadas de nuestros trenes a Cusco, Machu Picchu, Puno y Arequipa actualizadas cada d\u00eda. Planifica tu viaje y compra boletos online f\u00e1cilmente.\" \/>\n<meta property=\"og:url\" content=\"https:\/\/www.perurail.com\/es\/informacion-de-salida-y-llegada-de-trenes\/\" \/>\n<meta property=\"og:site_name\" content=\"Train to Machu Picchu - Ollantaytambo - Cusco | Peru Rail | Deals | Perurail\" \/>\n<meta property=\"article:modified_time\" content=\"2025-11-21T16:32:53+00:00\" \/>\n<meta property=\"og:image\" content=\"https:\/\/www.perurail.com\/wp-content\/uploads\/2024\/08\/VIO-viajes-portada.jpg\" \/>\n\t<meta property=\"og:image:width\" content=\"1060\" \/>\n\t<meta property=\"og:image:height\" content=\"500\" \/>\n\t<meta property=\"og:image:type\" content=\"image\/jpeg\" \/>\n<meta name=\"twitter:card\" content=\"summary_large_image\" \/>\n<meta name=\"twitter:label1\" content=\"Tiempo de lectura\" \/>\n\t<meta name=\"twitter:data1\" content=\"1 minuto\" \/>\n<script type=\"application\/ld+json\" class=\"yoast-schema-graph\">{\"@context\":\"https:\/\/schema.org\",\"@graph\":[{\"@type\":\"WebPage\",\"@id\":\"https:\/\/www.perurail.com\/es\/informacion-de-salida-y-llegada-de-trenes\/\",\"url\":\"https:\/\/www.perurail.com\/es\/informacion-de-salida-y-llegada-de-trenes\/\",\"name\":\"Horarios en vivo: Salidas y llegadas de trenes PeruRail\",\"isPartOf\":{\"@id\":\"https:\/\/www.perurail.com\/es\/#website\"},\"datePublished\":\"2025-11-19T16:51:12+00:00\",\"dateModified\":\"2025-11-21T16:32:53+00:00\",\"description\":\"Consulta las salidas y llegadas de nuestros trenes a Cusco, Machu Picchu, Puno y Arequipa actualizadas cada d\u00eda. Planifica tu viaje y compra boletos online f\u00e1cilmente.\",\"inLanguage\":\"es\",\"potentialAction\":[{\"@type\":\"ReadAction\",\"target\":[\"https:\/\/www.perurail.com\/es\/informacion-de-salida-y-llegada-de-trenes\/\"]}]},{\"@type\":\"WebSite\",\"@id\":\"https:\/\/www.perurail.com\/es\/#website\",\"url\":\"https:\/\/www.perurail.com\/es\/\",\"name\":\"Train to Machu Picchu - Ollantaytambo - Cusco | Peru Rail | Deals | Perurail\",\"description\":\"\",\"potentialAction\":[{\"@type\":\"SearchAction\",\"target\":{\"@type\":\"EntryPoint\",\"urlTemplate\":\"https:\/\/www.perurail.com\/es\/?s={search_term_string}\"},\"query-input\":{\"@type\":\"PropertyValueSpecification\",\"valueRequired\":true,\"valueName\":\"search_term_string\"}}],\"inLanguage\":\"es\"}]}<\/script>\n<!-- \/ Yoast SEO plugin. -->","yoast_head_json":{"title":"Horarios en vivo: Salidas y llegadas de trenes PeruRail","description":"Consulta las salidas y llegadas de nuestros trenes a Cusco, Machu Picchu, Puno y Arequipa actualizadas cada d\u00eda. Planifica tu viaje y compra boletos online f\u00e1cilmente.","robots":{"index":"index","follow":"follow","max-snippet":"max-snippet:-1","max-image-preview":"max-image-preview:large","max-video-preview":"max-video-preview:-1"},"canonical":"https:\/\/www.perurail.com\/es\/informacion-de-salida-y-llegada-de-trenes\/","og_locale":"es_ES","og_type":"article","og_title":"Horarios en vivo: Salidas y llegadas de trenes PeruRail","og_description":"Consulta las salidas y llegadas de nuestros trenes a Cusco, Machu Picchu, Puno y Arequipa actualizadas cada d\u00eda. Planifica tu viaje y compra boletos online f\u00e1cilmente.","og_url":"https:\/\/www.perurail.com\/es\/informacion-de-salida-y-llegada-de-trenes\/","og_site_name":"Train to Machu Picchu - Ollantaytambo - Cusco | Peru Rail | Deals | Perurail","article_modified_time":"2025-11-21T16:32:53+00:00","og_image":[{"width":1060,"height":500,"url":"https:\/\/www.perurail.com\/wp-content\/uploads\/2024\/08\/VIO-viajes-portada.jpg","type":"image\/jpeg"}],"twitter_card":"summary_large_image","twitter_misc":{"Tiempo de lectura":"1 minuto"},"schema":{"@context":"https:\/\/schema.org","@graph":[{"@type":"WebPage","@id":"https:\/\/www.perurail.com\/es\/informacion-de-salida-y-llegada-de-trenes\/","url":"https:\/\/www.perurail.com\/es\/informacion-de-salida-y-llegada-de-trenes\/","name":"Horarios en vivo: Salidas y llegadas de trenes PeruRail","isPartOf":{"@id":"https:\/\/www.perurail.com\/es\/#website"},"datePublished":"2025-11-19T16:51:12+00:00","dateModified":"2025-11-21T16:32:53+00:00","description":"Consulta las salidas y llegadas de nuestros trenes a Cusco, Machu Picchu, Puno y Arequipa actualizadas cada d\u00eda. Planifica tu viaje y compra boletos online f\u00e1cilmente.","inLanguage":"es","potentialAction":[{"@type":"ReadAction","target":["https:\/\/www.perurail.com\/es\/informacion-de-salida-y-llegada-de-trenes\/"]}]},{"@type":"WebSite","@id":"https:\/\/www.perurail.com\/es\/#website","url":"https:\/\/www.perurail.com\/es\/","name":"Train to Machu Picchu - Ollantaytambo - Cusco | Peru Rail | Deals | Perurail","description":"","potentialAction":[{"@type":"SearchAction","target":{"@type":"EntryPoint","urlTemplate":"https:\/\/www.perurail.com\/es\/?s={search_term_string}"},"query-input":{"@type":"PropertyValueSpecification","valueRequired":true,"valueName":"search_term_string"}}],"inLanguage":"es"}]}},"_links":{"self":[{"href":"https:\/\/www.perurail.com\/es\/wp-json\/wp\/v2\/pages\/82557","targetHints":{"allow":["GET"]}}],"collection":[{"href":"https:\/\/www.perurail.com\/es\/wp-json\/wp\/v2\/pages"}],"about":[{"href":"https:\/\/www.perurail.com\/es\/wp-json\/wp\/v2\/types\/page"}],"author":[{"embeddable":true,"href":"https:\/\/www.perurail.com\/es\/wp-json\/wp\/v2\/users\/2"}],"replies":[{"embeddable":true,"href":"https:\/\/www.perurail.com\/es\/wp-json\/wp\/v2\/comments?post=82557"}],"version-history":[{"count":58,"href":"https:\/\/www.perurail.com\/es\/wp-json\/wp\/v2\/pages\/82557\/revisions"}],"predecessor-version":[{"id":83239,"href":"https:\/\/www.perurail.com\/es\/wp-json\/wp\/v2\/pages\/82557\/revisions\/83239"}],"wp:attachment":[{"href":"https:\/\/www.perurail.com\/es\/wp-json\/wp\/v2\/media?parent=82557"}],"curies":[{"name":"wp","href":"https:\/\/api.w.org\/{rel}","templated":true}]}}