{"id":83002,"date":"2025-11-19T11:51:12","date_gmt":"2025-11-19T16:51:12","guid":{"rendered":"https:\/\/www.perurail.com\/?page_id=83002"},"modified":"2025-11-21T11:32:07","modified_gmt":"2025-11-21T16:32:07","slug":"informations-sur-les-departs-et-les-arrivees-des-trains","status":"publish","type":"page","link":"https:\/\/www.perurail.com\/fr\/informations-sur-les-departs-et-les-arrivees-des-trains\/","title":{"rendered":"Informations sur les d\u00e9parts et les arriv\u00e9es des trains"},"content":{"rendered":"\t\t<div data-elementor-type=\"wp-page\" data-elementor-id=\"83002\" class=\"elementor elementor-83002\" data-elementor-post-type=\"page\">\n\t\t\t\t<div class=\"elementor-element elementor-element-65f88b1d e-flex e-con-boxed e-con e-parent\" data-id=\"65f88b1d\" data-element_type=\"container\" data-settings=\"{&quot;background_background&quot;:&quot;classic&quot;}\">\n\t\t\t\t\t<div class=\"e-con-inner\">\n\t\t\t\t<div class=\"elementor-element elementor-element-677eda80 elementor-widget elementor-widget-heading\" data-id=\"677eda80\" data-element_type=\"widget\" data-widget_type=\"heading.default\">\n\t\t\t\t<div class=\"elementor-widget-container\">\n\t\t\t\t\t<h2 class=\"elementor-heading-title elementor-size-default\">En direct : d\u00e9parts et arriv\u00e9es des trains\u200b<\/h2>\t\t\t\t<\/div>\n\t\t\t\t<\/div>\n\t\t\t\t<div class=\"elementor-element elementor-element-3be7453a elementor-widget elementor-widget-text-editor\" data-id=\"3be7453a\" data-element_type=\"widget\" data-widget_type=\"text-editor.default\">\n\t\t\t\t<div class=\"elementor-widget-container\">\n\t\t\t\t\t\t\t\t\t<p>Consultez les horaires de d\u00e9part et d\u2019arriv\u00e9e de nos trains, mis \u00e0 jour chaque jour. Cet outil vous aide \u00e0 organiser votre voyage en toute confiance et \u00e0 profiter d\u2019une exp\u00e9rience sans souci.<\/p>\t\t\t\t\t\t\t\t<\/div>\n\t\t\t\t<\/div>\n\t\t\t\t\t<\/div>\n\t\t\t\t<\/div>\n\t\t<div class=\"elementor-element elementor-element-c87ff36 e-flex e-con-boxed e-con e-parent\" data-id=\"c87ff36\" data-element_type=\"container\">\n\t\t\t\t\t<div class=\"e-con-inner\">\n\t\t<div class=\"elementor-element elementor-element-4c26b84b e-con-full e-flex e-con e-child\" data-id=\"4c26b84b\" data-element_type=\"container\" data-settings=\"{&quot;background_background&quot;:&quot;classic&quot;}\">\n\t\t\t\t<div class=\"elementor-element elementor-element-35de88f1 elementor-widget elementor-widget-html\" data-id=\"35de88f1\" data-element_type=\"widget\" data-widget_type=\"html.default\">\n\t\t\t\t<div class=\"elementor-widget-container\">\n\t\t\t\t\t<div class=\"iframe-container\">\r\n  <iframe\r\n    id=\"dynamic-iframe\"\r\n    src=\"https:\/\/wapps.perurail.com\/pantallas\/itineraries\"\r\n    frameborder=\"0\"\r\n    allow=\"autoplay; encrypted-media\"\r\n    allowfullscreen\r\n    style=\"width: 100%; border: none; display: block; transition: height 0.3s ease;\"\r\n  ><\/iframe>\r\n<\/div>\r\n\r\n<script>\r\ndocument.addEventListener(\"DOMContentLoaded\", function() {\r\n  const iframe = document.getElementById(\"dynamic-iframe\");\r\n  console.log(\"heheh\");\r\n\r\n  \/\/ Escucha mensajes desde el iframe\r\n  window.addEventListener(\"message\", function(event) {\r\n    \/\/ Aseg\u00farate de que proviene de tu dominio autorizado\r\n    if (!event.origin.includes(\"perurail.com\")) return;\r\n\r\n    if (event.data.type === \"setHeight\") {\r\n      const newHeight = parseInt(event.data.height, 10);\r\n\r\n      \/\/ Ajuste inmediato del alto (sube o baja din\u00e1micamente)\r\n      if (!isNaN(newHeight)) {\r\n        iframe.style.height = newHeight + \"px\";\r\n      }\r\n    }\r\n  });\r\n});\r\n<\/script>\t\t\t\t<\/div>\n\t\t\t\t<\/div>\n\t\t\t\t<\/div>\n\t\t<div class=\"elementor-element elementor-element-1347987 e-con-full e-flex e-con e-child\" data-id=\"1347987\" data-element_type=\"container\">\n\t\t\t\t<div class=\"elementor-element elementor-element-a8e6bfa elementor-widget elementor-widget-text-editor\" data-id=\"a8e6bfa\" data-element_type=\"widget\" data-widget_type=\"text-editor.default\">\n\t\t\t\t<div class=\"elementor-widget-container\">\n\t\t\t\t\t\t\t\t\t<p><em>Remarque : Les informations affich\u00e9es proviennent du concessionnaire Ferrocarril Trasandino S.A. Si le chargement prend du temps, veuillez actualiser la page.<\/em><\/p>\t\t\t\t\t\t\t\t<\/div>\n\t\t\t\t<\/div>\n\t\t\t\t<\/div>\n\t\t\t\t\t<\/div>\n\t\t\t\t<\/div>\n\t\t<div class=\"elementor-element elementor-element-474121f5 e-flex e-con-boxed e-con e-parent\" data-id=\"474121f5\" data-element_type=\"container\" data-settings=\"{&quot;background_background&quot;:&quot;classic&quot;}\">\n\t\t\t\t\t<div class=\"e-con-inner\">\n\t\t\t\t<div class=\"elementor-element elementor-element-62bfa8db elementor-widget elementor-widget-heading\" data-id=\"62bfa8db\" data-element_type=\"widget\" data-widget_type=\"heading.default\">\n\t\t\t\t<div class=\"elementor-widget-container\">\n\t\t\t\t\t<h2 class=\"elementor-heading-title elementor-size-default\">Consid\u00e9rations<\/h2>\t\t\t\t<\/div>\n\t\t\t\t<\/div>\n\t\t\t\t<div class=\"elementor-element elementor-element-4f43d00f elementor-widget elementor-widget-text-editor\" data-id=\"4f43d00f\" data-element_type=\"widget\" data-widget_type=\"text-editor.default\">\n\t\t\t\t<div class=\"elementor-widget-container\">\n\t\t\t\t\t\t\t\t\t<ul>\n \t<li><strong>Arrivez en avance :<\/strong> Nous vous recommandons d\u2019arriver \u00e0 la gare <strong>30 minutes avant le d\u00e9part.<\/strong><\/li>\n \t<li><strong>Documents \u00e0 port\u00e9e de main :<\/strong> Gardez votre billet et votre pi\u00e8ce d\u2019identit\u00e9 pr\u00eats pour faciliter l\u2019embarquement.<\/li>\n \t<li><strong><a href=\"https:\/\/www.perurail.com\/fr\/bagage\/\" target=\"_blank\" rel=\"noopener\">Bagages autoris\u00e9s :<\/a><\/strong> Consultez notre politique de bagages afin d\u2019\u00e9viter tout d\u00e9sagr\u00e9ment.<\/li>\n \t<li><strong><a href=\"https:\/\/www.perurail.com\/travel-recommendations\/\" target=\"_blank\" rel=\"noopener\">Climat et tenue :<\/a><\/strong> Les conditions \u00e0 Cusco, Machu Picchu, Puno et Arequipa peuvent varier ; pr\u00e9voyez des v\u00eatements confortables et une veste l\u00e9g\u00e8re.<\/li>\n \t<li><strong><a href=\"https:\/\/www.perurail.com\/train-service-comparison\/\" target=\"_blank\" rel=\"noopener\">Services \u00e0 bord :<\/a><\/strong> D\u00e9couvrez ce qui est inclus dans votre train (snacks, boissons, vues panoramiques).<\/li>\n \t<li><strong><a href=\"https:\/\/www.perurail.com\/ticket-modifications\/\" target=\"_blank\" rel=\"noopener\">Politique de modifications :<\/a><\/strong> Si vous devez changer votre voyage, consultez nos options et remplissez le formulaire.<\/li>\n<\/ul>\t\t\t\t\t\t\t\t<\/div>\n\t\t\t\t<\/div>\n\t\t\t\t\t<\/div>\n\t\t\t\t<\/div>\n\t\t<div class=\"elementor-element elementor-element-2b28062d e-flex e-con-boxed e-con e-parent\" data-id=\"2b28062d\" data-element_type=\"container\">\n\t\t\t\t\t<div class=\"e-con-inner\">\n\t\t\t\t<div class=\"elementor-element elementor-element-7c1e4424 elementor-widget elementor-widget-heading\" data-id=\"7c1e4424\" data-element_type=\"widget\" data-widget_type=\"heading.default\">\n\t\t\t\t<div class=\"elementor-widget-container\">\n\t\t\t\t\t<h2 class=\"elementor-heading-title elementor-size-default\">Cela pourrait vous int\u00e9resser\u200b<\/h2>\t\t\t\t<\/div>\n\t\t\t\t<\/div>\n\t\t<div class=\"elementor-element elementor-element-4837bbbc e-con-full e-flex e-con e-child\" data-id=\"4837bbbc\" data-element_type=\"container\">\n\t\t\t\t<div class=\"elementor-element elementor-element-354181ca elementor-view-default elementor-position-top elementor-mobile-position-top elementor-widget elementor-widget-icon-box\" data-id=\"354181ca\" data-element_type=\"widget\" data-widget_type=\"icon-box.default\">\n\t\t\t\t<div class=\"elementor-widget-container\">\n\t\t\t\t\t\t\t<div class=\"elementor-icon-box-wrapper\">\n\n\t\t\t\t\t\t<div class=\"elementor-icon-box-icon\">\n\t\t\t\t<a href=\"https:\/\/book.perurail.com\/?tipoIdioma=1\" class=\"elementor-icon\" tabindex=\"-1\" aria-label=\"Acheter des billets&lt;br&gt; de train\">\n\t\t\t\t<svg aria-hidden=\"true\" class=\"e-font-icon-svg e-fas-store\" viewBox=\"0 0 616 512\" xmlns=\"http:\/\/www.w3.org\/2000\/svg\"><path d=\"M602 118.6L537.1 15C531.3 5.7 521 0 510 0H106C95 0 84.7 5.7 78.9 15L14 118.6c-33.5 53.5-3.8 127.9 58.8 136.4 4.5.6 9.1.9 13.7.9 29.6 0 55.8-13 73.8-33.1 18 20.1 44.3 33.1 73.8 33.1 29.6 0 55.8-13 73.8-33.1 18 20.1 44.3 33.1 73.8 33.1 29.6 0 55.8-13 73.8-33.1 18.1 20.1 44.3 33.1 73.8 33.1 4.7 0 9.2-.3 13.7-.9 62.8-8.4 92.6-82.8 59-136.4zM529.5 288c-10 0-19.9-1.5-29.5-3.8V384H116v-99.8c-9.6 2.2-19.5 3.8-29.5 3.8-6 0-12.1-.4-18-1.2-5.6-.8-11.1-2.1-16.4-3.6V480c0 17.7 14.3 32 32 32h448c17.7 0 32-14.3 32-32V283.2c-5.4 1.6-10.8 2.9-16.4 3.6-6.1.8-12.1 1.2-18.2 1.2z\"><\/path><\/svg>\t\t\t\t<\/a>\n\t\t\t<\/div>\n\t\t\t\n\t\t\t\t\t\t<div class=\"elementor-icon-box-content\">\n\n\t\t\t\t\t\t\t\t\t<h4 class=\"elementor-icon-box-title\">\n\t\t\t\t\t\t<a href=\"https:\/\/book.perurail.com\/?tipoIdioma=1\" >\n\t\t\t\t\t\t\tAcheter des billets<br> de train\t\t\t\t\t\t<\/a>\n\t\t\t\t\t<\/h4>\n\t\t\t\t\n\t\t\t\t\n\t\t\t<\/div>\n\t\t\t\n\t\t<\/div>\n\t\t\t\t\t\t<\/div>\n\t\t\t\t<\/div>\n\t\t\t\t<div class=\"elementor-element elementor-element-536da407 elementor-view-default elementor-position-top elementor-mobile-position-top elementor-widget elementor-widget-icon-box\" data-id=\"536da407\" data-element_type=\"widget\" data-widget_type=\"icon-box.default\">\n\t\t\t\t<div class=\"elementor-widget-container\">\n\t\t\t\t\t\t\t<div class=\"elementor-icon-box-wrapper\">\n\n\t\t\t\t\t\t<div class=\"elementor-icon-box-icon\">\n\t\t\t\t<a href=\"https:\/\/www.perurail.com\/tickets-to-machu-picchu\/\" class=\"elementor-icon\" tabindex=\"-1\" aria-label=\"Billets d\u2019entr\u00e9e pour&lt;br&gt; le Machu Picchu\">\n\t\t\t\t<svg aria-hidden=\"true\" class=\"e-font-icon-svg e-fas-ticket-alt\" viewBox=\"0 0 576 512\" xmlns=\"http:\/\/www.w3.org\/2000\/svg\"><path d=\"M128 160h320v192H128V160zm400 96c0 26.51 21.49 48 48 48v96c0 26.51-21.49 48-48 48H48c-26.51 0-48-21.49-48-48v-96c26.51 0 48-21.49 48-48s-21.49-48-48-48v-96c0-26.51 21.49-48 48-48h480c26.51 0 48 21.49 48 48v96c-26.51 0-48 21.49-48 48zm-48-104c0-13.255-10.745-24-24-24H120c-13.255 0-24 10.745-24 24v208c0 13.255 10.745 24 24 24h336c13.255 0 24-10.745 24-24V152z\"><\/path><\/svg>\t\t\t\t<\/a>\n\t\t\t<\/div>\n\t\t\t\n\t\t\t\t\t\t<div class=\"elementor-icon-box-content\">\n\n\t\t\t\t\t\t\t\t\t<h4 class=\"elementor-icon-box-title\">\n\t\t\t\t\t\t<a href=\"https:\/\/www.perurail.com\/tickets-to-machu-picchu\/\" >\n\t\t\t\t\t\t\tBillets d\u2019entr\u00e9e pour<br> le Machu Picchu\t\t\t\t\t\t<\/a>\n\t\t\t\t\t<\/h4>\n\t\t\t\t\n\t\t\t\t\n\t\t\t<\/div>\n\t\t\t\n\t\t<\/div>\n\t\t\t\t\t\t<\/div>\n\t\t\t\t<\/div>\n\t\t\t\t<div class=\"elementor-element elementor-element-6a4b3617 elementor-view-default elementor-position-top elementor-mobile-position-top elementor-widget elementor-widget-icon-box\" data-id=\"6a4b3617\" data-element_type=\"widget\" data-widget_type=\"icon-box.default\">\n\t\t\t\t<div class=\"elementor-widget-container\">\n\t\t\t\t\t\t\t<div class=\"elementor-icon-box-wrapper\">\n\n\t\t\t\t\t\t<div class=\"elementor-icon-box-icon\">\n\t\t\t\t<a href=\"https:\/\/www.perurail.com\/fr\/comment-organiser-votre-voyage-a-machu-picchu-en-toute-autonomie\/\" class=\"elementor-icon\" tabindex=\"-1\" aria-label=\"Comment organiser votre  &lt;br&gt;voyage au Machu Picchu\u200b\">\n\t\t\t\t<svg aria-hidden=\"true\" class=\"e-font-icon-svg e-fas-map-signs\" viewBox=\"0 0 512 512\" xmlns=\"http:\/\/www.w3.org\/2000\/svg\"><path d=\"M507.31 84.69L464 41.37c-6-6-14.14-9.37-22.63-9.37H288V16c0-8.84-7.16-16-16-16h-32c-8.84 0-16 7.16-16 16v16H56c-13.25 0-24 10.75-24 24v80c0 13.25 10.75 24 24 24h385.37c8.49 0 16.62-3.37 22.63-9.37l43.31-43.31c6.25-6.26 6.25-16.38 0-22.63zM224 496c0 8.84 7.16 16 16 16h32c8.84 0 16-7.16 16-16V384h-64v112zm232-272H288v-32h-64v32H70.63c-8.49 0-16.62 3.37-22.63 9.37L4.69 276.69c-6.25 6.25-6.25 16.38 0 22.63L48 342.63c6 6 14.14 9.37 22.63 9.37H456c13.25 0 24-10.75 24-24v-80c0-13.25-10.75-24-24-24z\"><\/path><\/svg>\t\t\t\t<\/a>\n\t\t\t<\/div>\n\t\t\t\n\t\t\t\t\t\t<div class=\"elementor-icon-box-content\">\n\n\t\t\t\t\t\t\t\t\t<h4 class=\"elementor-icon-box-title\">\n\t\t\t\t\t\t<a href=\"https:\/\/www.perurail.com\/fr\/comment-organiser-votre-voyage-a-machu-picchu-en-toute-autonomie\/\" >\n\t\t\t\t\t\t\tComment organiser votre  <br>voyage au Machu Picchu\u200b\t\t\t\t\t\t<\/a>\n\t\t\t\t\t<\/h4>\n\t\t\t\t\n\t\t\t\t\n\t\t\t<\/div>\n\t\t\t\n\t\t<\/div>\n\t\t\t\t\t\t<\/div>\n\t\t\t\t<\/div>\n\t\t\t\t<div class=\"elementor-element elementor-element-3dd7202e elementor-view-default elementor-position-top elementor-mobile-position-top elementor-widget elementor-widget-icon-box\" data-id=\"3dd7202e\" data-element_type=\"widget\" data-widget_type=\"icon-box.default\">\n\t\t\t\t<div class=\"elementor-widget-container\">\n\t\t\t\t\t\t\t<div class=\"elementor-icon-box-wrapper\">\n\n\t\t\t\t\t\t<div class=\"elementor-icon-box-icon\">\n\t\t\t\t<a href=\"https:\/\/www.perurail.com\/download-ticket\/\" class=\"elementor-icon\" tabindex=\"-1\" aria-label=\"T\u00e9l\u00e9charger les &lt;br&gt;billets de train\">\n\t\t\t\t<svg aria-hidden=\"true\" class=\"e-font-icon-svg e-fas-file-download\" viewBox=\"0 0 384 512\" xmlns=\"http:\/\/www.w3.org\/2000\/svg\"><path d=\"M224 136V0H24C10.7 0 0 10.7 0 24v464c0 13.3 10.7 24 24 24h336c13.3 0 24-10.7 24-24V160H248c-13.2 0-24-10.8-24-24zm76.45 211.36l-96.42 95.7c-6.65 6.61-17.39 6.61-24.04 0l-96.42-95.7C73.42 337.29 80.54 320 94.82 320H160v-80c0-8.84 7.16-16 16-16h32c8.84 0 16 7.16 16 16v80h65.18c14.28 0 21.4 17.29 11.27 27.36zM377 105L279.1 7c-4.5-4.5-10.6-7-17-7H256v128h128v-6.1c0-6.3-2.5-12.4-7-16.9z\"><\/path><\/svg>\t\t\t\t<\/a>\n\t\t\t<\/div>\n\t\t\t\n\t\t\t\t\t\t<div class=\"elementor-icon-box-content\">\n\n\t\t\t\t\t\t\t\t\t<h4 class=\"elementor-icon-box-title\">\n\t\t\t\t\t\t<a href=\"https:\/\/www.perurail.com\/download-ticket\/\" >\n\t\t\t\t\t\t\tT\u00e9l\u00e9charger les <br>billets de train\t\t\t\t\t\t<\/a>\n\t\t\t\t\t<\/h4>\n\t\t\t\t\n\t\t\t\t\n\t\t\t<\/div>\n\t\t\t\n\t\t<\/div>\n\t\t\t\t\t\t<\/div>\n\t\t\t\t<\/div>\n\t\t\t\t<\/div>\n\t\t\t\t\t<\/div>\n\t\t\t\t<\/div>\n\t\t\t\t<\/div>\n\t\t","protected":false},"excerpt":{"rendered":"<p>En direct : d\u00e9parts et arriv\u00e9es des trains\u200b Consultez les horaires de d\u00e9part et d\u2019arriv\u00e9e de nos trains, mis \u00e0 jour chaque jour. Cet outil vous aide \u00e0 organiser votre voyage en toute confiance et \u00e0 profiter d\u2019une exp\u00e9rience sans souci. Remarque : Les informations affich\u00e9es proviennent du concessionnaire Ferrocarril Trasandino S.A. Si le chargement &hellip;<\/p>\n<p class=\"read-more\"> <a class=\"\" href=\"https:\/\/www.perurail.com\/fr\/informations-sur-les-departs-et-les-arrivees-des-trains\/\"> <span class=\"screen-reader-text\">Informations sur les d\u00e9parts et les arriv\u00e9es des trains<\/span> Lire la suite\u00a0\u00bb<\/a><\/p>\n","protected":false},"author":2,"featured_media":0,"parent":0,"menu_order":0,"comment_status":"closed","ping_status":"closed","template":"","meta":{"site-sidebar-layout":"no-sidebar","site-content-layout":"","ast-site-content-layout":"full-width-container","site-content-style":"default","site-sidebar-style":"default","ast-global-header-display":"","ast-banner-title-visibility":"","ast-main-header-display":"","ast-hfb-above-header-display":"","ast-hfb-below-header-display":"","ast-hfb-mobile-header-display":"","site-post-title":"disabled","ast-breadcrumbs-content":"","ast-featured-img":"disabled","footer-sml-layout":"","theme-transparent-header-meta":"","adv-header-id-meta":"","stick-header-meta":"","header-above-stick-meta":"","header-main-stick-meta":"","header-below-stick-meta":"","astra-migrate-meta-layouts":"default","ast-page-background-enabled":"default","ast-page-background-meta":{"desktop":{"background-color":"var(--ast-global-color-4)","background-image":"","background-repeat":"repeat","background-position":"center center","background-size":"auto","background-attachment":"scroll","background-type":"","background-media":"","overlay-type":"","overlay-color":"","overlay-gradient":""},"tablet":{"background-color":"","background-image":"","background-repeat":"repeat","background-position":"center center","background-size":"auto","background-attachment":"scroll","background-type":"","background-media":"","overlay-type":"","overlay-color":"","overlay-gradient":""},"mobile":{"background-color":"","background-image":"","background-repeat":"repeat","background-position":"center center","background-size":"auto","background-attachment":"scroll","background-type":"","background-media":"","overlay-type":"","overlay-color":"","overlay-gradient":""}},"ast-content-background-meta":{"desktop":{"background-color":"var(--ast-global-color-5)","background-image":"","background-repeat":"repeat","background-position":"center center","background-size":"auto","background-attachment":"scroll","background-type":"","background-media":"","overlay-type":"","overlay-color":"","overlay-gradient":""},"tablet":{"background-color":"var(--ast-global-color-5)","background-image":"","background-repeat":"repeat","background-position":"center center","background-size":"auto","background-attachment":"scroll","background-type":"","background-media":"","overlay-type":"","overlay-color":"","overlay-gradient":""},"mobile":{"background-color":"var(--ast-global-color-5)","background-image":"","background-repeat":"repeat","background-position":"center center","background-size":"auto","background-attachment":"scroll","background-type":"","background-media":"","overlay-type":"","overlay-color":"","overlay-gradient":""}},"footnotes":""},"class_list":["post-83002","page","type-page","status-publish","hentry"],"yoast_head":"<!-- This site is optimized with the Yoast SEO plugin v25.9 - https:\/\/yoast.com\/wordpress\/plugins\/seo\/ -->\n<title>Horaires en direct : D\u00e9parts et arriv\u00e9es des trains PeruRail<\/title>\n<meta name=\"description\" content=\"Consultez les d\u00e9parts et arriv\u00e9es de nos trains vers Cusco, Machu Picchu, Puno et Arequipa, mis \u00e0 jour chaque jour. Organisez votre voyage et achetez vos billets en ligne facilement.\" \/>\n<meta name=\"robots\" content=\"index, follow, max-snippet:-1, max-image-preview:large, max-video-preview:-1\" \/>\n<link rel=\"canonical\" href=\"https:\/\/www.perurail.com\/fr\/informations-sur-les-departs-et-les-arrivees-des-trains\/\" \/>\n<meta property=\"og:locale\" content=\"fr_FR\" \/>\n<meta property=\"og:type\" content=\"article\" \/>\n<meta property=\"og:title\" content=\"Horaires en direct : D\u00e9parts et arriv\u00e9es des trains PeruRail\" \/>\n<meta property=\"og:description\" content=\"Consultez les d\u00e9parts et arriv\u00e9es de nos trains vers Cusco, Machu Picchu, Puno et Arequipa, mis \u00e0 jour chaque jour. Organisez votre voyage et achetez vos billets en ligne facilement.\" \/>\n<meta property=\"og:url\" content=\"https:\/\/www.perurail.com\/fr\/informations-sur-les-departs-et-les-arrivees-des-trains\/\" \/>\n<meta property=\"og:site_name\" content=\"Train to Machu Picchu - Ollantaytambo - Cusco | Peru Rail | Deals | Perurail\" \/>\n<meta property=\"article:modified_time\" content=\"2025-11-21T16:32:07+00:00\" \/>\n<meta property=\"og:image\" content=\"https:\/\/www.perurail.com\/wp-content\/uploads\/2024\/08\/VIO-viajes-portada.jpg\" \/>\n\t<meta property=\"og:image:width\" content=\"1060\" \/>\n\t<meta property=\"og:image:height\" content=\"500\" \/>\n\t<meta property=\"og:image:type\" content=\"image\/jpeg\" \/>\n<meta name=\"twitter:card\" content=\"summary_large_image\" \/>\n<meta name=\"twitter:label1\" content=\"Dur\u00e9e de lecture estim\u00e9e\" \/>\n\t<meta name=\"twitter:data1\" content=\"1 minute\" \/>\n<script type=\"application\/ld+json\" class=\"yoast-schema-graph\">{\"@context\":\"https:\/\/schema.org\",\"@graph\":[{\"@type\":\"WebPage\",\"@id\":\"https:\/\/www.perurail.com\/fr\/informations-sur-les-departs-et-les-arrivees-des-trains\/\",\"url\":\"https:\/\/www.perurail.com\/fr\/informations-sur-les-departs-et-les-arrivees-des-trains\/\",\"name\":\"Horaires en direct : D\u00e9parts et arriv\u00e9es des trains PeruRail\",\"isPartOf\":{\"@id\":\"https:\/\/www.perurail.com\/fr\/#website\"},\"datePublished\":\"2025-11-19T16:51:12+00:00\",\"dateModified\":\"2025-11-21T16:32:07+00:00\",\"description\":\"Consultez les d\u00e9parts et arriv\u00e9es de nos trains vers Cusco, Machu Picchu, Puno et Arequipa, mis \u00e0 jour chaque jour. Organisez votre voyage et achetez vos billets en ligne facilement.\",\"inLanguage\":\"fr-FR\",\"potentialAction\":[{\"@type\":\"ReadAction\",\"target\":[\"https:\/\/www.perurail.com\/fr\/informations-sur-les-departs-et-les-arrivees-des-trains\/\"]}]},{\"@type\":\"WebSite\",\"@id\":\"https:\/\/www.perurail.com\/fr\/#website\",\"url\":\"https:\/\/www.perurail.com\/fr\/\",\"name\":\"Train to Machu Picchu - Ollantaytambo - Cusco | Peru Rail | Deals | Perurail\",\"description\":\"\",\"potentialAction\":[{\"@type\":\"SearchAction\",\"target\":{\"@type\":\"EntryPoint\",\"urlTemplate\":\"https:\/\/www.perurail.com\/fr\/?s={search_term_string}\"},\"query-input\":{\"@type\":\"PropertyValueSpecification\",\"valueRequired\":true,\"valueName\":\"search_term_string\"}}],\"inLanguage\":\"fr-FR\"}]}<\/script>\n<!-- \/ Yoast SEO plugin. -->","yoast_head_json":{"title":"Horaires en direct : D\u00e9parts et arriv\u00e9es des trains PeruRail","description":"Consultez les d\u00e9parts et arriv\u00e9es de nos trains vers Cusco, Machu Picchu, Puno et Arequipa, mis \u00e0 jour chaque jour. Organisez votre voyage et achetez vos billets en ligne facilement.","robots":{"index":"index","follow":"follow","max-snippet":"max-snippet:-1","max-image-preview":"max-image-preview:large","max-video-preview":"max-video-preview:-1"},"canonical":"https:\/\/www.perurail.com\/fr\/informations-sur-les-departs-et-les-arrivees-des-trains\/","og_locale":"fr_FR","og_type":"article","og_title":"Horaires en direct : D\u00e9parts et arriv\u00e9es des trains PeruRail","og_description":"Consultez les d\u00e9parts et arriv\u00e9es de nos trains vers Cusco, Machu Picchu, Puno et Arequipa, mis \u00e0 jour chaque jour. Organisez votre voyage et achetez vos billets en ligne facilement.","og_url":"https:\/\/www.perurail.com\/fr\/informations-sur-les-departs-et-les-arrivees-des-trains\/","og_site_name":"Train to Machu Picchu - Ollantaytambo - Cusco | Peru Rail | Deals | Perurail","article_modified_time":"2025-11-21T16:32:07+00:00","og_image":[{"width":1060,"height":500,"url":"https:\/\/www.perurail.com\/wp-content\/uploads\/2024\/08\/VIO-viajes-portada.jpg","type":"image\/jpeg"}],"twitter_card":"summary_large_image","twitter_misc":{"Dur\u00e9e de lecture estim\u00e9e":"1 minute"},"schema":{"@context":"https:\/\/schema.org","@graph":[{"@type":"WebPage","@id":"https:\/\/www.perurail.com\/fr\/informations-sur-les-departs-et-les-arrivees-des-trains\/","url":"https:\/\/www.perurail.com\/fr\/informations-sur-les-departs-et-les-arrivees-des-trains\/","name":"Horaires en direct : D\u00e9parts et arriv\u00e9es des trains PeruRail","isPartOf":{"@id":"https:\/\/www.perurail.com\/fr\/#website"},"datePublished":"2025-11-19T16:51:12+00:00","dateModified":"2025-11-21T16:32:07+00:00","description":"Consultez les d\u00e9parts et arriv\u00e9es de nos trains vers Cusco, Machu Picchu, Puno et Arequipa, mis \u00e0 jour chaque jour. Organisez votre voyage et achetez vos billets en ligne facilement.","inLanguage":"fr-FR","potentialAction":[{"@type":"ReadAction","target":["https:\/\/www.perurail.com\/fr\/informations-sur-les-departs-et-les-arrivees-des-trains\/"]}]},{"@type":"WebSite","@id":"https:\/\/www.perurail.com\/fr\/#website","url":"https:\/\/www.perurail.com\/fr\/","name":"Train to Machu Picchu - Ollantaytambo - Cusco | Peru Rail | Deals | Perurail","description":"","potentialAction":[{"@type":"SearchAction","target":{"@type":"EntryPoint","urlTemplate":"https:\/\/www.perurail.com\/fr\/?s={search_term_string}"},"query-input":{"@type":"PropertyValueSpecification","valueRequired":true,"valueName":"search_term_string"}}],"inLanguage":"fr-FR"}]}},"_links":{"self":[{"href":"https:\/\/www.perurail.com\/fr\/wp-json\/wp\/v2\/pages\/83002","targetHints":{"allow":["GET"]}}],"collection":[{"href":"https:\/\/www.perurail.com\/fr\/wp-json\/wp\/v2\/pages"}],"about":[{"href":"https:\/\/www.perurail.com\/fr\/wp-json\/wp\/v2\/types\/page"}],"author":[{"embeddable":true,"href":"https:\/\/www.perurail.com\/fr\/wp-json\/wp\/v2\/users\/2"}],"replies":[{"embeddable":true,"href":"https:\/\/www.perurail.com\/fr\/wp-json\/wp\/v2\/comments?post=83002"}],"version-history":[{"count":22,"href":"https:\/\/www.perurail.com\/fr\/wp-json\/wp\/v2\/pages\/83002\/revisions"}],"predecessor-version":[{"id":83233,"href":"https:\/\/www.perurail.com\/fr\/wp-json\/wp\/v2\/pages\/83002\/revisions\/83233"}],"wp:attachment":[{"href":"https:\/\/www.perurail.com\/fr\/wp-json\/wp\/v2\/media?parent=83002"}],"curies":[{"name":"wp","href":"https:\/\/api.w.org\/{rel}","templated":true}]}}