{"id":110261,"date":"2026-04-22T16:57:28","date_gmt":"2026-04-22T21:57:28","guid":{"rendered":"https:\/\/www.perurail.com\/?page_id=110261"},"modified":"2026-04-22T17:00:09","modified_gmt":"2026-04-22T22:00:09","slug":"noticias","status":"publish","type":"page","link":"https:\/\/www.perurail.com\/pt-br\/cargo\/noticias\/","title":{"rendered":"PRC NOT\u00cdCIAS"},"content":{"rendered":"\t\t<div data-elementor-type=\"wp-page\" data-elementor-id=\"110261\" class=\"elementor elementor-110261\" data-elementor-post-type=\"page\">\n\t\t\t\t\t\t<section class=\"elementor-section elementor-top-section elementor-element elementor-element-28fe4db6 elementor-section-boxed elementor-section-height-default elementor-section-height-default\" data-id=\"28fe4db6\" data-element_type=\"section\" data-settings=\"{&quot;background_background&quot;:&quot;classic&quot;}\">\n\t\t\t\t\t\t<div class=\"elementor-container elementor-column-gap-default\">\n\t\t\t\t\t<div class=\"elementor-column elementor-col-100 elementor-top-column elementor-element elementor-element-a002194\" data-id=\"a002194\" data-element_type=\"column\">\n\t\t\t<div class=\"elementor-widget-wrap elementor-element-populated\">\n\t\t\t\t\t\t<div class=\"elementor-element elementor-element-30758e3b elementor-widget elementor-widget-heading\" data-id=\"30758e3b\" data-element_type=\"widget\" data-widget_type=\"heading.default\">\n\t\t\t\t<div class=\"elementor-widget-container\">\n\t\t\t\t\t<h2 class=\"elementor-heading-title elementor-size-default\">NOT\u00cdCIAS<\/h2>\t\t\t\t<\/div>\n\t\t\t\t<\/div>\n\t\t\t\t\t<\/div>\n\t\t<\/div>\n\t\t\t\t\t<\/div>\n\t\t<\/section>\n\t\t\t\t<section class=\"elementor-section elementor-top-section elementor-element elementor-element-6a27c481 elementor-section-boxed elementor-section-height-default elementor-section-height-default\" data-id=\"6a27c481\" data-element_type=\"section\">\n\t\t\t\t\t\t<div class=\"elementor-container elementor-column-gap-default\">\n\t\t\t\t\t<div class=\"elementor-column elementor-col-100 elementor-top-column elementor-element elementor-element-241b8b3c\" data-id=\"241b8b3c\" data-element_type=\"column\">\n\t\t\t<div class=\"elementor-widget-wrap elementor-element-populated\">\n\t\t\t\t\t\t<div class=\"elementor-element elementor-element-5225d350 elementor-grid-eael-col-3 elementor-hidden-desktop elementor-hidden-tablet elementor-hidden-mobile elementor-grid-tablet-eael-col-2 elementor-grid-mobile-eael-col-1 elementor-widget elementor-widget-eael-post-grid\" data-id=\"5225d350\" data-element_type=\"widget\" data-settings=\"{&quot;eael_post_grid_columns&quot;:&quot;eael-col-3&quot;,&quot;eael_post_grid_columns_tablet&quot;:&quot;eael-col-2&quot;,&quot;eael_post_grid_columns_mobile&quot;:&quot;eael-col-1&quot;}\" data-widget_type=\"eael-post-grid.default\">\n\t\t\t\t<div class=\"elementor-widget-container\">\n\t\t\t\t\t<div id=\"eael-post-grid-5225d350\" class=\"eael-post-grid-container\">\n            <div class=\"eael-post-grid eael-post-appender eael-post-appender-5225d350 eael-post-grid-style-two\" data-layout-mode=\"grid\"><article class=\"eael-grid-post eael-post-grid-column\" data-id=\"104073\">\n    <div class=\"eael-grid-post-holder\">\n        <div class=\"eael-grid-post-holder-inner\"><div class=\"eael-entry-wrapper\"><header class=\"eael-entry-header\"><h5 class=\"eael-entry-title\"><a class=\"eael-grid-post-link\" href=\"https:\/\/www.perurail.com\/pt-br\/comunicacoes\/comunicado-2\/\" title=\"COMUNICADO\">COMUNICADO<\/a><\/h5><\/header><div class=\"eael-entry-header-after style-two\"><div class=\"eael-entry-meta\"><span class=\"eael-posted-on eael-meta-posted-on\"><i class=\"far fa-clock\"><\/i><time datetime=\"6 abril, 2026\">6 abril, 2026<\/time><\/span><\/div><\/div><div class=\"eael-entry-content\">\n                                <div class=\"eael-grid-post-excerpt\"><p>Cusco, 06 de abril de 2026 A PeruRail S.A., operadora ferrovi\u00e1ria na rota sul-oriental do pa\u00eds, informa aos seus passageiros, ...<\/p><\/div>\n                            <\/div><\/div><\/div>\n    <\/div>\n<\/article><article class=\"eael-grid-post eael-post-grid-column\" data-id=\"103635\">\n    <div class=\"eael-grid-post-holder\">\n        <div class=\"eael-grid-post-holder-inner\"><div class=\"eael-entry-wrapper\"><header class=\"eael-entry-header\"><h5 class=\"eael-entry-title\"><a class=\"eael-grid-post-link\" href=\"https:\/\/www.perurail.com\/pt-br\/comunicacoes\/comunicado\/\" title=\"COMUNICADO\">COMUNICADO<\/a><\/h5><\/header><div class=\"eael-entry-header-after style-two\"><div class=\"eael-entry-meta\"><span class=\"eael-posted-on eael-meta-posted-on\"><i class=\"far fa-clock\"><\/i><time datetime=\"30 mar\u00e7o, 2026\">30 mar\u00e7o, 2026<\/time><\/span><\/div><\/div><div class=\"eael-entry-content\">\n                                <div class=\"eael-grid-post-excerpt\"><p>Cusco, 30 de mar\u00e7o de 2026 A PeruRail S.A., operadora ferrovi\u00e1ria na rota sul-oriental do pa\u00eds, informa aos seus passageiros, ...<\/p><\/div>\n                            <\/div><\/div><\/div>\n    <\/div>\n<\/article><article class=\"eael-grid-post eael-post-grid-column\" data-id=\"73398\">\n    <div class=\"eael-grid-post-holder\">\n        <div class=\"eael-grid-post-holder-inner\"><div class=\"eael-entry-wrapper\"><header class=\"eael-entry-header\"><h5 class=\"eael-entry-title\"><a class=\"eael-grid-post-link\" href=\"https:\/\/www.perurail.com\/pt-br\/comunicacoes\/suspensao-das-operacoes-ferroviarias\/\" title=\"SUSPENS\u00c3O DAS OPERA\u00c7\u00d5ES FERROVI\u00c1RIAS\">SUSPENS\u00c3O DAS OPERA\u00c7\u00d5ES FERROVI\u00c1RIAS<\/a><\/h5><\/header><div class=\"eael-entry-header-after style-two\"><div class=\"eael-entry-meta\"><span class=\"eael-posted-on eael-meta-posted-on\"><i class=\"far fa-clock\"><\/i><time datetime=\"15 setembro, 2025\">15 setembro, 2025<\/time><\/span><\/div><\/div><div class=\"eael-entry-content\">\n                                <div class=\"eael-grid-post-excerpt\"><p>Cusco, 15 de setembro de 2025 A PeruRail S.A., operadora ferrovi\u00e1ria nas rotas sul e sudeste, informa aos seus passageiros, ...<\/p><\/div>\n                            <\/div><\/div><\/div>\n    <\/div>\n<\/article><\/div>\n            <div class=\"clearfix\"><\/div>\n        <\/div>            <div class=\"eael-load-more-button-wrap eael-force-hide\">\n                <button class=\"eael-load-more-button\" id=\"eael-load-more-btn-5225d350\" data-widget-id=\"5225d350\" data-widget=\"5225d350\" data-page-id=\"110261\" data-template=\"{&quot;dir&quot;:&quot;lite&quot;,&quot;file_name&quot;:&quot;two.php&quot;,&quot;name&quot;:&quot;Post-Grid&quot;}\" data-class=\"Essential_Addons_Elementor\\Elements\\Post_Grid\" data-layout=\"grid\" data-page=\"1\" data-args=\"orderby=date&amp;order=desc&amp;ignore_sticky_posts=1&amp;post_status=publish&amp;posts_per_page=3&amp;offset=0&amp;post_type=post&amp;tax_query%5B0%5D%5Btaxonomy%5D=category&amp;tax_query%5B0%5D%5Bfield%5D=term_id&amp;tax_query%5B0%5D%5Bterms%5D%5B0%5D=81&amp;tax_query%5Brelation%5D=AND\" data-max-page=\"4\">\n                    <span class=\"eael-btn-loader button__loader\"><\/span>\n                    <span class=\"eael_load_more_text\">Load More<\/span>\n                <\/button>\n            <\/div>\n            \t\t\t\t<\/div>\n\t\t\t\t<\/div>\n\t\t\t\t<div class=\"elementor-element elementor-element-60f4cb67 elementor-grid-eael-col-3 elementor-grid-tablet-eael-col-2 elementor-grid-mobile-eael-col-1 elementor-widget elementor-widget-eael-post-grid\" data-id=\"60f4cb67\" data-element_type=\"widget\" data-settings=\"{&quot;eael_post_grid_columns&quot;:&quot;eael-col-3&quot;,&quot;eael_post_grid_columns_tablet&quot;:&quot;eael-col-2&quot;,&quot;eael_post_grid_columns_mobile&quot;:&quot;eael-col-1&quot;}\" data-widget_type=\"eael-post-grid.default\">\n\t\t\t\t<div class=\"elementor-widget-container\">\n\t\t\t\t\t<div id=\"eael-post-grid-60f4cb67\" class=\"eael-post-grid-container\">\n            <div class=\"eael-post-grid eael-post-appender eael-post-appender-60f4cb67 eael-post-grid-style-two\" data-layout-mode=\"grid\"><article class=\"eael-grid-post eael-post-grid-column\" data-id=\"110258\">\n    <div class=\"eael-grid-post-holder\">\n        <div class=\"eael-grid-post-holder-inner\"><div class=\"eael-entry-wrapper\"><header class=\"eael-entry-header\"><h5 class=\"eael-entry-title\"><a class=\"eael-grid-post-link\" href=\"https:\/\/www.perurail.com\/pt-br\/carga-noticias\/mineracao-sustentavel\/\" title=\"PeruRail Cargo Refor\u00e7a Sua Aposta na Minera\u00e7\u00e3o Sustent\u00e1vel em Arequipa com Certifica\u00e7\u00f5es Internacionais Trinorma\">PeruRail Cargo Refor\u00e7a Sua Aposta<\/a><\/h5><\/header><div class=\"eael-entry-content\">\n                                <div class=\"eael-grid-post-excerpt\"><p>A revalida\u00e7\u00e3o dessas certifica\u00e7\u00f5es, concedidas pela ICONTEC com reconhecimento da...<\/p><\/div>\n                            <\/div><\/div><\/div>\n    <\/div>\n<\/article><\/div>\n            <div class=\"clearfix\"><\/div>\n        <\/div>\t\t\t\t<\/div>\n\t\t\t\t<\/div>\n\t\t\t\t\t<\/div>\n\t\t<\/div>\n\t\t\t\t\t<\/div>\n\t\t<\/section>\n\t\t\t\t<\/div>\n\t\t","protected":false},"excerpt":{"rendered":"<p>NOT\u00cdCIAS COMUNICADO 6 April, 2026 Cusco, 06 de abril de 2026 A PeruRail S.A., operadora ferrovi\u00e1ria na rota sul-oriental do pa\u00eds, informa aos seus passageiros, &#8230; COMUNICADO 30 March, 2026 Cusco, 30 de mar\u00e7o de 2026 A PeruRail S.A., operadora ferrovi\u00e1ria na rota sul-oriental do pa\u00eds, informa aos seus passageiros, &#8230; SUSPENS\u00c3O DAS OPERA\u00c7\u00d5ES FERROVI\u00c1RIAS &hellip;<\/p>\n<p class=\"read-more\"> <a class=\"\" href=\"https:\/\/www.perurail.com\/pt-br\/carga-noticias\/mineracao-sustentavel\/\"> <span class=\"screen-reader-text\">PeruRail Cargo Refor\u00e7a Sua Aposta na Minera\u00e7\u00e3o Sustent\u00e1vel em Arequipa com Certifica\u00e7\u00f5es Internacionais Trinorma<\/span> Leia mais &raquo;<\/a><\/p>\n","protected":false},"author":2,"featured_media":0,"parent":105169,"menu_order":0,"comment_status":"closed","ping_status":"closed","template":"","meta":{"site-sidebar-layout":"no-sidebar","site-content-layout":"","ast-site-content-layout":"full-width-container","site-content-style":"default","site-sidebar-style":"default","ast-global-header-display":"","ast-banner-title-visibility":"","ast-main-header-display":"","ast-hfb-above-header-display":"","ast-hfb-below-header-display":"","ast-hfb-mobile-header-display":"","site-post-title":"disabled","ast-breadcrumbs-content":"","ast-featured-img":"disabled","footer-sml-layout":"","theme-transparent-header-meta":"","adv-header-id-meta":"","stick-header-meta":"","header-above-stick-meta":"","header-main-stick-meta":"","header-below-stick-meta":"","astra-migrate-meta-layouts":"default","ast-page-background-enabled":"default","ast-page-background-meta":{"desktop":{"background-color":"var(--ast-global-color-4)","background-image":"","background-repeat":"repeat","background-position":"center center","background-size":"auto","background-attachment":"scroll","background-type":"","background-media":"","overlay-type":"","overlay-color":"","overlay-gradient":""},"tablet":{"background-color":"","background-image":"","background-repeat":"repeat","background-position":"center center","background-size":"auto","background-attachment":"scroll","background-type":"","background-media":"","overlay-type":"","overlay-color":"","overlay-gradient":""},"mobile":{"background-color":"","background-image":"","background-repeat":"repeat","background-position":"center center","background-size":"auto","background-attachment":"scroll","background-type":"","background-media":"","overlay-type":"","overlay-color":"","overlay-gradient":""}},"ast-content-background-meta":{"desktop":{"background-color":"var(--ast-global-color-5)","background-image":"","background-repeat":"repeat","background-position":"center center","background-size":"auto","background-attachment":"scroll","background-type":"","background-media":"","overlay-type":"","overlay-color":"","overlay-gradient":""},"tablet":{"background-color":"var(--ast-global-color-5)","background-image":"","background-repeat":"repeat","background-position":"center center","background-size":"auto","background-attachment":"scroll","background-type":"","background-media":"","overlay-type":"","overlay-color":"","overlay-gradient":""},"mobile":{"background-color":"var(--ast-global-color-5)","background-image":"","background-repeat":"repeat","background-position":"center center","background-size":"auto","background-attachment":"scroll","background-type":"","background-media":"","overlay-type":"","overlay-color":"","overlay-gradient":""}},"footnotes":""},"class_list":["post-110261","page","type-page","status-publish","hentry"],"yoast_head":"<!-- This site is optimized with the Yoast SEO plugin v25.9 - https:\/\/yoast.com\/wordpress\/plugins\/seo\/ -->\n<title>Not\u00edcias e comunicados de imprensa | PeruRail Cargo<\/title>\n<meta name=\"description\" content=\"Mantenha-se informado sobre as novidades e os comunicados relativos aos nossos servi\u00e7os PeruRail Cargo\" \/>\n<meta name=\"robots\" content=\"index, follow, max-snippet:-1, max-image-preview:large, max-video-preview:-1\" \/>\n<link rel=\"canonical\" href=\"https:\/\/www.perurail.com\/pt-br\/cargo\/noticias\/\" \/>\n<meta property=\"og:locale\" content=\"pt_BR\" \/>\n<meta property=\"og:type\" content=\"article\" \/>\n<meta property=\"og:title\" content=\"Not\u00edcias e comunicados de imprensa | PeruRail\" \/>\n<meta property=\"og:description\" content=\"Mantenha-se informado sobre as novidades e os comunicados relativos aos nossos servi\u00e7os PeruRail Cargo\" \/>\n<meta property=\"og:url\" content=\"https:\/\/www.perurail.com\/pt-br\/cargo\/noticias\/\" \/>\n<meta property=\"og:site_name\" content=\"Train to Machu Picchu - Ollantaytambo - Cusco | Peru Rail | Deals | Perurail\" \/>\n<meta property=\"article:modified_time\" content=\"2026-04-22T22:00:09+00:00\" \/>\n<meta property=\"og:image\" content=\"https:\/\/www.perurail.com\/wp-content\/uploads\/2026\/04\/portada-Cargo-noticas.webp\" \/>\n\t<meta property=\"og:image:width\" content=\"1140\" \/>\n\t<meta property=\"og:image:height\" content=\"350\" \/>\n\t<meta property=\"og:image:type\" content=\"image\/webp\" \/>\n<meta name=\"twitter:card\" content=\"summary_large_image\" \/>\n<meta name=\"twitter:label1\" content=\"Est. tempo de leitura\" \/>\n\t<meta name=\"twitter:data1\" content=\"1 minuto\" \/>\n<script type=\"application\/ld+json\" class=\"yoast-schema-graph\">{\"@context\":\"https:\/\/schema.org\",\"@graph\":[{\"@type\":\"WebPage\",\"@id\":\"https:\/\/www.perurail.com\/pt-br\/cargo\/noticias\/\",\"url\":\"https:\/\/www.perurail.com\/pt-br\/cargo\/noticias\/\",\"name\":\"Not\u00edcias e comunicados de imprensa | PeruRail Cargo\",\"isPartOf\":{\"@id\":\"https:\/\/www.perurail.com\/pt-br\/#website\"},\"datePublished\":\"2026-04-22T21:57:28+00:00\",\"dateModified\":\"2026-04-22T22:00:09+00:00\",\"description\":\"Mantenha-se informado sobre as novidades e os comunicados relativos aos nossos servi\u00e7os PeruRail Cargo\",\"breadcrumb\":{\"@id\":\"https:\/\/www.perurail.com\/pt-br\/cargo\/noticias\/#breadcrumb\"},\"inLanguage\":\"pt-BR\",\"potentialAction\":[{\"@type\":\"ReadAction\",\"target\":[\"https:\/\/www.perurail.com\/pt-br\/cargo\/noticias\/\"]}]},{\"@type\":\"BreadcrumbList\",\"@id\":\"https:\/\/www.perurail.com\/pt-br\/cargo\/noticias\/#breadcrumb\",\"itemListElement\":[{\"@type\":\"ListItem\",\"position\":1,\"name\":\"PRC HOME\",\"item\":\"https:\/\/www.perurail.com\/pt-br\/cargo\/\"},{\"@type\":\"ListItem\",\"position\":2,\"name\":\"PRC NOT\u00cdCIAS\"}]},{\"@type\":\"WebSite\",\"@id\":\"https:\/\/www.perurail.com\/pt-br\/#website\",\"url\":\"https:\/\/www.perurail.com\/pt-br\/\",\"name\":\"Train to Machu Picchu - Ollantaytambo - Cusco | Peru Rail | Deals | Perurail\",\"description\":\"\",\"potentialAction\":[{\"@type\":\"SearchAction\",\"target\":{\"@type\":\"EntryPoint\",\"urlTemplate\":\"https:\/\/www.perurail.com\/pt-br\/?s={search_term_string}\"},\"query-input\":{\"@type\":\"PropertyValueSpecification\",\"valueRequired\":true,\"valueName\":\"search_term_string\"}}],\"inLanguage\":\"pt-BR\"}]}<\/script>\n<!-- \/ Yoast SEO plugin. -->","yoast_head_json":{"title":"Not\u00edcias e comunicados de imprensa | PeruRail Cargo","description":"Mantenha-se informado sobre as novidades e os comunicados relativos aos nossos servi\u00e7os PeruRail Cargo","robots":{"index":"index","follow":"follow","max-snippet":"max-snippet:-1","max-image-preview":"max-image-preview:large","max-video-preview":"max-video-preview:-1"},"canonical":"https:\/\/www.perurail.com\/pt-br\/cargo\/noticias\/","og_locale":"pt_BR","og_type":"article","og_title":"Not\u00edcias e comunicados de imprensa | PeruRail","og_description":"Mantenha-se informado sobre as novidades e os comunicados relativos aos nossos servi\u00e7os PeruRail Cargo","og_url":"https:\/\/www.perurail.com\/pt-br\/cargo\/noticias\/","og_site_name":"Train to Machu Picchu - Ollantaytambo - Cusco | Peru Rail | Deals | Perurail","article_modified_time":"2026-04-22T22:00:09+00:00","og_image":[{"width":1140,"height":350,"url":"https:\/\/www.perurail.com\/wp-content\/uploads\/2026\/04\/portada-Cargo-noticas.webp","type":"image\/webp"}],"twitter_card":"summary_large_image","twitter_misc":{"Est. tempo de leitura":"1 minuto"},"schema":{"@context":"https:\/\/schema.org","@graph":[{"@type":"WebPage","@id":"https:\/\/www.perurail.com\/pt-br\/cargo\/noticias\/","url":"https:\/\/www.perurail.com\/pt-br\/cargo\/noticias\/","name":"Not\u00edcias e comunicados de imprensa | PeruRail Cargo","isPartOf":{"@id":"https:\/\/www.perurail.com\/pt-br\/#website"},"datePublished":"2026-04-22T21:57:28+00:00","dateModified":"2026-04-22T22:00:09+00:00","description":"Mantenha-se informado sobre as novidades e os comunicados relativos aos nossos servi\u00e7os PeruRail Cargo","breadcrumb":{"@id":"https:\/\/www.perurail.com\/pt-br\/cargo\/noticias\/#breadcrumb"},"inLanguage":"pt-BR","potentialAction":[{"@type":"ReadAction","target":["https:\/\/www.perurail.com\/pt-br\/cargo\/noticias\/"]}]},{"@type":"BreadcrumbList","@id":"https:\/\/www.perurail.com\/pt-br\/cargo\/noticias\/#breadcrumb","itemListElement":[{"@type":"ListItem","position":1,"name":"PRC HOME","item":"https:\/\/www.perurail.com\/pt-br\/cargo\/"},{"@type":"ListItem","position":2,"name":"PRC NOT\u00cdCIAS"}]},{"@type":"WebSite","@id":"https:\/\/www.perurail.com\/pt-br\/#website","url":"https:\/\/www.perurail.com\/pt-br\/","name":"Train to Machu Picchu - Ollantaytambo - Cusco | Peru Rail | Deals | Perurail","description":"","potentialAction":[{"@type":"SearchAction","target":{"@type":"EntryPoint","urlTemplate":"https:\/\/www.perurail.com\/pt-br\/?s={search_term_string}"},"query-input":{"@type":"PropertyValueSpecification","valueRequired":true,"valueName":"search_term_string"}}],"inLanguage":"pt-BR"}]}},"_links":{"self":[{"href":"https:\/\/www.perurail.com\/pt-br\/wp-json\/wp\/v2\/pages\/110261","targetHints":{"allow":["GET"]}}],"collection":[{"href":"https:\/\/www.perurail.com\/pt-br\/wp-json\/wp\/v2\/pages"}],"about":[{"href":"https:\/\/www.perurail.com\/pt-br\/wp-json\/wp\/v2\/types\/page"}],"author":[{"embeddable":true,"href":"https:\/\/www.perurail.com\/pt-br\/wp-json\/wp\/v2\/users\/2"}],"replies":[{"embeddable":true,"href":"https:\/\/www.perurail.com\/pt-br\/wp-json\/wp\/v2\/comments?post=110261"}],"version-history":[{"count":8,"href":"https:\/\/www.perurail.com\/pt-br\/wp-json\/wp\/v2\/pages\/110261\/revisions"}],"predecessor-version":[{"id":110269,"href":"https:\/\/www.perurail.com\/pt-br\/wp-json\/wp\/v2\/pages\/110261\/revisions\/110269"}],"up":[{"embeddable":true,"href":"https:\/\/www.perurail.com\/pt-br\/wp-json\/wp\/v2\/pages\/105169"}],"wp:attachment":[{"href":"https:\/\/www.perurail.com\/pt-br\/wp-json\/wp\/v2\/media?parent=110261"}],"curies":[{"name":"wp","href":"https:\/\/api.w.org\/{rel}","templated":true}]}}