{"id":70113,"date":"2025-08-05T19:21:14","date_gmt":"2025-08-06T00:21:14","guid":{"rendered":"https:\/\/www.perurail.com\/?page_id=70113"},"modified":"2025-08-07T11:19:41","modified_gmt":"2025-08-07T16:19:41","slug":"altitude-e-clima-de-machu-picchu","status":"publish","type":"page","link":"https:\/\/www.perurail.com\/pt-br\/altitude-e-clima-de-machu-picchu\/","title":{"rendered":"Altitude e Clima de Machu Picchu"},"content":{"rendered":"\t\t<div data-elementor-type=\"wp-page\" data-elementor-id=\"70113\" class=\"elementor elementor-70113\" data-elementor-post-type=\"page\">\n\t\t\t\t<div class=\"elementor-element elementor-element-23e86a29 e-flex e-con-boxed e-con e-parent\" data-id=\"23e86a29\" data-element_type=\"container\" data-settings=\"{&quot;background_background&quot;:&quot;classic&quot;}\">\n\t\t\t\t\t<div class=\"e-con-inner\">\n\t\t\t\t<div class=\"elementor-element elementor-element-14e9ee37 elementor-widget__width-inherit elementor-widget elementor-widget-heading\" data-id=\"14e9ee37\" data-element_type=\"widget\" data-widget_type=\"heading.default\">\n\t\t\t\t<div class=\"elementor-widget-container\">\n\t\t\t\t\t<h2 class=\"elementor-heading-title elementor-size-default\">Altitude e Clima de <br>Machu Picchu<\/h2>\t\t\t\t<\/div>\n\t\t\t\t<\/div>\n\t\t\t\t\t<\/div>\n\t\t\t\t<\/div>\n\t\t<div class=\"elementor-element elementor-element-172f7c9d e-flex e-con-boxed e-con e-parent\" data-id=\"172f7c9d\" data-element_type=\"container\">\n\t\t\t\t\t<div class=\"e-con-inner\">\n\t\t\t\t<div class=\"elementor-element elementor-element-3a66935b elementor-widget elementor-widget-text-editor\" data-id=\"3a66935b\" data-element_type=\"widget\" data-widget_type=\"text-editor.default\">\n\t\t\t\t<div class=\"elementor-widget-container\">\n\t\t\t\t\t\t\t\t\tDescubra tudo sobre a altitude e o clima de Machu Picchu, um dos destinos tur\u00edsticos mais fascinantes do mundo. Aqui voc\u00ea encontrar\u00e1 informa\u00e7\u00f5es sobre as temperaturas m\u00e9dias, as melhores \u00e9pocas para visitar e como se preparar para a altitude deste lugar ic\u00f4nico. Explore dicas \u00fateis para tornar sua experi\u00eancia confort\u00e1vel, segura e inesquec\u00edvel.\t\t\t\t\t\t\t\t<\/div>\n\t\t\t\t<\/div>\n\t\t\t\t\t<\/div>\n\t\t\t\t<\/div>\n\t\t<div class=\"elementor-element elementor-element-1924f2d2 e-flex e-con-boxed e-con e-parent\" data-id=\"1924f2d2\" data-element_type=\"container\">\n\t\t\t\t\t<div class=\"e-con-inner\">\n\t\t\t\t<div class=\"elementor-element elementor-element-5a200d41 elementor-widget elementor-widget-heading\" data-id=\"5a200d41\" data-element_type=\"widget\" data-widget_type=\"heading.default\">\n\t\t\t\t<div class=\"elementor-widget-container\">\n\t\t\t\t\t<h2 class=\"elementor-heading-title elementor-size-default\">Qual \u00e9 a altitude de Machu Picchu? <\/h2>\t\t\t\t<\/div>\n\t\t\t\t<\/div>\n\t\t\t\t<div class=\"elementor-element elementor-element-54836a30 elementor-widget elementor-widget-text-editor\" data-id=\"54836a30\" data-element_type=\"widget\" data-widget_type=\"text-editor.default\">\n\t\t\t\t<div class=\"elementor-widget-container\">\n\t\t\t\t\t\t\t\t\t<p>Localizada a <strong>2.430<\/strong> metros acima do n\u00edvel do mar, Machu Picchu est\u00e1 em uma altitude inferior \u00e0 de Cusco (3.400 m), o que a torna mais acess\u00edvel e confort\u00e1vel para a maioria dos viajantes. Descubra como a altitude deste destino mundialmente famoso pode influenciar sua visita e confira dicas para aproveitar ao m\u00e1ximo sua viagem.<\/p>\t\t\t\t\t\t\t\t<\/div>\n\t\t\t\t<\/div>\n\t\t\t\t<div class=\"elementor-element elementor-element-6fe892cc e-n-tabs-mobile elementor-widget elementor-widget-n-tabs\" data-id=\"6fe892cc\" data-element_type=\"widget\" data-settings=\"{&quot;tabs_justify_horizontal&quot;:&quot;stretch&quot;,&quot;horizontal_scroll&quot;:&quot;disable&quot;}\" data-widget_type=\"nested-tabs.default\">\n\t\t\t\t<div class=\"elementor-widget-container\">\n\t\t\t\t\t\t\t<div class=\"e-n-tabs\" data-widget-number=\"1877512908\" aria-label=\"Abas. Abra itens com &quot;Enter&quot; ou &quot;Espa\u00e7o&quot;, feche com &quot;Escape&quot; e navegue usando as teclas de &quot;Seta&quot;.\">\n\t\t\t<div class=\"e-n-tabs-heading\" role=\"tablist\">\n\t\t\t\t\t<button id=\"e-n-tab-title-18775129081\" class=\"e-n-tab-title\" aria-selected=\"true\" data-tab-index=\"1\" role=\"tab\" tabindex=\"0\" aria-controls=\"e-n-tab-content-18775129081\" style=\"--n-tabs-title-order: 1;\">\n\t\t\t\t\t\t<span class=\"e-n-tab-title-text\">\n\t\t\t\tPrepara\u00e7\u00e3o para sua <br>viagem a Machu Picchu \t\t\t<\/span>\n\t\t<\/button>\n\t\t\t\t<button id=\"e-n-tab-title-18775129082\" class=\"e-n-tab-title\" aria-selected=\"false\" data-tab-index=\"2\" role=\"tab\" tabindex=\"-1\" aria-controls=\"e-n-tab-content-18775129082\" style=\"--n-tabs-title-order: 2;\">\n\t\t\t\t\t\t<span class=\"e-n-tab-title-text\">\n\t\t\t\tO que fazer em caso de <br>mal-estar devido \u00e0 altitude \t\t\t<\/span>\n\t\t<\/button>\n\t\t\t\t\t<\/div>\n\t\t\t<div class=\"e-n-tabs-content\">\n\t\t\t\t<div id=\"e-n-tab-content-18775129081\" role=\"tabpanel\" aria-labelledby=\"e-n-tab-title-18775129081\" data-tab-index=\"1\" style=\"--n-tabs-title-order: 1;\" class=\"e-active elementor-element elementor-element-3bf978a9 e-con-full e-flex e-con e-child\" data-id=\"3bf978a9\" data-element_type=\"container\">\n\t\t<div class=\"elementor-element elementor-element-52da6c63 e-con-full e-flex e-con e-child\" data-id=\"52da6c63\" data-element_type=\"container\" data-settings=\"{&quot;background_background&quot;:&quot;classic&quot;}\">\n\t\t\t\t<\/div>\n\t\t<div class=\"elementor-element elementor-element-56fcebb3 e-con-full e-flex e-con e-child\" data-id=\"56fcebb3\" data-element_type=\"container\">\n\t\t\t\t<div class=\"elementor-element elementor-element-51d02e3e elementor-widget elementor-widget-text-editor\" data-id=\"51d02e3e\" data-element_type=\"widget\" data-widget_type=\"text-editor.default\">\n\t\t\t\t<div class=\"elementor-widget-container\">\n\t\t\t\t\t\t\t\t\t<p>Confira dicas pr\u00e1ticas para prevenir desconfortos relacionados \u00e0 altitude e curtir sua aventura ao m\u00e1ximo:<\/p><ul><li><p><strong>Aclimata\u00e7\u00e3o:<\/strong> Reserve pelo menos um ou dois dias em Cusco ou no Vale Sagrado antes de visitar Machu Picchu. Durante esse per\u00edodo, evite atividades f\u00edsicas intensas para permitir que seu corpo se adapte gradualmente \u00e0 altitude.<\/p><\/li><li><p><strong>Hidrata\u00e7\u00e3o:<\/strong> Beba de 2 a 3 litros de \u00e1gua por dia, especialmente antes e durante a visita. Use uma garrafa reutiliz\u00e1vel para se manter hidratado e reduzir o uso de pl\u00e1stico.<\/p><\/li><li><p><strong>Alimenta\u00e7\u00e3o:<\/strong> Prefira refei\u00e7\u00f5es leves e equilibradas, com carboidratos e alimentos de f\u00e1cil digest\u00e3o. Evite comidas pesadas ou muito gordurosas.<\/p><\/li><li><p><strong>Descanso adequado:<\/strong> Durma bem na noite anterior \u00e0 visita. Se poss\u00edvel, fique no hotel por pelo menos uma hora antes de sair para Machu Picchu, para relaxar e se preparar com tranquilidade.<\/p><\/li><li><p><strong>Infus\u00f5es tradicionais:<\/strong> Tomar ch\u00e1 de coca ou chupar balas de lim\u00e3o pode ajudar a prevenir os efeitos da altitude. Essas op\u00e7\u00f5es locais s\u00e3o populares e eficazes.<\/p><\/li><\/ul>\t\t\t\t\t\t\t\t<\/div>\n\t\t\t\t<\/div>\n\t\t\t\t<\/div>\n\t\t\t\t<\/div>\n\t\t<div id=\"e-n-tab-content-18775129082\" role=\"tabpanel\" aria-labelledby=\"e-n-tab-title-18775129082\" data-tab-index=\"2\" style=\"--n-tabs-title-order: 2;\" class=\" elementor-element elementor-element-4b38706b e-con-full e-flex e-con e-child\" data-id=\"4b38706b\" data-element_type=\"container\">\n\t\t<div class=\"elementor-element elementor-element-4592649b e-con-full e-flex e-con e-child\" data-id=\"4592649b\" data-element_type=\"container\" data-settings=\"{&quot;background_background&quot;:&quot;classic&quot;}\">\n\t\t\t\t<\/div>\n\t\t<div class=\"elementor-element elementor-element-4e94efb5 e-con-full e-flex e-con e-child\" data-id=\"4e94efb5\" data-element_type=\"container\">\n\t\t\t\t<div class=\"elementor-element elementor-element-22edc00c elementor-widget elementor-widget-text-editor\" data-id=\"22edc00c\" data-element_type=\"widget\" data-widget_type=\"text-editor.default\">\n\t\t\t\t<div class=\"elementor-widget-container\">\n\t\t\t\t\t\t\t\t\t<p>Embora a altitude de Machu Picchu seja relativamente baixa, o que reduz o risco de mal-estar, aqui est\u00e3o algumas dicas \u00fateis caso voc\u00ea sinta algum desconforto:<\/p><ul><li><p><strong>Descanse e fa\u00e7a pausas:<\/strong> Se sentir tontura ou cansa\u00e7o, procure um local tranquilo para sentar e recuperar o f\u00f4lego. Caminhar em ritmo lento ajuda a evitar o desgaste.<\/p><\/li><li><p><strong>Infus\u00f5es de ervas:<\/strong> Leve saquinhos de ch\u00e1 de coca ou balas de lim\u00e3o, ambos conhecidos por seus benef\u00edcios em altitudes elevadas.<\/p><\/li><li><p><strong>Oxig\u00eanio suplementar:<\/strong> Alguns hot\u00e9is e servi\u00e7os tur\u00edsticos oferecem tanques de oxig\u00eanio. Ter acesso a isso pode ser \u00fatil se os sintomas persistirem.<\/p><\/li><li><p><strong>Mantenha-se aquecido:<\/strong> As temperaturas podem ser frias, especialmente nas primeiras horas do dia. Vista-se em camadas e proteja-se do frio.<\/p><\/li><\/ul>\t\t\t\t\t\t\t\t<\/div>\n\t\t\t\t<\/div>\n\t\t\t\t<\/div>\n\t\t\t\t<\/div>\n\t\t\t\t\t<\/div>\n\t\t<\/div>\n\t\t\t\t\t\t<\/div>\n\t\t\t\t<\/div>\n\t\t\t\t\t<\/div>\n\t\t\t\t<\/div>\n\t\t<div class=\"elementor-element elementor-element-32eeb3f0 e-flex e-con-boxed e-con e-parent\" data-id=\"32eeb3f0\" data-element_type=\"container\" data-settings=\"{&quot;background_background&quot;:&quot;classic&quot;}\">\n\t\t\t\t\t<div class=\"e-con-inner\">\n\t\t\t\t<div class=\"elementor-element elementor-element-1d7ab80 elementor-widget elementor-widget-heading\" data-id=\"1d7ab80\" data-element_type=\"widget\" data-widget_type=\"heading.default\">\n\t\t\t\t<div class=\"elementor-widget-container\">\n\t\t\t\t\t<h2 class=\"elementor-heading-title elementor-size-default\">Como \u00e9 o clima em Machu Picchu?<\/h2>\t\t\t\t<\/div>\n\t\t\t\t<\/div>\n\t\t\t\t<div class=\"elementor-element elementor-element-3d1eb554 elementor-widget elementor-widget-text-editor\" data-id=\"3d1eb554\" data-element_type=\"widget\" data-widget_type=\"text-editor.default\">\n\t\t\t\t<div class=\"elementor-widget-container\">\n\t\t\t\t\t\t\t\t\tMachu Picchu possui um clima subtropical agrad\u00e1vel durante todo o ano, tornando-se um destino ideal para amantes da natureza e exploradores. Os dias s\u00e3o quentes e as noites frescas, com temperaturas m\u00e9dias entre 12\u00b0C e 24\u00b0C. As madrugadas e manh\u00e3s costumam ser mais frias.\t\t\t\t\t\t\t\t<\/div>\n\t\t\t\t<\/div>\n\t\t\t\t<div class=\"elementor-element elementor-element-7fcd496 e-n-tabs-mobile elementor-widget elementor-widget-n-tabs\" data-id=\"7fcd496\" data-element_type=\"widget\" data-settings=\"{&quot;tabs_justify_horizontal&quot;:&quot;stretch&quot;,&quot;horizontal_scroll&quot;:&quot;disable&quot;}\" data-widget_type=\"nested-tabs.default\">\n\t\t\t\t<div class=\"elementor-widget-container\">\n\t\t\t\t\t\t\t<div class=\"e-n-tabs\" data-widget-number=\"134010006\" aria-label=\"Abas. Abra itens com &quot;Enter&quot; ou &quot;Espa\u00e7o&quot;, feche com &quot;Escape&quot; e navegue usando as teclas de &quot;Seta&quot;.\">\n\t\t\t<div class=\"e-n-tabs-heading\" role=\"tablist\">\n\t\t\t\t\t<button id=\"e-n-tab-title-1340100061\" class=\"e-n-tab-title\" aria-selected=\"true\" data-tab-index=\"1\" role=\"tab\" tabindex=\"0\" aria-controls=\"e-n-tab-content-1340100061\" style=\"--n-tabs-title-order: 1;\">\n\t\t\t\t\t\t<span class=\"e-n-tab-title-text\">\n\t\t\t\tEsta\u00e7\u00e3o Seca<br> (Maio a Outubro) \t\t\t<\/span>\n\t\t<\/button>\n\t\t\t\t<button id=\"e-n-tab-title-1340100062\" class=\"e-n-tab-title\" aria-selected=\"false\" data-tab-index=\"2\" role=\"tab\" tabindex=\"-1\" aria-controls=\"e-n-tab-content-1340100062\" style=\"--n-tabs-title-order: 2;\">\n\t\t\t\t\t\t<span class=\"e-n-tab-title-text\">\n\t\t\t\tEsta\u00e7\u00e3o Chuvosa<br> (Novembro a Abril) \t\t\t<\/span>\n\t\t<\/button>\n\t\t\t\t\t<\/div>\n\t\t\t<div class=\"e-n-tabs-content\">\n\t\t\t\t<div id=\"e-n-tab-content-1340100061\" role=\"tabpanel\" aria-labelledby=\"e-n-tab-title-1340100061\" data-tab-index=\"1\" style=\"--n-tabs-title-order: 1;\" class=\"e-active elementor-element elementor-element-59d6ae34 e-con-full e-flex e-con e-child\" data-id=\"59d6ae34\" data-element_type=\"container\">\n\t\t<div class=\"elementor-element elementor-element-5ccfe0c e-con-full e-flex e-con e-child\" data-id=\"5ccfe0c\" data-element_type=\"container\" data-settings=\"{&quot;background_background&quot;:&quot;classic&quot;}\">\n\t\t\t\t<\/div>\n\t\t<div class=\"elementor-element elementor-element-7b05cef9 e-con-full e-flex e-con e-child\" data-id=\"7b05cef9\" data-element_type=\"container\">\n\t\t\t\t<div class=\"elementor-element elementor-element-62011d61 elementor-widget elementor-widget-text-editor\" data-id=\"62011d61\" data-element_type=\"widget\" data-widget_type=\"text-editor.default\">\n\t\t\t\t<div class=\"elementor-widget-container\">\n\t\t\t\t\t\t\t\t\t<ul><li><strong>Caracter\u00edsticas:<\/strong> Dias ensolarados, c\u00e9u limpo e baixa probabilidade de chuva.<\/li><li><strong>Temperatura:<\/strong> Noites mais frias, ideal para quem gosta de trilhas sem risco de chuvas inesperadas.<\/li><li><strong>Vantagens:<\/strong> Perfeito para fotografias com paisagens n\u00edtidas e condi\u00e7\u00f5es ideais para explorar.<\/li><li><strong>Recomenda\u00e7\u00f5es:<\/strong><ol><li>Use roupas leves e respir\u00e1veis durante o dia.<\/li><li>Leve um casaco ou jaqueta para as manh\u00e3s e noites.<\/li><li>Inclua \u00f3culos de sol, protetor solar e um chap\u00e9u de aba larga para se proteger dos raios UV.<\/li><\/ol><\/li><\/ul>\t\t\t\t\t\t\t\t<\/div>\n\t\t\t\t<\/div>\n\t\t\t\t<\/div>\n\t\t\t\t<\/div>\n\t\t<div id=\"e-n-tab-content-1340100062\" role=\"tabpanel\" aria-labelledby=\"e-n-tab-title-1340100062\" data-tab-index=\"2\" style=\"--n-tabs-title-order: 2;\" class=\" elementor-element elementor-element-5d252609 e-con-full e-flex e-con e-child\" data-id=\"5d252609\" data-element_type=\"container\">\n\t\t<div class=\"elementor-element elementor-element-59c95714 e-con-full e-flex e-con e-child\" data-id=\"59c95714\" data-element_type=\"container\" data-settings=\"{&quot;background_background&quot;:&quot;classic&quot;}\">\n\t\t\t\t<\/div>\n\t\t<div class=\"elementor-element elementor-element-1fb8fbac e-con-full e-flex e-con e-child\" data-id=\"1fb8fbac\" data-element_type=\"container\">\n\t\t\t\t<div class=\"elementor-element elementor-element-1a5094d0 elementor-widget elementor-widget-text-editor\" data-id=\"1a5094d0\" data-element_type=\"widget\" data-widget_type=\"text-editor.default\">\n\t\t\t\t<div class=\"elementor-widget-container\">\n\t\t\t\t\t\t\t\t\t<ul><li><p><strong>Caracter\u00edsticas:<\/strong> Maior frequ\u00eancia de chuvas, especialmente \u00e0 tarde.<\/p><\/li><li><p><strong>Temperatura:<\/strong> Clima ameno com maior umidade.<\/p><\/li><li><p><strong>Vantagens:<\/strong> Paisagens verdes exuberantes e menos turistas, ideal para uma experi\u00eancia mais tranquila.<\/p><\/li><li><p><strong>Recomenda\u00e7\u00f5es:<\/strong><\/p><ol><li><p>Leve roupas imperme\u00e1veis e de secagem r\u00e1pida.<\/p><\/li><li><p>Use capa de chuva ou jaqueta leve \u00e0 prova d\u2019\u00e1gua.<\/p><\/li><li><p>Proteja sua mochila e eletr\u00f4nicos da umidade.<\/p><\/li><li><p>Mesmo em dias nublados, use protetor solar e chap\u00e9u, pois os raios UV ainda s\u00e3o fortes.<\/p><\/li><\/ol><\/li><\/ul>\t\t\t\t\t\t\t\t<\/div>\n\t\t\t\t<\/div>\n\t\t\t\t<\/div>\n\t\t\t\t<\/div>\n\t\t\t\t\t<\/div>\n\t\t<\/div>\n\t\t\t\t\t\t<\/div>\n\t\t\t\t<\/div>\n\t\t\t\t\t<\/div>\n\t\t\t\t<\/div>\n\t\t\t\t<\/div>\n\t\t","protected":false},"excerpt":{"rendered":"<p>Altitude e Clima de Machu Picchu Descubra tudo sobre a altitude e o clima de Machu Picchu, um dos destinos tur\u00edsticos mais fascinantes do mundo. Aqui voc\u00ea encontrar\u00e1 informa\u00e7\u00f5es sobre as temperaturas m\u00e9dias, as melhores \u00e9pocas para visitar e como se preparar para a altitude deste lugar ic\u00f4nico. Explore dicas \u00fateis para tornar sua experi\u00eancia &hellip;<\/p>\n<p class=\"read-more\"> <a class=\"\" href=\"https:\/\/www.perurail.com\/pt-br\/altitude-e-clima-de-machu-picchu\/\"> <span class=\"screen-reader-text\">Altitude e Clima de Machu Picchu<\/span> Leia mais &raquo;<\/a><\/p>\n","protected":false},"author":2,"featured_media":0,"parent":0,"menu_order":0,"comment_status":"closed","ping_status":"closed","template":"","meta":{"site-sidebar-layout":"no-sidebar","site-content-layout":"","ast-site-content-layout":"full-width-container","site-content-style":"default","site-sidebar-style":"default","ast-global-header-display":"","ast-banner-title-visibility":"","ast-main-header-display":"","ast-hfb-above-header-display":"","ast-hfb-below-header-display":"","ast-hfb-mobile-header-display":"","site-post-title":"disabled","ast-breadcrumbs-content":"","ast-featured-img":"disabled","footer-sml-layout":"","theme-transparent-header-meta":"","adv-header-id-meta":"","stick-header-meta":"","header-above-stick-meta":"","header-main-stick-meta":"","header-below-stick-meta":"","astra-migrate-meta-layouts":"default","ast-page-background-enabled":"default","ast-page-background-meta":{"desktop":{"background-color":"var(--ast-global-color-4)","background-image":"","background-repeat":"repeat","background-position":"center center","background-size":"auto","background-attachment":"scroll","background-type":"","background-media":"","overlay-type":"","overlay-color":"","overlay-gradient":""},"tablet":{"background-color":"","background-image":"","background-repeat":"repeat","background-position":"center center","background-size":"auto","background-attachment":"scroll","background-type":"","background-media":"","overlay-type":"","overlay-color":"","overlay-gradient":""},"mobile":{"background-color":"","background-image":"","background-repeat":"repeat","background-position":"center center","background-size":"auto","background-attachment":"scroll","background-type":"","background-media":"","overlay-type":"","overlay-color":"","overlay-gradient":""}},"ast-content-background-meta":{"desktop":{"background-color":"var(--ast-global-color-5)","background-image":"","background-repeat":"repeat","background-position":"center center","background-size":"auto","background-attachment":"scroll","background-type":"","background-media":"","overlay-type":"","overlay-color":"","overlay-gradient":""},"tablet":{"background-color":"var(--ast-global-color-5)","background-image":"","background-repeat":"repeat","background-position":"center center","background-size":"auto","background-attachment":"scroll","background-type":"","background-media":"","overlay-type":"","overlay-color":"","overlay-gradient":""},"mobile":{"background-color":"var(--ast-global-color-5)","background-image":"","background-repeat":"repeat","background-position":"center center","background-size":"auto","background-attachment":"scroll","background-type":"","background-media":"","overlay-type":"","overlay-color":"","overlay-gradient":""}},"footnotes":""},"class_list":["post-70113","page","type-page","status-publish","hentry"],"yoast_head":"<!-- This site is optimized with the Yoast SEO plugin v25.9 - https:\/\/yoast.com\/wordpress\/plugins\/seo\/ -->\n<title>Altitude e Clima de Machu Picchu: Guia Completo para Viajantes 2025<\/title>\n<meta name=\"description\" content=\"Descubra a altitude de Machu Picchu, o clima por esta\u00e7\u00e3o e dicas essenciais para se aclimatar e aproveitar sua visita. Informa\u00e7\u00f5es atualizadas para 2025.\" \/>\n<meta name=\"robots\" content=\"index, follow, max-snippet:-1, max-image-preview:large, max-video-preview:-1\" \/>\n<link rel=\"canonical\" href=\"https:\/\/www.perurail.com\/pt-br\/altitude-e-clima-de-machu-picchu\/\" \/>\n<meta property=\"og:locale\" content=\"pt_BR\" \/>\n<meta property=\"og:type\" content=\"article\" \/>\n<meta property=\"og:title\" content=\"Altitude e Clima de Machu Picchu: Guia Completo para Viajantes 2025\" \/>\n<meta property=\"og:description\" content=\"Descubra a altitude de Machu Picchu, o clima por esta\u00e7\u00e3o e dicas essenciais para se aclimatar e aproveitar sua visita. Informa\u00e7\u00f5es atualizadas para 2025.\" \/>\n<meta property=\"og:url\" content=\"https:\/\/www.perurail.com\/pt-br\/altitude-e-clima-de-machu-picchu\/\" \/>\n<meta property=\"og:site_name\" content=\"Train to Machu Picchu - Ollantaytambo - Cusco | Peru Rail | Deals | Perurail\" \/>\n<meta property=\"article:modified_time\" content=\"2025-08-07T16:19:41+00:00\" \/>\n<meta property=\"og:image\" content=\"https:\/\/www.perurail.com\/wp-content\/uploads\/2025\/08\/portada-altura-clima-machu-picchu-e1754431972937-1.webp\" \/>\n\t<meta property=\"og:image:width\" content=\"1200\" \/>\n\t<meta property=\"og:image:height\" content=\"675\" \/>\n\t<meta property=\"og:image:type\" content=\"image\/webp\" \/>\n<meta name=\"twitter:card\" content=\"summary_large_image\" \/>\n<meta name=\"twitter:label1\" content=\"Est. tempo de leitura\" \/>\n\t<meta name=\"twitter:data1\" content=\"5 minutos\" \/>\n<script type=\"application\/ld+json\" class=\"yoast-schema-graph\">{\"@context\":\"https:\/\/schema.org\",\"@graph\":[{\"@type\":\"WebPage\",\"@id\":\"https:\/\/www.perurail.com\/pt-br\/altitude-e-clima-de-machu-picchu\/\",\"url\":\"https:\/\/www.perurail.com\/pt-br\/altitude-e-clima-de-machu-picchu\/\",\"name\":\"Altitude e Clima de Machu Picchu: Guia Completo para Viajantes 2025\",\"isPartOf\":{\"@id\":\"https:\/\/www.perurail.com\/pt-br\/#website\"},\"datePublished\":\"2025-08-06T00:21:14+00:00\",\"dateModified\":\"2025-08-07T16:19:41+00:00\",\"description\":\"Descubra a altitude de Machu Picchu, o clima por esta\u00e7\u00e3o e dicas essenciais para se aclimatar e aproveitar sua visita. Informa\u00e7\u00f5es atualizadas para 2025.\",\"inLanguage\":\"pt-BR\",\"potentialAction\":[{\"@type\":\"ReadAction\",\"target\":[\"https:\/\/www.perurail.com\/pt-br\/altitude-e-clima-de-machu-picchu\/\"]}]},{\"@type\":\"WebSite\",\"@id\":\"https:\/\/www.perurail.com\/pt-br\/#website\",\"url\":\"https:\/\/www.perurail.com\/pt-br\/\",\"name\":\"Train to Machu Picchu - Ollantaytambo - Cusco | Peru Rail | Deals | Perurail\",\"description\":\"\",\"potentialAction\":[{\"@type\":\"SearchAction\",\"target\":{\"@type\":\"EntryPoint\",\"urlTemplate\":\"https:\/\/www.perurail.com\/pt-br\/?s={search_term_string}\"},\"query-input\":{\"@type\":\"PropertyValueSpecification\",\"valueRequired\":true,\"valueName\":\"search_term_string\"}}],\"inLanguage\":\"pt-BR\"}]}<\/script>\n<!-- \/ Yoast SEO plugin. -->","yoast_head_json":{"title":"Altitude e Clima de Machu Picchu: Guia Completo para Viajantes 2025","description":"Descubra a altitude de Machu Picchu, o clima por esta\u00e7\u00e3o e dicas essenciais para se aclimatar e aproveitar sua visita. Informa\u00e7\u00f5es atualizadas para 2025.","robots":{"index":"index","follow":"follow","max-snippet":"max-snippet:-1","max-image-preview":"max-image-preview:large","max-video-preview":"max-video-preview:-1"},"canonical":"https:\/\/www.perurail.com\/pt-br\/altitude-e-clima-de-machu-picchu\/","og_locale":"pt_BR","og_type":"article","og_title":"Altitude e Clima de Machu Picchu: Guia Completo para Viajantes 2025","og_description":"Descubra a altitude de Machu Picchu, o clima por esta\u00e7\u00e3o e dicas essenciais para se aclimatar e aproveitar sua visita. Informa\u00e7\u00f5es atualizadas para 2025.","og_url":"https:\/\/www.perurail.com\/pt-br\/altitude-e-clima-de-machu-picchu\/","og_site_name":"Train to Machu Picchu - Ollantaytambo - Cusco | Peru Rail | Deals | Perurail","article_modified_time":"2025-08-07T16:19:41+00:00","og_image":[{"width":1200,"height":675,"url":"https:\/\/www.perurail.com\/wp-content\/uploads\/2025\/08\/portada-altura-clima-machu-picchu-e1754431972937-1.webp","type":"image\/webp"}],"twitter_card":"summary_large_image","twitter_misc":{"Est. tempo de leitura":"5 minutos"},"schema":{"@context":"https:\/\/schema.org","@graph":[{"@type":"WebPage","@id":"https:\/\/www.perurail.com\/pt-br\/altitude-e-clima-de-machu-picchu\/","url":"https:\/\/www.perurail.com\/pt-br\/altitude-e-clima-de-machu-picchu\/","name":"Altitude e Clima de Machu Picchu: Guia Completo para Viajantes 2025","isPartOf":{"@id":"https:\/\/www.perurail.com\/pt-br\/#website"},"datePublished":"2025-08-06T00:21:14+00:00","dateModified":"2025-08-07T16:19:41+00:00","description":"Descubra a altitude de Machu Picchu, o clima por esta\u00e7\u00e3o e dicas essenciais para se aclimatar e aproveitar sua visita. Informa\u00e7\u00f5es atualizadas para 2025.","inLanguage":"pt-BR","potentialAction":[{"@type":"ReadAction","target":["https:\/\/www.perurail.com\/pt-br\/altitude-e-clima-de-machu-picchu\/"]}]},{"@type":"WebSite","@id":"https:\/\/www.perurail.com\/pt-br\/#website","url":"https:\/\/www.perurail.com\/pt-br\/","name":"Train to Machu Picchu - Ollantaytambo - Cusco | Peru Rail | Deals | Perurail","description":"","potentialAction":[{"@type":"SearchAction","target":{"@type":"EntryPoint","urlTemplate":"https:\/\/www.perurail.com\/pt-br\/?s={search_term_string}"},"query-input":{"@type":"PropertyValueSpecification","valueRequired":true,"valueName":"search_term_string"}}],"inLanguage":"pt-BR"}]}},"_links":{"self":[{"href":"https:\/\/www.perurail.com\/pt-br\/wp-json\/wp\/v2\/pages\/70113","targetHints":{"allow":["GET"]}}],"collection":[{"href":"https:\/\/www.perurail.com\/pt-br\/wp-json\/wp\/v2\/pages"}],"about":[{"href":"https:\/\/www.perurail.com\/pt-br\/wp-json\/wp\/v2\/types\/page"}],"author":[{"embeddable":true,"href":"https:\/\/www.perurail.com\/pt-br\/wp-json\/wp\/v2\/users\/2"}],"replies":[{"embeddable":true,"href":"https:\/\/www.perurail.com\/pt-br\/wp-json\/wp\/v2\/comments?post=70113"}],"version-history":[{"count":17,"href":"https:\/\/www.perurail.com\/pt-br\/wp-json\/wp\/v2\/pages\/70113\/revisions"}],"predecessor-version":[{"id":70137,"href":"https:\/\/www.perurail.com\/pt-br\/wp-json\/wp\/v2\/pages\/70113\/revisions\/70137"}],"wp:attachment":[{"href":"https:\/\/www.perurail.com\/pt-br\/wp-json\/wp\/v2\/media?parent=70113"}],"curies":[{"name":"wp","href":"https:\/\/api.w.org\/{rel}","templated":true}]}}