{"id":83610,"date":"2025-07-18T11:18:04","date_gmt":"2025-07-18T16:18:04","guid":{"rendered":"https:\/\/www.perurail.com\/?page_id=83610"},"modified":"2025-11-26T11:24:44","modified_gmt":"2025-11-26T16:24:44","slug":"venda-a-bordo","status":"publish","type":"page","link":"https:\/\/www.perurail.com\/pt-br\/venda-a-bordo\/","title":{"rendered":"Venda a bordo"},"content":{"rendered":"\t\t<div data-elementor-type=\"wp-page\" data-elementor-id=\"83610\" class=\"elementor elementor-83610\" data-elementor-post-type=\"page\">\n\t\t\t\t<div class=\"elementor-element elementor-element-4a7f1139 e-flex e-con-boxed e-con e-parent\" data-id=\"4a7f1139\" data-element_type=\"container\" data-settings=\"{&quot;background_background&quot;:&quot;classic&quot;}\">\n\t\t\t\t\t<div class=\"e-con-inner\">\n\t\t\t\t<div class=\"elementor-element elementor-element-2509821a elementor-widget elementor-widget-heading\" data-id=\"2509821a\" data-element_type=\"widget\" data-widget_type=\"heading.default\">\n\t\t\t\t<div class=\"elementor-widget-container\">\n\t\t\t\t\t<h2 class=\"elementor-heading-title elementor-size-default\">Venda a bordo<\/h2>\t\t\t\t<\/div>\n\t\t\t\t<\/div>\n\t\t\t\t\t<\/div>\n\t\t\t\t<\/div>\n\t\t<div class=\"elementor-element elementor-element-44c07160 e-flex e-con-boxed e-con e-parent\" data-id=\"44c07160\" data-element_type=\"container\">\n\t\t\t\t\t<div class=\"e-con-inner\">\n\t\t\t\t<div class=\"elementor-element elementor-element-500b8aad elementor-widget elementor-widget-text-editor\" data-id=\"500b8aad\" data-element_type=\"widget\" data-widget_type=\"text-editor.default\">\n\t\t\t\t<div class=\"elementor-widget-container\">\n\t\t\t\t\t\t\t\t\tAproveite ainda mais sua viagem a Machu Picchu ou Cusco com a PeruRail. A bordo do trem, voc\u00ea encontrar\u00e1 uma sele\u00e7\u00e3o cuidadosamente escolhida de lanches salgados, doces, bebidas, lembran\u00e7as e muito mais. Tudo pensado para que voc\u00ea tenha uma experi\u00eancia confort\u00e1vel, deliciosa e memor\u00e1vel enquanto se aproxima de uma das maravilhas do mundo.\t\t\t\t\t\t\t\t<\/div>\n\t\t\t\t<\/div>\n\t\t\t\t<div class=\"elementor-element elementor-element-2ac7ca7c elementor-align-center elementor-mobile-align-center elementor-widget elementor-widget-button\" data-id=\"2ac7ca7c\" data-element_type=\"widget\" data-widget_type=\"button.default\">\n\t\t\t\t<div class=\"elementor-widget-container\">\n\t\t\t\t\t\t\t\t\t<div class=\"elementor-button-wrapper\">\n\t\t\t\t\t<a class=\"elementor-button elementor-button-link elementor-size-sm\" href=\"https:\/\/www.perurail.com\/wp-content\/uploads\/2025\/11\/Catalogo-Alpaca-merch-AB-PeruRail-2025-final.pdf\" target=\"_blank\">\n\t\t\t\t\t\t<span class=\"elementor-button-content-wrapper\">\n\t\t\t\t\t\t\t\t\t<span class=\"elementor-button-text\">Baixar cat\u00e1logo<\/span>\n\t\t\t\t\t<\/span>\n\t\t\t\t\t<\/a>\n\t\t\t\t<\/div>\n\t\t\t\t\t\t\t\t<\/div>\n\t\t\t\t<\/div>\n\t\t\t\t\t<\/div>\n\t\t\t\t<\/div>\n\t\t<div class=\"elementor-element elementor-element-f2573cd e-flex e-con-boxed e-con e-parent\" data-id=\"f2573cd\" data-element_type=\"container\" data-settings=\"{&quot;background_background&quot;:&quot;classic&quot;}\">\n\t\t\t\t\t<div class=\"e-con-inner\">\n\t\t\t\t<div class=\"elementor-element elementor-element-a5a7ecd elementor-widget-tablet__width-inherit elementor-widget elementor-widget-html\" data-id=\"a5a7ecd\" data-element_type=\"widget\" data-widget_type=\"html.default\">\n\t\t\t\t<div class=\"elementor-widget-container\">\n\t\t\t\t\t<div class=\"pdf-container\">\n<embed src=\"https:\/\/www.perurail.com\/wp-content\/uploads\/2025\/11\/Catalogo-Alpaca-merch-AB-PeruRail-2025-final.pdf#toolbar=0\" type=\"application\/pdf\" width=\"800\" height=\"1080\">\n<\/div>\t\t\t\t<\/div>\n\t\t\t\t<\/div>\n\t\t\t\t\t<\/div>\n\t\t\t\t<\/div>\n\t\t\t\t<\/div>\n\t\t","protected":false},"excerpt":{"rendered":"<p>Venda a bordo Aproveite ainda mais sua viagem a Machu Picchu ou Cusco com a PeruRail. A bordo do trem, voc\u00ea encontrar\u00e1 uma sele\u00e7\u00e3o cuidadosamente escolhida de lanches salgados, doces, bebidas, lembran\u00e7as e muito mais. Tudo pensado para que voc\u00ea tenha uma experi\u00eancia confort\u00e1vel, deliciosa e memor\u00e1vel enquanto se aproxima de uma das maravilhas do &hellip;<\/p>\n<p class=\"read-more\"> <a class=\"\" href=\"https:\/\/www.perurail.com\/pt-br\/venda-a-bordo\/\"> <span class=\"screen-reader-text\">Venda a bordo<\/span> Leia mais &raquo;<\/a><\/p>\n","protected":false},"author":2,"featured_media":0,"parent":0,"menu_order":0,"comment_status":"closed","ping_status":"closed","template":"","meta":{"site-sidebar-layout":"no-sidebar","site-content-layout":"","ast-site-content-layout":"full-width-container","site-content-style":"default","site-sidebar-style":"default","ast-global-header-display":"","ast-banner-title-visibility":"","ast-main-header-display":"","ast-hfb-above-header-display":"","ast-hfb-below-header-display":"","ast-hfb-mobile-header-display":"","site-post-title":"disabled","ast-breadcrumbs-content":"","ast-featured-img":"disabled","footer-sml-layout":"","theme-transparent-header-meta":"","adv-header-id-meta":"","stick-header-meta":"","header-above-stick-meta":"","header-main-stick-meta":"","header-below-stick-meta":"","astra-migrate-meta-layouts":"default","ast-page-background-enabled":"default","ast-page-background-meta":{"desktop":{"background-color":"var(--ast-global-color-4)","background-image":"","background-repeat":"repeat","background-position":"center center","background-size":"auto","background-attachment":"scroll","background-type":"","background-media":"","overlay-type":"","overlay-color":"","overlay-gradient":""},"tablet":{"background-color":"","background-image":"","background-repeat":"repeat","background-position":"center center","background-size":"auto","background-attachment":"scroll","background-type":"","background-media":"","overlay-type":"","overlay-color":"","overlay-gradient":""},"mobile":{"background-color":"","background-image":"","background-repeat":"repeat","background-position":"center center","background-size":"auto","background-attachment":"scroll","background-type":"","background-media":"","overlay-type":"","overlay-color":"","overlay-gradient":""}},"ast-content-background-meta":{"desktop":{"background-color":"var(--ast-global-color-5)","background-image":"","background-repeat":"repeat","background-position":"center center","background-size":"auto","background-attachment":"scroll","background-type":"","background-media":"","overlay-type":"","overlay-color":"","overlay-gradient":""},"tablet":{"background-color":"var(--ast-global-color-5)","background-image":"","background-repeat":"repeat","background-position":"center center","background-size":"auto","background-attachment":"scroll","background-type":"","background-media":"","overlay-type":"","overlay-color":"","overlay-gradient":""},"mobile":{"background-color":"var(--ast-global-color-5)","background-image":"","background-repeat":"repeat","background-position":"center center","background-size":"auto","background-attachment":"scroll","background-type":"","background-media":"","overlay-type":"","overlay-color":"","overlay-gradient":""}},"footnotes":""},"class_list":["post-83610","page","type-page","status-publish","hentry"],"yoast_head":"<!-- This site is optimized with the Yoast SEO plugin v25.9 - https:\/\/yoast.com\/wordpress\/plugins\/seo\/ -->\n<title>Venda a bordo | PeruRail<\/title>\n<meta name=\"robots\" content=\"index, follow, max-snippet:-1, max-image-preview:large, max-video-preview:-1\" \/>\n<link rel=\"canonical\" href=\"https:\/\/www.perurail.com\/pt-br\/venda-a-bordo\/\" \/>\n<meta property=\"og:locale\" content=\"pt_BR\" \/>\n<meta property=\"og:type\" content=\"article\" \/>\n<meta property=\"og:title\" content=\"Venda a bordo | PeruRail\" \/>\n<meta property=\"og:description\" content=\"Venda a bordo Aproveite ainda mais sua viagem a Machu Picchu ou Cusco com a PeruRail. A bordo do trem, voc\u00ea encontrar\u00e1 uma sele\u00e7\u00e3o cuidadosamente escolhida de lanches salgados, doces, bebidas, lembran\u00e7as e muito mais. Tudo pensado para que voc\u00ea tenha uma experi\u00eancia confort\u00e1vel, deliciosa e memor\u00e1vel enquanto se aproxima de uma das maravilhas do &hellip; Venda a bordo Leia mais &raquo;\" \/>\n<meta property=\"og:url\" content=\"https:\/\/www.perurail.com\/pt-br\/venda-a-bordo\/\" \/>\n<meta property=\"og:site_name\" content=\"Train to Machu Picchu - Ollantaytambo - Cusco | Peru Rail | Deals | Perurail\" \/>\n<meta property=\"article:modified_time\" content=\"2025-11-26T16:24:44+00:00\" \/>\n<meta property=\"og:image\" content=\"https:\/\/www.perurail.com\/wp-content\/uploads\/2023\/04\/comidas-bebidas-perurail.webp\" \/>\n\t<meta property=\"og:image:width\" content=\"955\" \/>\n\t<meta property=\"og:image:height\" content=\"535\" \/>\n\t<meta property=\"og:image:type\" content=\"image\/webp\" \/>\n<meta name=\"twitter:card\" content=\"summary_large_image\" \/>\n<meta name=\"twitter:label1\" content=\"Est. tempo de leitura\" \/>\n\t<meta name=\"twitter:data1\" content=\"1 minuto\" \/>\n<script type=\"application\/ld+json\" class=\"yoast-schema-graph\">{\"@context\":\"https:\/\/schema.org\",\"@graph\":[{\"@type\":\"WebPage\",\"@id\":\"https:\/\/www.perurail.com\/pt-br\/venda-a-bordo\/\",\"url\":\"https:\/\/www.perurail.com\/pt-br\/venda-a-bordo\/\",\"name\":\"Venda a bordo | PeruRail\",\"isPartOf\":{\"@id\":\"https:\/\/www.perurail.com\/pt-br\/#website\"},\"datePublished\":\"2025-07-18T16:18:04+00:00\",\"dateModified\":\"2025-11-26T16:24:44+00:00\",\"inLanguage\":\"pt-BR\",\"potentialAction\":[{\"@type\":\"ReadAction\",\"target\":[\"https:\/\/www.perurail.com\/pt-br\/venda-a-bordo\/\"]}]},{\"@type\":\"WebSite\",\"@id\":\"https:\/\/www.perurail.com\/pt-br\/#website\",\"url\":\"https:\/\/www.perurail.com\/pt-br\/\",\"name\":\"Train to Machu Picchu - Ollantaytambo - Cusco | Peru Rail | Deals | Perurail\",\"description\":\"\",\"potentialAction\":[{\"@type\":\"SearchAction\",\"target\":{\"@type\":\"EntryPoint\",\"urlTemplate\":\"https:\/\/www.perurail.com\/pt-br\/?s={search_term_string}\"},\"query-input\":{\"@type\":\"PropertyValueSpecification\",\"valueRequired\":true,\"valueName\":\"search_term_string\"}}],\"inLanguage\":\"pt-BR\"}]}<\/script>\n<!-- \/ Yoast SEO plugin. -->","yoast_head_json":{"title":"Venda a bordo | PeruRail","robots":{"index":"index","follow":"follow","max-snippet":"max-snippet:-1","max-image-preview":"max-image-preview:large","max-video-preview":"max-video-preview:-1"},"canonical":"https:\/\/www.perurail.com\/pt-br\/venda-a-bordo\/","og_locale":"pt_BR","og_type":"article","og_title":"Venda a bordo | PeruRail","og_description":"Venda a bordo Aproveite ainda mais sua viagem a Machu Picchu ou Cusco com a PeruRail. A bordo do trem, voc\u00ea encontrar\u00e1 uma sele\u00e7\u00e3o cuidadosamente escolhida de lanches salgados, doces, bebidas, lembran\u00e7as e muito mais. Tudo pensado para que voc\u00ea tenha uma experi\u00eancia confort\u00e1vel, deliciosa e memor\u00e1vel enquanto se aproxima de uma das maravilhas do &hellip; Venda a bordo Leia mais &raquo;","og_url":"https:\/\/www.perurail.com\/pt-br\/venda-a-bordo\/","og_site_name":"Train to Machu Picchu - Ollantaytambo - Cusco | Peru Rail | Deals | Perurail","article_modified_time":"2025-11-26T16:24:44+00:00","og_image":[{"width":955,"height":535,"url":"https:\/\/www.perurail.com\/wp-content\/uploads\/2023\/04\/comidas-bebidas-perurail.webp","type":"image\/webp"}],"twitter_card":"summary_large_image","twitter_misc":{"Est. tempo de leitura":"1 minuto"},"schema":{"@context":"https:\/\/schema.org","@graph":[{"@type":"WebPage","@id":"https:\/\/www.perurail.com\/pt-br\/venda-a-bordo\/","url":"https:\/\/www.perurail.com\/pt-br\/venda-a-bordo\/","name":"Venda a bordo | PeruRail","isPartOf":{"@id":"https:\/\/www.perurail.com\/pt-br\/#website"},"datePublished":"2025-07-18T16:18:04+00:00","dateModified":"2025-11-26T16:24:44+00:00","inLanguage":"pt-BR","potentialAction":[{"@type":"ReadAction","target":["https:\/\/www.perurail.com\/pt-br\/venda-a-bordo\/"]}]},{"@type":"WebSite","@id":"https:\/\/www.perurail.com\/pt-br\/#website","url":"https:\/\/www.perurail.com\/pt-br\/","name":"Train to Machu Picchu - Ollantaytambo - Cusco | Peru Rail | Deals | Perurail","description":"","potentialAction":[{"@type":"SearchAction","target":{"@type":"EntryPoint","urlTemplate":"https:\/\/www.perurail.com\/pt-br\/?s={search_term_string}"},"query-input":{"@type":"PropertyValueSpecification","valueRequired":true,"valueName":"search_term_string"}}],"inLanguage":"pt-BR"}]}},"_links":{"self":[{"href":"https:\/\/www.perurail.com\/pt-br\/wp-json\/wp\/v2\/pages\/83610","targetHints":{"allow":["GET"]}}],"collection":[{"href":"https:\/\/www.perurail.com\/pt-br\/wp-json\/wp\/v2\/pages"}],"about":[{"href":"https:\/\/www.perurail.com\/pt-br\/wp-json\/wp\/v2\/types\/page"}],"author":[{"embeddable":true,"href":"https:\/\/www.perurail.com\/pt-br\/wp-json\/wp\/v2\/users\/2"}],"replies":[{"embeddable":true,"href":"https:\/\/www.perurail.com\/pt-br\/wp-json\/wp\/v2\/comments?post=83610"}],"version-history":[{"count":7,"href":"https:\/\/www.perurail.com\/pt-br\/wp-json\/wp\/v2\/pages\/83610\/revisions"}],"predecessor-version":[{"id":83617,"href":"https:\/\/www.perurail.com\/pt-br\/wp-json\/wp\/v2\/pages\/83610\/revisions\/83617"}],"wp:attachment":[{"href":"https:\/\/www.perurail.com\/pt-br\/wp-json\/wp\/v2\/media?parent=83610"}],"curies":[{"name":"wp","href":"https:\/\/api.w.org\/{rel}","templated":true}]}}